{"id":119,"date":"2022-02-10T08:45:47","date_gmt":"2022-02-09T23:45:47","guid":{"rendered":"https:\/\/dboratorio.tokyo\/catholicwords\/?page_id=119"},"modified":"2022-03-20T21:04:02","modified_gmt":"2022-03-20T12:04:02","slug":"b","status":"publish","type":"page","link":"https:\/\/dboratorio.tokyo\/catholicwords\/?page_id=119","title":{"rendered":"B"},"content":{"rendered":"\n<figure class=\"wp-block-table is-style-regular\"><table><tbody><tr><td>B\u00e1c \u00e1i<\/td><td>\u535a\u611b\u4e3b\u7fa9<\/td><td>Hakuaishugi<\/td><td>Philanthropy<\/td><\/tr><tr><td>B\u00e0i \u0111\u1ecdc m\u1ed9t<\/td><td>\u7b2c\u4e00\u6717\u8aad<\/td><td>Daiichi roudoku<\/td><td>First Reading<\/td><\/tr><tr><td>B\u00e0i \u0111\u1ecdc hai<\/td><td>\u7b2c\u4e8c\u6717\u8aad<\/td><td>Daini roudoku<\/td><td>Second Reading<\/td><\/tr><tr><td>B\u00e0i h\u00e1t k\u1ebft l\u1ec5<\/td><td>\u9589\u796d\u306e\u6b4c<\/td><td>Heisai no uta<\/td><td>Recessional Song\/ Hymn<\/td><\/tr><tr><td>B\u00e0i Th\u00e1nh Ca<\/td><td>\u8b83\u7f8e\u6b4c<\/td><td>Sanbika<\/td><td>Praise and Worship<\/td><\/tr><tr><td>B\u00e0i th\u1ea7n b\u00ed<\/td><td>\u975e\u795e\u8a71\u5316<\/td><td>Hishinwaka<\/td><td>Demythologization<\/td><\/tr><tr><td>B\u00e0i gi\u1ea3ng \uff08gi\u1ea3ng gi\u1ea3i L\u1eddi Ch\u00faa trong Th\u00e1nh L\u1ec5\uff09<\/td><td>\u8aac\u6559<\/td><td>Sekkyou<\/td><td>Homily<\/td><\/tr><tr><td>B\u00e1i qu\u00ec, b\u00e1i g\u1ed1i<\/td><td>\u3072\u3056\u307e\u305a\u304f<\/td><td>Hizamazuku<\/td><td>Kneel \uff08or\uff09 to genuflect<\/td><\/tr><tr><td>B\u00e0y t\u1ecf, bi\u1ec3u hi\u1ec7n, bi\u1ec3u th\u1ecb, bi\u1ec3u th\u1ecb<\/td><td>\u9855\u73fe<\/td><td>Kengen<\/td><td>Manifest<\/td><\/tr><tr><td>Ban t\u1eb7ng<\/td><td>\u6388\u3051\u308b<\/td><td>Sazukeru<\/td><td>Bestow<\/td><\/tr><tr><td>B\u00e0n Th\u00e1nh, B\u00e0n Th\u1edd<\/td><td>\u796d\u58c7<\/td><td>Saidan<\/td><td>Altar<\/td><\/tr><tr><td>B\u1ea3n th\u1ea3o, b\u1ea3n v\u0103n<\/td><td>\u5199\u672c<\/td><td>Shahon<\/td><td>Manuscript<\/td><\/tr><tr><td>B\u1ea3n t\u00ednh lo\u00e0i ng\u01b0\u1eddi<\/td><td>\u4eba\u9593\u6027<\/td><td>Ningensei<\/td><td>Human nature<\/td><\/tr><tr><td>B\u00e1o \u0111\u00e1p<\/td><td>\u5831\u3044<\/td><td>Mukui<\/td><td>Reward<\/td><\/tr><tr><td>B\u1ea5t kh\u1ea3 ng\u1ed9 c\u1ee7a \u0110\u1ee9c Gi\u00e1o Ho\u00e0ng<\/td><td>\u6559\u7687\u4e0d\u53ef\u8b2c\u8aac<\/td><td>Kyoukou fuka byuusetsu<\/td><td>Papa infallibility<\/td><\/tr><tr><td>B\u1ea5t kh\u1ea3 tri lu\u1eadn<\/td><td>\u4e0d\u53ef\u77e5\u8ad6<\/td><td>Fukachiron<\/td><td>Agnosticism<\/td><\/tr><tr><td>B\u1ea7n c\u00f9ng<\/td><td>\u56f0\u7aae<\/td><td>Konkyuu<\/td><td>Distress<\/td><\/tr><tr><td>B\u1edd \u0111\u01b0\u1eddng<\/td><td>\u9053\u7aef<\/td><td>Michibata<\/td><td>Roadside<\/td><\/tr><tr><td>B\u1ed5ng L\u1ec5<\/td><td>\u30df\u30b5\u306e\u610f\u5411<\/td><td>Misa no ikou<\/td><td>Mass Intension<\/td><\/tr><tr><td>B\u1ec1 tr\u00ean<\/td><td>\u4e0a\u9577\u3001\u9662\u9577<\/td><td>Jouchou, Inchou<\/td><td>Superior<\/td><\/tr><tr><td>B\u1ec1 tr\u00ean Gi\u00e1m t\u1ec9nh<\/td><td>\u7ba1\u533a\u9577<\/td><td>Kankuchou<\/td><td>Provincial Superior<\/td><\/tr><tr><td>B\u1ec1 tr\u00ean t\u1ed5ng quy\u1ec1n<\/td><td>\u7dcf\u4f1a\u9577<\/td><td>Soukaichou<\/td><td>Superior general<\/td><\/tr><tr><td>B\u1ec7nh d\u1ecbch, b\u1ec7nh truy\u1ec1n nhi\u1ec5m<\/td><td>\u75ab\u75c5<\/td><td>Ekibyou<\/td><td>Infectious disease<\/td><\/tr><tr><td>B\u1ec7nh nh\u00e2n<\/td><td>\u75c5\u8005<\/td><td>Byousha<\/td><td>A sick person<\/td><\/tr><tr><td>B\u00ed t\u00edch <\/td><td>\u79d8\u8de1<\/td><td>Hiseki<\/td><td>Sacrament<\/td><\/tr><tr><td>B\u00ed t\u00edch R\u1eeda T\u1ed9i<\/td><td>\u6d17\u793c\u306e\u79d8\u8de1<\/td><td>Senrei no hiseki<\/td><td>The Sacrament of Baptism<\/td><\/tr><tr><td>B\u00ed t\u00edch Th\u00eam S\u1ee9c<\/td><td>\u5805\u4fe1\u306e\u79d8\u8de1<\/td><td>Kenshin no hiseki<\/td><td>The Sacrament of Confirmation<\/td><\/tr><tr><td>B\u00ed t\u00edch Th\u00e1nh Th\u1ec3<\/td><td>\u8056\u4f53\u306e\u79d8\u8de1<\/td><td>Seitai no hiseki<\/td><td>The Sacrament of Eucharist<\/td><\/tr><tr><td>B\u00ed t\u00edch Gi\u1ea3i T\u1ed9i, B\u00ed t\u00edch c\u00e1o gi\u1ea3i<\/td><td>\u8a31\u3057\u306e\u79d8\u8de1<\/td><td>Yurushi no hiseki<\/td><td>The Sacrament of Reconciliation<\/td><\/tr><tr><td>B\u00ed t\u00edch S\u1ee9c D\u1ea7u Th\u00e1nh <\/td><td>\u75c5\u8005\u306e\u5857\u6cb9\u306e\u79d8\u8de1<\/td><td>Byousha no toyu no hiseki<\/td><td>The Sacrament of Anointing of the sick<\/td><\/tr><tr><td>B\u00ed t\u00edch Truy\u1ec1n Ch\u1ee9c Th\u00e1nh<\/td><td>\u53d9\u968e\u306e\u79d8\u8de1<\/td><td>Jokai no hiseki<\/td><td>The Sacrament of Holy orders<\/td><\/tr><tr><td>B\u00ed t\u00edch H\u00f4n Ph\u1ed1i<\/td><td>\u7d50\u5a5a\u306e\u79d8\u8de1<\/td><td>Kekkon no hiseki<\/td><td>The Sacrament of Matrimony<\/td><\/tr><tr><td>B\u00ed t\u00edch khai t\u00e2m<\/td><td>\u5165\u4fe1\u306e\u79d8\u8de1<\/td><td>Nyushin no hiseki<\/td><td>Sacrament of Initiation<\/td><\/tr><tr><td>B\u00ed nhi\u1ec7m<\/td><td>\u795e\u79d8<\/td><td>Shimpi<\/td><td>Mystery<\/td><\/tr><tr><td>B\u00ecnh \u0111\u1ef1ng h\u00e0i c\u1ed1t<\/td><td>\u9aa8\u58fa<\/td><td>Kotsutsubo<\/td><td>Funerary urn<\/td><\/tr><tr><td>Bu\u1ed5i t\u1ed1i canh th\u1ee9c c\u1ea7u nguy\u1ec7n cho ng\u01b0\u1eddi t\u00edn h\u1eefu qua \u0111\u1eddi\uff08th\u01b0\u1eddng l\u00e0 \u0111\u00eam tr\u01b0\u1edbc ng\u00e0y l\u1ec5 an t\u00e1ng\uff09<\/td><td>\u304a\u901a\u591c<\/td><td>Otsuya<\/td><td>Wake(Vigil for the dead)<\/td><\/tr><tr><td>B\u1eefa ti\u1ec7c ly, b\u1eefa ti\u1ec7c cu\u1ed1i c\u00f9ng<\/td><td>\u4e3b\u306e\u6669\u9910<\/td><td>Shunobansan<\/td><td>The Lord&#8217;s Supper<\/td><\/tr><tr><td><\/td><td><\/td><td><\/td><td><\/td><\/tr><tr><td><\/td><td><\/td><td><\/td><td><\/td><\/tr><tr><td><\/td><td><\/td><td><\/td><td><\/td><\/tr><tr><td><\/td><td><\/td><td><\/td><td><\/td><\/tr><tr><td><\/td><td><\/td><td><\/td><td><\/td><\/tr><tr><td><\/td><td><\/td><td><\/td><td><\/td><\/tr><tr><td><\/td><td><\/td><td><\/td><td><\/td><\/tr><tr><td><\/td><td><\/td><td><\/td><td><\/td><\/tr><tr><td><\/td><td><\/td><td><\/td><td><\/td><\/tr><tr><td><\/td><td><\/td><td><\/td><td><\/td><\/tr><tr><td><\/td><td><\/td><td><\/td><td><\/td><\/tr><tr><td><\/td><td><\/td><td><\/td><td><\/td><\/tr><tr><td><\/td><td><\/td><td><\/td><td><\/td><\/tr><tr><td><\/td><td><\/td><td><\/td><td><\/td><\/tr><tr><td><\/td><td><\/td><td><\/td><td><\/td><\/tr><tr><td><\/td><td><\/td><td><\/td><td><\/td><\/tr><tr><td><\/td><td><\/td><td><\/td><td><\/td><\/tr><tr><td><\/td><td><\/td><td><\/td><td><\/td><\/tr><tr><td><\/td><td><\/td><td><\/td><td><\/td><\/tr><tr><td><\/td><td><\/td><td><\/td><td><\/td><\/tr><tr><td><\/td><td><\/td><td><\/td><td><\/td><\/tr><tr><td><\/td><td><\/td><td><\/td><td><\/td><\/tr><tr><td><\/td><td><\/td><td><\/td><td><\/td><\/tr><tr><td><\/td><td><\/td><td><\/td><td><\/td><\/tr><tr><td><\/td><td><\/td><td><\/td><td><\/td><\/tr><tr><td><\/td><td><\/td><td><\/td><td><\/td><\/tr><tr><td><\/td><td><\/td><td><\/td><td><\/td><\/tr><tr><td><\/td><td><\/td><td><\/td><td><\/td><\/tr><tr><td><\/td><td><\/td><td><\/td><td><\/td><\/tr><tr><td><\/td><td><\/td><td><\/td><td><\/td><\/tr><tr><td><\/td><td><\/td><td><\/td><td><\/td><\/tr><tr><td><\/td><td><\/td><td><\/td><td><\/td><\/tr><tr><td><\/td><td><\/td><td><\/td><td><\/td><\/tr><\/tbody><\/table><\/figure>\n","protected":false},"excerpt":{"rendered":"<p>B\u00e1c \u00e1i \u535a\u611b\u4e3b\u7fa9 Hakuaishugi Philanthropy B\u00e0i \u0111\u1ecdc m\u1ed9t \u7b2c &#8230;<\/p>\n<p> <a class=\"continue-reading-link\" href=\"https:\/\/dboratorio.tokyo\/catholicwords\/?page_id=119\"><span>Continue reading<\/span><i class=\"crycon-right-dir\"><\/i><\/a> <\/p>\n","protected":false},"author":1,"featured_media":0,"parent":0,"menu_order":0,"comment_status":"closed","ping_status":"closed","template":"","meta":[],"_links":{"self":[{"href":"https:\/\/dboratorio.tokyo\/catholicwords\/index.php?rest_route=\/wp\/v2\/pages\/119"}],"collection":[{"href":"https:\/\/dboratorio.tokyo\/catholicwords\/index.php?rest_route=\/wp\/v2\/pages"}],"about":[{"href":"https:\/\/dboratorio.tokyo\/catholicwords\/index.php?rest_route=\/wp\/v2\/types\/page"}],"author":[{"embeddable":true,"href":"https:\/\/dboratorio.tokyo\/catholicwords\/index.php?rest_route=\/wp\/v2\/users\/1"}],"replies":[{"embeddable":true,"href":"https:\/\/dboratorio.tokyo\/catholicwords\/index.php?rest_route=%2Fwp%2Fv2%2Fcomments&post=119"}],"version-history":[{"count":6,"href":"https:\/\/dboratorio.tokyo\/catholicwords\/index.php?rest_route=\/wp\/v2\/pages\/119\/revisions"}],"predecessor-version":[{"id":265,"href":"https:\/\/dboratorio.tokyo\/catholicwords\/index.php?rest_route=\/wp\/v2\/pages\/119\/revisions\/265"}],"wp:attachment":[{"href":"https:\/\/dboratorio.tokyo\/catholicwords\/index.php?rest_route=%2Fwp%2Fv2%2Fmedia&parent=119"}],"curies":[{"name":"wp","href":"https:\/\/api.w.org\/{rel}","templated":true}]}}