{"id":19,"date":"2022-02-03T09:51:25","date_gmt":"2022-02-03T00:51:25","guid":{"rendered":"https:\/\/dboratorio.tokyo\/catholicwords\/?page_id=19"},"modified":"2022-06-22T11:14:31","modified_gmt":"2022-06-22T02:14:31","slug":"cac-co-so-cua-giao-hoi","status":"publish","type":"page","link":"https:\/\/dboratorio.tokyo\/catholicwords\/?page_id=19","title":{"rendered":"C\u00c1C C\u01a0 S\u1ede C\u1ee6A GI\u00c1O H\u1ed8I"},"content":{"rendered":"\n<p><strong>\u6559\u4f1a\u65bd\u8a2d\u65bd\u8a2d <\/strong>(2022\/06)<\/p>\n\n\n\n<div class=\"wp-block-columns has-text-color\" style=\"color:#0d30cf\">\n<div class=\"wp-block-column\" style=\"flex-basis:100%\">\n<figure class=\"wp-block-table is-style-stripes\"><table><tbody><tr><td>To\u00e0 Th\u00e1nh Vatican <\/td><td>\u6559\u7687\u8056\u5ea7 <\/td><td>Kyoukouseiza<\/td><td>Holy See<\/td><\/tr><tr><td>\u0110\u1ea1i th\u00e1nh \u0111\u01b0\u1eddng<\/td><td>\u5927\u8056\u5802<\/td><td>Daiseidou<\/td><td>Basilica<\/td><\/tr><tr><td>Nguy\u1ec7n \u0111\u01b0\u1eddng<\/td><td>\u8056\u5802\u3000\u30c1\u30e3\u30da\u30eb<\/td><td>Seidou chaperu<\/td><td>Chapel<\/td><\/tr><tr><td>Nh\u00e0 th\u1edd<\/td><td>\u6559\u4f1a<\/td><td>Kyoukai<\/td><td>Church<\/td><\/tr><tr><td>Nh\u00e0 th\u1edd ch\u00ednh t\u00f2a gi\u00e1o ph\u1eadn<\/td><td>\u30ab\u30c6\u30c9\u30e9\u30eb<\/td><td>Katedoraru<\/td><td>Cathedral<\/td><\/tr><tr><td>Ngh\u0129a trang gi\u00e1o ph\u1eadn<\/td><td>\u6559\u533a\u5893\u5730<\/td><td>Kyoukubochi<\/td><td>Diocese Cemetery<\/td><\/tr><tr><td>Tu vi\u1ec7n<\/td><td>\u4fee\u9053\u9662<\/td><td>Shuudouin<\/td><td>Convent<\/td><\/tr><tr><td>T\u00f2a gi\u00e1m m\u1ee5c<\/td><td>\u53f8\u6559\u9928<\/td><td>Shisaikan<\/td><td>Bishop&#8217;s house<\/td><\/tr><tr><td>Nh\u00e0 Ngh\u1ec9 D\u01b0\u1ee1ng Linh M\u1ee5c<\/td><td>\u53f8\u796d\u9759\u990a\u306e\u5bb6<\/td><td>Shisai seiyou no ie<\/td><td><\/td><\/tr><tr><td>\u0110\u1ea1i ch\u1ee7ng vi\u1ec7n<\/td><td>\u5927\u795e\u5b66\u9662<\/td><td>Daishingakuin<\/td><td>Seminary<\/td><\/tr><tr><td>Ti\u1ec3u ch\u1ee7ng vi\u1ec7n<\/td><td>\u5c0f\u795e\u5b66\u6821<\/td><td>Shoushingakkou<\/td><td>Seminary<\/td><\/tr><tr><td>\u0110an vi\u1ec7n<\/td><td>\u4fee\u9053\u9662<\/td><td>Shuudouin<\/td><td>Monastery<\/td><\/tr><tr><td>T\u1ed5ng gi\u00e1o ph\u1eadn<\/td><td>\u5927\u53f8\u6559\u533a<\/td><td>Daishikyou-ku<\/td><td>Archdiocese<\/td><\/tr><tr><td>Gi\u00e1o ph\u1eadn<\/td><td>\u6559\u533a<\/td><td>kyouku<\/td><td>Diocese<\/td><\/tr><tr><td>Gi\u00e1o x\u1ee9<\/td><td>\u5c0f\u6559\u533a<\/td><td>Shoukyouku<\/td><td>Parish<\/td><\/tr><tr><td>Gi\u00e1o h\u1ecd<\/td><td>\u5de1\u56de\u6559\u4f1a<\/td><td>Junkai kyoukai<\/td><td>Sub-Parish<\/td><\/tr><tr><td>Nh\u00e0 sinh ho\u1ea1t gi\u00e1o x\u1ee9<\/td><td>\u4fe1\u5f92\u30db\u30fc\u30eb<\/td><td>Shinto ho-ru<\/td><td>Parish hall<\/td><\/tr><tr><td>Nh\u00e0 cha x\u1ee9<\/td><td>\u53f8\u796d\u9928<\/td><td>Shisaikan<\/td><td>Priest&#8217;s house<\/td><\/tr><tr><td><\/td><td><\/td><td><\/td><td><\/td><\/tr><tr><td><\/td><td><\/td><td><\/td><td><\/td><\/tr><tr><td><\/td><td><\/td><td><\/td><td><\/td><\/tr><tr><td><\/td><td><\/td><td><\/td><td><\/td><\/tr><tr><td><\/td><td><\/td><td><\/td><td><\/td><\/tr><tr><td><\/td><td><\/td><td><\/td><td><\/td><\/tr><tr><td><\/td><td><\/td><td><\/td><td><\/td><\/tr><tr><td><\/td><td><\/td><td><\/td><td><\/td><\/tr><tr><td><\/td><td><\/td><td><\/td><td><\/td><\/tr><tr><td><\/td><td><\/td><td><\/td><td><\/td><\/tr><tr><td><\/td><td><\/td><td><\/td><td><\/td><\/tr><tr><td><\/td><td><\/td><td><\/td><td><\/td><\/tr><tr><td><\/td><td><\/td><td><\/td><td><\/td><\/tr><tr><td><\/td><td><\/td><td><\/td><td><\/td><\/tr><tr><td><\/td><td><\/td><td><\/td><td><\/td><\/tr><tr><td><\/td><td><\/td><td><\/td><td><\/td><\/tr><tr><td><\/td><td><\/td><td><\/td><td><\/td><\/tr><tr><td><\/td><td><\/td><td><\/td><td><\/td><\/tr><tr><td><\/td><td><\/td><td><\/td><td><\/td><\/tr><tr><td><\/td><td><\/td><td><\/td><td><\/td><\/tr><tr><td><\/td><td><\/td><td><\/td><td><\/td><\/tr><tr><td><\/td><td><\/td><td><\/td><td><\/td><\/tr><tr><td><\/td><td><\/td><td><\/td><td><\/td><\/tr><tr><td><\/td><td><\/td><td><\/td><td><\/td><\/tr><tr><td><\/td><td><\/td><td><\/td><td><\/td><\/tr><tr><td><\/td><td><\/td><td><\/td><td><\/td><\/tr><tr><td><\/td><td><\/td><td><\/td><td><\/td><\/tr><tr><td><\/td><td><\/td><td><\/td><td><\/td><\/tr><tr><td><\/td><td><\/td><td><\/td><td><\/td><\/tr><tr><td><\/td><td><\/td><td><\/td><td><\/td><\/tr><tr><td><\/td><td><\/td><td><\/td><td><\/td><\/tr><tr><td><\/td><td><\/td><td><\/td><td><\/td><\/tr><\/tbody><\/table><\/figure>\n<\/div>\n<\/div>\n","protected":false},"excerpt":{"rendered":"<p>\u6559\u4f1a\u65bd\u8a2d\u65bd\u8a2d (2022\/06) To\u00e0 Th\u00e1nh Vatican \u6559\u7687\u8056\u5ea7 Kyoukousei &#8230;<\/p>\n<p> <a class=\"continue-reading-link\" href=\"https:\/\/dboratorio.tokyo\/catholicwords\/?page_id=19\"><span>Continue reading<\/span><i class=\"crycon-right-dir\"><\/i><\/a> <\/p>\n","protected":false},"author":1,"featured_media":0,"parent":0,"menu_order":0,"comment_status":"closed","ping_status":"closed","template":"","meta":[],"_links":{"self":[{"href":"https:\/\/dboratorio.tokyo\/catholicwords\/index.php?rest_route=\/wp\/v2\/pages\/19"}],"collection":[{"href":"https:\/\/dboratorio.tokyo\/catholicwords\/index.php?rest_route=\/wp\/v2\/pages"}],"about":[{"href":"https:\/\/dboratorio.tokyo\/catholicwords\/index.php?rest_route=\/wp\/v2\/types\/page"}],"author":[{"embeddable":true,"href":"https:\/\/dboratorio.tokyo\/catholicwords\/index.php?rest_route=\/wp\/v2\/users\/1"}],"replies":[{"embeddable":true,"href":"https:\/\/dboratorio.tokyo\/catholicwords\/index.php?rest_route=%2Fwp%2Fv2%2Fcomments&post=19"}],"version-history":[{"count":12,"href":"https:\/\/dboratorio.tokyo\/catholicwords\/index.php?rest_route=\/wp\/v2\/pages\/19\/revisions"}],"predecessor-version":[{"id":275,"href":"https:\/\/dboratorio.tokyo\/catholicwords\/index.php?rest_route=\/wp\/v2\/pages\/19\/revisions\/275"}],"wp:attachment":[{"href":"https:\/\/dboratorio.tokyo\/catholicwords\/index.php?rest_route=%2Fwp%2Fv2%2Fmedia&parent=19"}],"curies":[{"name":"wp","href":"https:\/\/api.w.org\/{rel}","templated":true}]}}