{"id":21,"date":"2022-02-03T10:00:38","date_gmt":"2022-02-03T01:00:38","guid":{"rendered":"https:\/\/dboratorio.tokyo\/catholicwords\/?page_id=21"},"modified":"2022-03-20T21:55:20","modified_gmt":"2022-03-20T12:55:20","slug":"cac-pham-trat-trong-giao-hoi","status":"publish","type":"page","link":"https:\/\/dboratorio.tokyo\/catholicwords\/?page_id=21","title":{"rendered":"C\u00c1C PH\u1ea8M TR\u1eacT TRONG GI\u00c1O H\u1ed8I"},"content":{"rendered":"\n<p>\u30ab\u30c8\u30ea\u30c3\u30af\u6559\u4f1a \u7d44\u7e54 \/ Catholic Church Organization<\/p>\n\n\n\n<figure class=\"wp-block-table is-style-stripes\"><table><tbody><tr><td>\u0110\u1ee9c gi\u00e1o ho\u00e0ng<\/td><td>\u6559\u7687<\/td><td>\u304d\u3087\u3046\u3053\u3046<\/td><td>Holy Father \/ Pope<\/td><\/tr><tr><td>\u0110\u1ee9c h\u1ed3ng y<\/td><td>\u67a2\u6a5f\u537f <\/td><td>\u3059\u3046\u304d\u304d\u3087\u3046<\/td><td>Cardinal<\/td><\/tr><tr><td>\u0110\u1ee9c t\u1ed5ng gi\u00e1m m\u1ee5c<\/td><td>\u5927\u53f8\u6559<\/td><td>\u3060\u3044\u3057\u304d\u3087\u3046<\/td><td>Metropolitan<\/td><\/tr><tr><td>\u0110\u1ee9c gi\u00e1m m\u1ee5c<\/td><td>\u53f8\u6559<\/td><td>\u3057\u304d\u3087\u3046<\/td><td>Bishop<\/td><\/tr><tr><td>Gi\u00e1m m\u1ee5c gi\u00e1o ph\u1eadn<\/td><td>\u53f8\u6559\u6559\u533a<\/td><td>\u3057\u304d\u3087\u3046\u304d\u3087\u3046\u304f<\/td><td>Diocesan Bishop<\/td><\/tr><tr><td>Gi\u00e1m m\u1ee5c ph\u00f3<\/td><td><\/td><td><\/td><td>Coadjutor Bishop<\/td><\/tr><tr><td>Gi\u00e1m m\u1ee5c ph\u1ee5 t\u00e1<\/td><td>\u88dc\u4f50\u53f8\u6559<\/td><td>\u307b\u3055\u3057\u304d\u3087\u3046<\/td><td>Auxiliary Bishop<\/td><\/tr><tr><td>\u0110\u1ee9c \u00f4ng<\/td><td>\u30e2\u30f3\u30b7\u30cb\u30e7\u30fc\u30eb <\/td><td><\/td><td>Monsignor<\/td><\/tr><tr><td>Linh M\u1ee5c Cha T\u1ed5ng \u0111\u1ea1i di\u1ec7n<\/td><td>\u53f8\u6559\u7dcf\u4ee3\u7406 &nbsp; <\/td><td>\u3057\u304d\u3087\u3046\u305d\u3046\u3060\u3044\u308a<\/td><td>Vicar general priest<\/td><\/tr><tr><td>Cha gi\u00e1m \u0111\u1ed1c ch\u1ee7ng vi\u1ec7n<\/td><td>\u795e\u5b66\u9662\u9662\u9577<\/td><td>\u3057\u3093\u304c\u304f\u3044\u3093  \u3044\u3093\u3061\u3087\u3046<\/td><td>Rector priest<\/td><\/tr><tr><td>Cha ph\u00f3 gi\u00e1m \u0111\u1ed1c ch\u1ee7ng vi\u1ec7n<\/td><td>\u795e\u5b66\u9662\u526f\u9662\u9577<\/td><td>\u3057\u3093\u304c\u304f\u3044\u3093\u3000\u3075\u304f\u3044\u3093\u3061\u3087\u3046<\/td><td>Vice rector priest<\/td><\/tr><tr><td>Tu vi\u1ec7n tr\u01b0\u1edfng<\/td><td>\u4fee\u9053\u9662\u9662\u9577<\/td><td>\u3057\u3085\u3046\u3069\u3046\u3044\u3093 \u3044\u3093\u3061\u3087\u3046<\/td><td>Prior, Abbot<\/td><\/tr><tr><td>Ph\u00f3 tu vi\u1ec7n tr\u01b0\u1edfng<\/td><td>\u526f\u9662\u9577<\/td><td>\u3075\u304f\u3044\u3093\u3061\u3087\u3046<\/td><td>Vice abbot<\/td><\/tr><tr><td>Cha x\u1ee9<\/td><td>\u4e3b\u4efb\u53f8\u796d<\/td><td>\u3057\u3085\u306b\u3093\u3057\u3055\u3044<\/td><td>Parish Priest<\/td><\/tr><tr><td>Cha ph\u00f3<\/td><td><\/td><td><\/td><td>Associate pastor<\/td><\/tr><tr><td>Cha ph\u1ee5 t\u00e1<\/td><td>\u52a9\u4efb\u53f8\u796d<\/td><td>\u3058\u3087\u306b\u3093\u3057\u3055\u3044<\/td><td>Assistant Priest<\/td><\/tr><tr><td>Ph\u00f3 t\u1ebf<\/td><td>\u52a9\u796d<\/td><td>\u3058\u3087\u3055\u3044<\/td><td>Deacon<\/td><\/tr><tr><td><\/td><td><\/td><td><\/td><td><\/td><\/tr><tr><td>Ban h\u00e0nh gi\u00e1o<\/td><td>\u59d4\u54e1\u4f1a<\/td><td>\u3044\u3044\u3093\u304b\u3044<\/td><td>Parish Pastoral council<\/td><\/tr><tr><td>Tr\u01b0\u1edfng ban h\u00e0nh gi\u00e1o <\/td><td>\u59d4\u54e1\u9577<\/td><td>\u3044\u3044\u3093\u3061\u3087\u3046<\/td><td>Chairman<\/td><\/tr><tr><td>Ca \u0111o\u00e0n<\/td><td>\u8056\u6b4c\u968a<\/td><td>\u305b\u3044\u304b\u305f\u3044<\/td><td>Choir<\/td><\/tr><tr><td>Ca vi\u00ean<\/td><td>\u8056\u6b4c\u968a\u3000\u4f1a\u54e1<\/td><td>\u305b\u304b\u305f\u3044\u3000\u304b\u3044\u3044\u3093<\/td><td>Chorister<\/td><\/tr><tr><td>Ca tr\u01b0\u1edfng<\/td><td>\u8056\u6b4c\u968a\u3000\u8cac\u4efb\u8005<\/td><td>\u305b\u3044\u304b\u305f\u3044 \u3001\u305b\u304d\u306b\u3093\u3057\u3083<\/td><td>Choirmaster<\/td><\/tr><tr><td><\/td><td><\/td><td><\/td><td><\/td><\/tr><tr><td>B\u00e0n th\u1edd<\/td><td>\u796d\u58c7<\/td><td>\u3055\u3044\u3060\u3093<\/td><td>Altar<\/td><\/tr><tr><td>Cung th\u00e1nh<\/td><td>\u5185\u9663<\/td><td>\u306a\u3044\u3058\u3093<\/td><td>Sanctuary<\/td><\/tr><tr><td>Nh\u00e0 t\u1ea1m<\/td><td>\u8056\u6ac3<\/td><td>\u305b\u3044\u3072\u3064<\/td><td>The&nbsp;<em>tabernacle<\/em><\/td><\/tr><tr><td>M\u00ecnh Th\u00e1nh Ch\u00faa<\/td><td>\u8056\u4f53<\/td><td>\u305b\u3044\u305f\u3044<\/td><td>Host, Bread of life<\/td><\/tr><tr><td><\/td><td><\/td><td><\/td><td><\/td><\/tr><\/tbody><\/table><\/figure>\n\n\n\n<p><\/p>\n","protected":false},"excerpt":{"rendered":"<p>\u30ab\u30c8\u30ea\u30c3\u30af\u6559\u4f1a \u7d44\u7e54 \/ Catholic Church Organization \u0110\u1ee9c gi\u00e1o &#8230;<\/p>\n<p> <a class=\"continue-reading-link\" href=\"https:\/\/dboratorio.tokyo\/catholicwords\/?page_id=21\"><span>Continue reading<\/span><i class=\"crycon-right-dir\"><\/i><\/a> <\/p>\n","protected":false},"author":1,"featured_media":0,"parent":0,"menu_order":0,"comment_status":"closed","ping_status":"closed","template":"","meta":[],"_links":{"self":[{"href":"https:\/\/dboratorio.tokyo\/catholicwords\/index.php?rest_route=\/wp\/v2\/pages\/21"}],"collection":[{"href":"https:\/\/dboratorio.tokyo\/catholicwords\/index.php?rest_route=\/wp\/v2\/pages"}],"about":[{"href":"https:\/\/dboratorio.tokyo\/catholicwords\/index.php?rest_route=\/wp\/v2\/types\/page"}],"author":[{"embeddable":true,"href":"https:\/\/dboratorio.tokyo\/catholicwords\/index.php?rest_route=\/wp\/v2\/users\/1"}],"replies":[{"embeddable":true,"href":"https:\/\/dboratorio.tokyo\/catholicwords\/index.php?rest_route=%2Fwp%2Fv2%2Fcomments&post=21"}],"version-history":[{"count":9,"href":"https:\/\/dboratorio.tokyo\/catholicwords\/index.php?rest_route=\/wp\/v2\/pages\/21\/revisions"}],"predecessor-version":[{"id":270,"href":"https:\/\/dboratorio.tokyo\/catholicwords\/index.php?rest_route=\/wp\/v2\/pages\/21\/revisions\/270"}],"wp:attachment":[{"href":"https:\/\/dboratorio.tokyo\/catholicwords\/index.php?rest_route=%2Fwp%2Fv2%2Fmedia&parent=21"}],"curies":[{"name":"wp","href":"https:\/\/api.w.org\/{rel}","templated":true}]}}