{"id":25,"date":"2022-02-03T10:16:15","date_gmt":"2022-02-03T01:16:15","guid":{"rendered":"https:\/\/dboratorio.tokyo\/catholicwords\/?page_id=25"},"modified":"2022-03-04T18:43:16","modified_gmt":"2022-03-04T09:43:16","slug":"bi-tich","status":"publish","type":"page","link":"https:\/\/dboratorio.tokyo\/catholicwords\/?page_id=25","title":{"rendered":"B\u00ed t\u00edch"},"content":{"rendered":"\n<figure class=\"wp-block-table is-style-stripes\"><table class=\"has-text-color\" style=\"color:#114ee7\"><tbody><tr><td>B\u00ed t\u00edch r\u1eeda t\u1ed9i<\/td><td>\u6d17\u793c\u306e\u79d8\u8de1<\/td><td>Senrei no hiseki<\/td><td>The Sacrament of Baptism<\/td><\/tr><tr><td>B\u00ed t\u00edch th\u00eam s\u1ee9c<\/td><td>\u5805\u4fe1\u306e\u79d8\u8de1<\/td><td>Kenshin no hiseki<\/td><td>The Sacrament of Confirmation<\/td><\/tr><tr><td>B\u00ed t\u00edch Th\u00e1nh Th\u1ec3<\/td><td>\u8056\u4f53\u306e\u79d8\u8de1<\/td><td>Seitai no hiseki<\/td><td>The Sacrament of Eucharist<\/td><\/tr><tr><td>B\u00ed t\u00edch gi\u1ea3i t\u1ed9i<\/td><td>\u3086\u308b\u3057\u306e\u79d8\u8de1<\/td><td>Yurushi no hiseki<\/td><td>The Sacrament of Reconciliation<\/td><\/tr><tr><td>B\u00ed t\u00edch x\u1ee9c d\u1ea7u th\u00e1nh<\/td><td>\u75c5\u8005\u306e\u5857\u6cb9\u306e\u79d8\u8de1<\/td><td>Byousha no toyu no hiseki<\/td><td>The Sacrament of Anointing of the sick<\/td><\/tr><tr><td>B\u00ed t\u00edch truy\u1ec1n ch\u1ee9c th\u00e1nh<\/td><td>\u53d9\u968e\u306e\u79d8\u8de1<\/td><td>Jokai no hiseki<\/td><td>The Sacrament of Holy orders<\/td><\/tr><tr><td>B\u00ed t\u00edch h\u00f4n ph\u1ed1i<\/td><td>\u7d50\u5a5a\u306e\u79d8\u8de1<\/td><td>kekkon no hiseki<\/td><td>The Sacrament of Matrimony<\/td><\/tr><tr><td><\/td><td><\/td><td><\/td><td><\/td><\/tr><tr><td>X\u01b0ng t\u1ed9i<\/td><td>\u544a\u89e3\uff08\u3059\u308b\uff09<\/td><td>Kokuhaku \uff08suru\uff09<\/td><td>Confession<\/td><\/tr><tr><td>\u0102n n\u0103n t\u1ed9i\/ d\u1ed1c l\u00f2ng ch\u1eeba<\/td><td>\u75db\u6094\uff08\u3059\u308b\uff09<\/td><td>Tsuukai\uff08suru\uff09<\/td><td>Contrition<\/td><\/tr><tr><td>L\u00e0m vi\u1ec7c \u0111\u1ebfn t\u1ed9i<\/td><td>\u511f\u3044\/\u511f\u3046<\/td><td>Tsugunai\/ Tsugunau<\/td><td>Penance<\/td><\/tr><tr><td>Kinh \u0103n n\u0103n t\u1ed9i<\/td><td>\u6094\u3044\u6539\u3081\u306e\u7948\u308a<\/td><td>Kuiaratame no inori<\/td><td>Act of Contrition<\/td><\/tr><tr><td>X\u00e9t m\u00ecnh (x\u01b0ng t\u1ed9i)<\/td><td>\u632f\u308a\u8fd4\u308a\/\u53cd\u7701<\/td><td>Furikaeri\/ Hansei<\/td><td>Examination of Conscience<\/td><\/tr><tr><td>H\u1ed1i nh\u00e2n<\/td><td>\u544a\u89e3\u3059\u308b\u4eba<\/td><td><\/td><td>The penitent<\/td><\/tr><tr><td>T\u00f2a gi\u1ea3i t\u1ed9i<\/td><td>\u544a\u89e3\u6240<\/td><td><\/td><td><\/td><\/tr><tr><td><\/td><td><\/td><td><\/td><td><\/td><\/tr><tr><td>\u00c1o Alba<\/td><td>\u30a2\u30eb\u30d0<\/td><td><\/td><td><\/td><\/tr><tr><td>D\u00e2y c\u00e1c ph\u00e9p<\/td><td>\u30b9\u30c8\u30e9<\/td><td>Sutora<\/td><td>Stole<\/td><\/tr><tr><td>Chu\u1ea9n b\u1ecb t\u00e2m h\u1ed3n (d\u1ef1 l\u1ec5, r\u01b0\u1edbc l\u1ec5)<\/td><td>\u5fc3\u306e\u6e96\u5099<\/td><td><\/td><td><\/td><\/tr><tr><td>L\u1ec5 phong ch\u1ee9c Gi\u00e1m m\u1ee5c<\/td><td>\u53f8\u6559\u53d9\u968e\u5f0f<\/td><td><\/td><td><\/td><\/tr><tr><td>L\u1ec5 phong ch\u1ee9c Linh m\u1ee5c<\/td><td>\u53f8\u796d\u53d9\u968e\u5f0f<\/td><td><\/td><td><\/td><\/tr><tr><td>L\u1ec5 phong ch\u1ee9c Ph\u00f3 t\u1ebf<\/td><td>\u52a9\u796d\u53d9\u968e\u5f0f<\/td><td><\/td><td><\/td><\/tr><tr><td>L\u1ec5 trao t\u00e1c v\u1ee5 \u0111\u1ecdc s\u00e1ch<\/td><td>\u6717\u8aad\u5949\u4ed5\u8005\uff08\u5f0f\uff09<\/td><td><\/td><td><\/td><\/tr><tr><td>D\u1ea7u th\u00e1nh<\/td><td>\u8056\u9999\u6cb9<\/td><td><\/td><td><\/td><\/tr><tr><td><\/td><td><\/td><td><\/td><td><\/td><\/tr><tr><td>Ng\u01b0\u1eddi ph\u1ed1i ng\u1eabu<\/td><td>\u914d\u5076\u8005<\/td><td><\/td><td><\/td><\/tr><tr><td><\/td><td><\/td><td><\/td><td><\/td><\/tr><tr><td>T\u1ed9i tr\u1ecdng<\/td><td>\u5927\u7f6a<\/td><td><\/td><td><\/td><\/tr><tr><td>T\u1ed9i nh\u1eb9<\/td><td>\u5c0f\u7f6a<\/td><td><\/td><td><\/td><\/tr><tr><td>T\u1ed9i t\u1ed5 t\u00f4ng\/ t\u1ed9i ta ph\u1ea1m<\/td><td>\u539f\u7f6a\/\u81ea\u7f6a<\/td><td><\/td><td><\/td><\/tr><tr><td>\u01a0n \u0111\u1ea1i x\u00e1<\/td><td>\u5168\u514d\u511f<\/td><td><\/td><td><\/td><\/tr><tr><td>\u01a0n ti\u1ec3u x\u00e1<\/td><td>\u90e8\u5206\u514d\u511f<\/td><td><\/td><td><\/td><\/tr><tr><td><\/td><td><\/td><td><\/td><td><\/td><\/tr><tr><td>H\u1ecfa ng\u1ee5c<\/td><td>\u5730\u7344<\/td><td><\/td><td><\/td><\/tr><tr><td>Luy\u1ec7n ng\u1ee5c<\/td><td>\u7149\u7344<\/td><td><\/td><td><\/td><\/tr><tr><td>Thi\u00ean \u0111\u00e0ng<\/td><td>\u5929\u56fd\u5929\u56fd<\/td><td><\/td><td><\/td><\/tr><tr><td><\/td><td><\/td><td><\/td><td><\/td><\/tr><tr><td>Ma qu\u1ef7<\/td><td>\u60aa\u9b54<\/td><td><\/td><td><\/td><\/tr><tr><td>Thi\u00ean th\u1ea7n<\/td><td>\u5929\u4f7f<\/td><td><\/td><td><\/td><\/tr><tr><td>T\u1ed5ng l\u00e3nh thi\u00ean th\u1ea7n<\/td><td>\u5927\u5929\u4f7f<\/td><td><\/td><td><\/td><\/tr><tr><td>Thi\u00ean th\u1ea7n b\u1ea3n m\u1ec7nh<\/td><td>\u5b88\u8b77\u5929\u4f7f<\/td><td><\/td><td><\/td><\/tr><tr><td><\/td><td><\/td><td><\/td><td><\/td><\/tr><tr><td>Ngh\u0129a trang<\/td><td>\u5893\u5730<\/td><td><\/td><td><\/td><\/tr><tr><td>C\u00e1c th\u00e1nh th\u00f4ng c\u00f4ng<\/td><td>\u751f\u5f92\u306e\u4ea4\u308f\u308a<\/td><td><\/td><td><\/td><\/tr><tr><td>Ch\u01b0 th\u00e1nh\/ c\u00e1c th\u00e1nh<\/td><td>\u8af8\u8056\u4eba<\/td><td><\/td><td><\/td><\/tr><tr><td><\/td><td><\/td><td><\/td><td><\/td><\/tr><tr><td>Th\u00e1nh thi\u1ec7n<\/td><td>\u8056\u6027<\/td><td><\/td><td><\/td><\/tr><tr><td>Y\u1ebfu \u0111u\u1ed1i<\/td><td>\u5f31\u3055<\/td><td><\/td><td><\/td><\/tr><tr><td>Sa ng\u00e3<\/td><td><\/td><td><\/td><td><\/td><\/tr><tr><td>\u01a0n Ch\u00faa<\/td><td>\u6069\u6075<\/td><td><\/td><td><\/td><\/tr><tr><td><\/td><td><\/td><td><\/td><td><\/td><\/tr><tr><td>B\u1ea3y \u01a1n Ch\u00faa Th\u00e1nh Th\u1ea7n<\/td><td>\u4e03\u3064\u306e\u8056\u970a<\/td><td><\/td><td><\/td><\/tr><tr><td>\u01a0n kh\u00f4n ngoan<\/td><td>\u77e5\u6075\uff08\u4e0a\u667a\uff09<\/td><td><\/td><td><\/td><\/tr><tr><td>\u01a0n hi\u1ec3u bi\u1ebft<\/td><td>\u7406\u89e3\uff08\u8061\u660e<\/td><td><\/td><td><\/td><\/tr><tr><td>\u01a0n lo li\u1ec7u<\/td><td>\u5224\u65ad\uff08\u8ce2\u616e\uff09<\/td><td><\/td><td><\/td><\/tr><tr><td>\u01a0n S\u1ee9c m\u1ea1nh<\/td><td>\u52c7\u6c17<\/td><td><\/td><td><\/td><\/tr><tr><td>\u01a0n th\u00f4ng m\u00ecnh<\/td><td>\u795e\u3092\u77e5\u308b\u6075\u307f\uff08\u77e5\u8b58\uff09<\/td><td><\/td><td><\/td><\/tr><tr><td>\u01a0n \u0110\u1ea1o \u0111\u1ee9c<\/td><td>\u795e\u3092\u611b\u3059\u308b\u6075\u307f\uff08\u5b5d\u611b\uff09<\/td><td><\/td><td><\/td><\/tr><tr><td>\u01a0n k\u00ednh s\u1ee3 \u0110\u1ee9c Ch\u00faa Tr\u1eddi<\/td><td>\u795e\u3092\u656c\u3046\u6075\u307f\uff08\u4e3b\u3078\u306e\u754f\u656c\uff09<\/td><td><\/td><td><\/td><\/tr><tr><td><\/td><td><\/td><td><\/td><td><\/td><\/tr><tr><td>Ba ng\u00f4i<\/td><td>\u4e09\u4f4d\uff08\u4e09\u4f4d\u4e00\u4f53\uff09<\/td><td><\/td><td><\/td><\/tr><tr><td>Ch\u00faa Cha<\/td><td>\u7236\uff08\u5fa1\u7236\uff09<\/td><td><\/td><td><\/td><\/tr><tr><td>Ch\u00faa Con<\/td><td>\u5b50\uff08\u5fa1\u5b50\uff09<\/td><td><\/td><td><\/td><\/tr><tr><td>Ch\u00faa Th\u00e1nh Th\u1ea7n<\/td><td>\u8056\u970a<\/td><td><\/td><td><\/td><\/tr><tr><td>T\u1ea1o d\u1ef1ng\/ S\u00e1ng t\u1ea1o<\/td><td>\u5275\u9020<\/td><td><\/td><td><\/td><\/tr><tr><td>C\u1ee9u chu\u1ed9c<\/td><td>\u6551\u3044<\/td><td><\/td><td><\/td><\/tr><tr><td>Th\u00e1nh h\u00f3a<\/td><td>\u8056\u5316<\/td><td>Seika<\/td><td>Sanctification<\/td><\/tr><tr><td><\/td><td><\/td><td><\/td><td><\/td><\/tr><\/tbody><\/table><\/figure>\n","protected":false},"excerpt":{"rendered":"<p>B\u00ed t\u00edch r\u1eeda t\u1ed9i \u6d17\u793c\u306e\u79d8\u8de1 Senrei no hiseki The Sacrame &#8230;<\/p>\n<p> <a class=\"continue-reading-link\" href=\"https:\/\/dboratorio.tokyo\/catholicwords\/?page_id=25\"><span>Continue reading<\/span><i class=\"crycon-right-dir\"><\/i><\/a> <\/p>\n","protected":false},"author":1,"featured_media":0,"parent":0,"menu_order":0,"comment_status":"closed","ping_status":"closed","template":"","meta":[],"_links":{"self":[{"href":"https:\/\/dboratorio.tokyo\/catholicwords\/index.php?rest_route=\/wp\/v2\/pages\/25"}],"collection":[{"href":"https:\/\/dboratorio.tokyo\/catholicwords\/index.php?rest_route=\/wp\/v2\/pages"}],"about":[{"href":"https:\/\/dboratorio.tokyo\/catholicwords\/index.php?rest_route=\/wp\/v2\/types\/page"}],"author":[{"embeddable":true,"href":"https:\/\/dboratorio.tokyo\/catholicwords\/index.php?rest_route=\/wp\/v2\/users\/1"}],"replies":[{"embeddable":true,"href":"https:\/\/dboratorio.tokyo\/catholicwords\/index.php?rest_route=%2Fwp%2Fv2%2Fcomments&post=25"}],"version-history":[{"count":16,"href":"https:\/\/dboratorio.tokyo\/catholicwords\/index.php?rest_route=\/wp\/v2\/pages\/25\/revisions"}],"predecessor-version":[{"id":244,"href":"https:\/\/dboratorio.tokyo\/catholicwords\/index.php?rest_route=\/wp\/v2\/pages\/25\/revisions\/244"}],"wp:attachment":[{"href":"https:\/\/dboratorio.tokyo\/catholicwords\/index.php?rest_route=%2Fwp%2Fv2%2Fmedia&parent=25"}],"curies":[{"name":"wp","href":"https:\/\/api.w.org\/{rel}","templated":true}]}}