{"id":27,"date":"2022-02-03T10:19:33","date_gmt":"2022-02-03T01:19:33","guid":{"rendered":"https:\/\/dboratorio.tokyo\/catholicwords\/?page_id=27"},"modified":"2022-06-22T11:24:11","modified_gmt":"2022-06-22T02:24:11","slug":"phung-vu","status":"publish","type":"page","link":"https:\/\/dboratorio.tokyo\/catholicwords\/?page_id=27","title":{"rendered":"Ph\u1ee5ng v\u1ee5 (2022\/05)"},"content":{"rendered":"\n<figure class=\"wp-block-table is-style-regular\"><table><tbody><tr><td>M\u00f9a V\u1ecdng<\/td><td>\u5f85\u964d\u7bc0<\/td><td>Taikousetsu<\/td><td>Advent<\/td><\/tr><tr><td>M\u00f9a ph\u1ee5c sinh<\/td><td>\u5fa9\u6d3b\u796d<\/td><td>Fukkatsusai<\/td><td><\/td><\/tr><tr><td>M\u00f9a Gi\u00e1ng sinh<\/td><td>\u964d\u8a95\u7bc0<\/td><td>Koutansai<\/td><td><\/td><\/tr><tr><td>M\u00f9a th\u01b0\u1eddng ni\u00ean<\/td><td>\u5e74\u9593<\/td><td>Nenkan<\/td><td><\/td><\/tr><tr><td>M\u00f9a chay<\/td><td>\u56db\u65ec\u7bc0<\/td><td>Shijunsetsu<\/td><td><\/td><\/tr><tr><td>\u0102n Chay<\/td><td>\u65ad\u98df\/\u5927\u658e\/\u5c0f\u658e<\/td><td>Danjiki\/Daisai\/Shousai<\/td><td><\/td><\/tr><tr><td>Ch\u00faa Nh\u1eadt L\u1ec5 l\u00e1<\/td><td>\u679d\u306e\u4e3b\u65e5<\/td><td>Edanoshujitsu<\/td><td><\/td><\/tr><tr><td>Tu\u1ea7n b\u00e1t nh\u1eadt gi\u00e1ng sinh<\/td><td>\u4e3b\u306e\u964d\u8a95\u306e\u516b\u65e5\u9593<\/td><td>Shunokoutannoyoukakan<\/td><td><\/td><\/tr><tr><td>Tu\u1ea7n Th\u00e1nh<\/td><td>\u8056\u9031\u9593<\/td><td>Seishuukan<\/td><td><\/td><\/tr><tr><td>L\u1ec5 ti\u1ec7c ly<\/td><td>\u6700\u5f8c\u306e\u6669\u9910\/\u8056\u6728\u66dc\u65e5<\/td><td>Saigonobansan\/Seimokuyoubi<\/td><td><\/td><\/tr><tr><td>T\u01b0\u1edfng ni\u1ec7m cu\u1ed9c th\u01b0\u01a1ng kh\u00f3 Ch\u00faa<\/td><td>\u8056\u91d1\u66dc\u65e5<\/td><td>Seikinyoubi<\/td><td><\/td><\/tr><tr><td>\u0110i \u0111\u00e0ng Th\u00e1nh gi\u00e1<\/td><td>\u5341\u5b57\u67b6\u306e\u9053\u884c\u304d<\/td><td>Juujikanomichiyuki<\/td><td><\/td><\/tr><tr><td>\u0110i h\u00e0nh h\u01b0\u01a1ng<\/td><td>\u5de1\u793c<\/td><td>Junrei<\/td><td><\/td><\/tr><tr><td>R\u01b0\u1edbc ki\u1ec7u<\/td><td>\u884c\u5217<\/td><td>Gyouretsu<\/td><td><\/td><\/tr><tr><td>V\u1ecdng Ph\u1ee5c sinh<\/td><td>\u5fa9\u6d3b\u796d\u306e\u524d\u591c<\/td><td>Fukkatsunotetsuya<\/td><td><\/td><\/tr><tr><td>L\u00e0m ph\u00e9p n\u01b0\u1edbc<\/td><td>\u8056\u6c34\u306e\u795d\u798f<\/td><td>Seisuinoshukufuku<\/td><td><\/td><\/tr><tr><td>N\u01b0\u1edbc Th\u00e1nh<\/td><td>\u8056\u6c34<\/td><td>Seisui<\/td><td><\/td><\/tr><tr><td>B\u00ecnh n\u01b0\u1edbc Th\u00e1nh<\/td><td>\u704c\u6c34\u5668 <\/td><td>Kansuiki<\/td><td><\/td><\/tr><tr><td>C\u00e2y r\u1ea3y n\u01b0\u1edbc Th\u00e1nh<\/td><td>\u704c\u6c34\u68d2<\/td><td>Kansuibou<\/td><td><\/td><\/tr><tr><td>L\u00e0m ph\u00e9p t\u01b0\u1ee3ng<\/td><td>\u8056\u5177\u306e\u795d\u798f <\/td><td>Seigunoshukufuku<\/td><td><\/td><\/tr><tr><td>L\u00e0m ph\u00e9p n\u1ebfn Ph\u1ee5c sinh<\/td><td>\u5fa9\u6d3b\u874b\u71ed\u306e\u795d\u798f <\/td><td>Fukatsurousokunoshukufuku<\/td><td><\/td><\/tr><tr><td>B\u00e0i Exsultet<\/td><td>\u5fa9\u6d3b\u8cdb\u6b4c <\/td><td>Fukkatsusanka<\/td><td><\/td><\/tr><tr><td>Th\u00e1ng M\u00e2n c\u00f4i<\/td><td>\u30ed\u30b6\u30ea\u30aa\u306e\u6708<\/td><td>Rosarionotsuki<\/td><td><\/td><\/tr><tr><td>L\u1ec5 tr\u1ecdng<\/td><td>\u796d\u65e5<\/td><td>Saijitsu<\/td><td><\/td><\/tr><tr><td>L\u1ec5 k\u00ednh<\/td><td>\u795d\u65e5<\/td><td>Shukujitsu<\/td><td><\/td><\/tr><tr><td>L\u1ec5 nh\u1edb bu\u1ed9c<\/td><td>\u8a18\u5ff5\u65e5<\/td><td>Kinen (bi)<\/td><td><\/td><\/tr><tr><td>Ch\u01b0 Th\u00e1nh<\/td><td>\u8af8\u8056\u4eba<\/td><td>Shoseijin<\/td><td><\/td><\/tr><tr><td>Th\u00e1nh t\u00f4ng \u0111\u1ed3<\/td><td>\u4f7f\u5f92<\/td><td><\/td><td><\/td><\/tr><tr><td>Th\u00e1nh t\u1eed \u0111\u1ea1o<\/td><td>\u6b89\u6559\u8005\uff08\u8056\u4eba\uff09<\/td><td><\/td><td><\/td><\/tr><tr><td>Th\u00e1nh m\u1ee5c t\u1eed<\/td><td>\u7267\u8005\uff08\u8056\u4eba\uff09<\/td><td><\/td><td><\/td><\/tr><tr><td>Th\u00e1nh tu s\u0129<\/td><td>\u4fee\u9053\u8005\uff08\u8056\u4eba\uff09<\/td><td><\/td><td><\/td><\/tr><tr><td>Th\u00e1nh ti\u1ebfn s\u0129<\/td><td>\u8056\u4eba\uff08\u6559\u4f1a\u306e\u535a\u58eb\uff09<\/td><td><\/td><td><\/td><\/tr><tr><td>Th\u00e1nh trinh n\u1eef<\/td><td>\u304a\u3068\u3081\uff08\u8056\u5973\uff09<\/td><td>otome<\/td><td><\/td><\/tr><\/tbody><\/table><\/figure>\n\n\n\n<figure class=\"wp-block-table is-style-stripes\"><table class=\"has-text-color has-background\" style=\"background:linear-gradient(135deg,rgb(249,248,245) 0%,rgb(182,227,212) 50%,rgb(51,167,181) 100%);color:#1e4bd5\"><tbody><tr><td>C\u1ea6U NGUY\u1ec6N <br>-Th\u00e1nh L\u1ec5 <br>-D\u1ef1 L\u1ec5 <br>-Kinh ph\u1ee5ng v\u1ee5 <br>-\u0110\u1ecdc kinh ph\u1ee5ng v\u1ee5<br>-C\u1ea7u nguy\u1ec7n t\u1ef1 ph\u00e1t <br>-Ch\u1ea7u Th\u00e1nh Th\u1ec3 <br>-Nguy\u1ec7n ng\u1eafm <br>-T\u0129nh t\u00e2m <br><br>-L\u1ea7n h\u1ea1t M\u00e2n c\u00f4i <br>-D\u00e2ng hoa k\u00ednh \u0110\u1ee9c M\u1eb9 <br>-R\u01b0\u1edbc ki\u1ec7u \u0110\u1ee9c M\u1eb9 <br>-Ki\u1ec7u M\u00ecnh Th\u00e1nh Ch\u00faa <br>-S\u1ed1t s\u1eafng( c\u1ea7u nguy\u1ec7n) <br>-Chia tr\u00ed, lo ra <br>-Qu\u1ef3 -Ph\u1ee7 ph\u1ee5c <br>-C\u00fai \u0111\u1ea7u th\u1edd l\u1ea1y <br>-L\u00e0m d\u1ea5u th\u00e1nh gi\u00e1 <br>-Ch\u1eafp tay <br>-(\u0110\u1ecdc v\u00e0 ) Chia s\u1ebb L\u1eddi Ch\u00faa( theo nh\u00f3m&#8230;) <br>-S\u00e1ch thi\u00eang li\u00eang(\u0111\u1ea1o \u0111\u1ee9c) <br>-Kinh th\u00e1nh <br>-Kinh th\u00e1nh c\u1ef1u \u01b0\u1edbc<br>-Kinh Th\u00e1nh T\u00e2n \u01af\u1edbc <br>-Tin M\u1eebng Nh\u1ea5t L\u00e3m(Mt,Mc,Lc)<\/td><td>\u7948\u308a <br>\u30df\u30b5 <br>\u30df\u30b5\u306b\u3042\u305a\u304b\u308b <br>\u8056\u52d9\u65e5\u8ab2 <br>\u6559\u4f1a\u306e\u7948\u308a\u3092\u5531\u3048\u308b <br>\u81ea\u767a\u7684\u306a\u7948\u308a\uff08\u81ea\u767a\u7684\u306b\u7948\u308b\uff09 <br>\u8056\u4f53\u8cdb\u7f8e\u5f0f <br>\u9ed9\u60f3 <br>\u9ed9\u60f3 <br><br>\u30ed\u30b6\u30ea\u30aa\u3092\u5531\u3048\u308b <br>\u8056\u6bcd\u3078\u306e\u732e\u82b1 <br>\u8056\u6bcd\u884c\u5217 <br>\u8056\u4f53\u884c\u5217 <br>\uff08\u96c6\u4e2d\u3057\u3066\uff09\u7948\u308a <br>\u6c17\u304c\u6563\u3089\u3059 <br>\u8dea\u304d <br>\u3072\u308c\u4f0f\u3057 <br>\u982d\u3092\u4e0b\u3052\u308b <br>\u5341\u5b57\u67b6\u3092\u5207\u308b <br>\u624b\u3092\u5408\u308f\u305b\uff08\u308b\uff09 <br>\u307f\u3053\u3068\u3070\u306e\u5206\u304b\u3061\u5408\u3044 <br>\u970a\u7684\u8aad\u66f8 <br>\u8056\u66f8 <br>\u65e7\u7d04\u8056\u66f8 <br>\u65b0\u7d04\u8056\u66f8 <br>\u5171\u89b3\u798f\u97f3\u66f8 &nbsp; &nbsp;<\/td><\/tr><\/tbody><\/table><\/figure>\n\n\n\n<p><\/p>\n","protected":false},"excerpt":{"rendered":"<p>M\u00f9a V\u1ecdng \u5f85\u964d\u7bc0 Taikousetsu Advent M\u00f9a ph\u1ee5c sinh \u5fa9\u6d3b\u796d  &#8230;<\/p>\n<p> <a class=\"continue-reading-link\" href=\"https:\/\/dboratorio.tokyo\/catholicwords\/?page_id=27\"><span>Continue reading<\/span><i class=\"crycon-right-dir\"><\/i><\/a> <\/p>\n","protected":false},"author":1,"featured_media":0,"parent":0,"menu_order":0,"comment_status":"closed","ping_status":"closed","template":"","meta":[],"_links":{"self":[{"href":"https:\/\/dboratorio.tokyo\/catholicwords\/index.php?rest_route=\/wp\/v2\/pages\/27"}],"collection":[{"href":"https:\/\/dboratorio.tokyo\/catholicwords\/index.php?rest_route=\/wp\/v2\/pages"}],"about":[{"href":"https:\/\/dboratorio.tokyo\/catholicwords\/index.php?rest_route=\/wp\/v2\/types\/page"}],"author":[{"embeddable":true,"href":"https:\/\/dboratorio.tokyo\/catholicwords\/index.php?rest_route=\/wp\/v2\/users\/1"}],"replies":[{"embeddable":true,"href":"https:\/\/dboratorio.tokyo\/catholicwords\/index.php?rest_route=%2Fwp%2Fv2%2Fcomments&post=27"}],"version-history":[{"count":15,"href":"https:\/\/dboratorio.tokyo\/catholicwords\/index.php?rest_route=\/wp\/v2\/pages\/27\/revisions"}],"predecessor-version":[{"id":278,"href":"https:\/\/dboratorio.tokyo\/catholicwords\/index.php?rest_route=\/wp\/v2\/pages\/27\/revisions\/278"}],"wp:attachment":[{"href":"https:\/\/dboratorio.tokyo\/catholicwords\/index.php?rest_route=%2Fwp%2Fv2%2Fmedia&parent=27"}],"curies":[{"name":"wp","href":"https:\/\/api.w.org\/{rel}","templated":true}]}}