{"id":29,"date":"2022-02-03T10:22:24","date_gmt":"2022-02-03T01:22:24","guid":{"rendered":"https:\/\/dboratorio.tokyo\/catholicwords\/?page_id=29"},"modified":"2025-12-29T15:31:26","modified_gmt":"2025-12-29T06:31:26","slug":"dong-tu","status":"publish","type":"page","link":"https:\/\/dboratorio.tokyo\/catholicwords\/?page_id=29","title":{"rendered":"Gi\u00e1o l\u00fd &#8211; D\u00f2ng tu"},"content":{"rendered":"\n<p> \u30ab\u30c6\u30ad\u30ba\u30e0 \/ \u30ab\u30c6\u30ad\u30ba\u30e0<\/p>\n\n\n\n<figure class=\"wp-block-table is-style-stripes\"><table><tbody><tr><td>D\u1ea1y gi\u00e1o l\u00fd<\/td><td>religious<\/td><\/tr><tr><td>Ban gi\u00e1o l\u00fd<\/td><td>Parish Pastoral Council<\/td><\/tr><tr><td>Gi\u00e1o l\u00fd vi\u00ean<\/td><td>Catechist<\/td><\/tr><tr><td>S\u00e1ch gi\u00e1o l\u00fd\/ ch\u01b0\u01a1ng tr\u00ecnh gi\u00e1o l\u00fd<\/td><td><\/td><\/tr><tr><td>L\u1edbp gi\u00e1o l\u00fd v\u1ee1 l\u00f2ng<\/td><td><\/td><\/tr><tr><td>Gi\u00e1o l\u00fd d\u1ef1 t\u00f2ng<\/td><td><\/td><\/tr><tr><td>Gi\u00e1o l\u00fd h\u00f4n nh\u00e2n<\/td><td><\/td><\/tr><tr><td>Gi\u00e1o l\u00fd th\u00eam s\u1ee9c<\/td><td><\/td><\/tr><tr><td>Nghi th\u1ee9c r\u1eeda t\u1ed9i<\/td><td>Proof of baptism<\/td><\/tr><tr><td>Nghi th\u1ee9c gia nh\u1eadp h\u1ed9i th\u00e1nh<\/td><td><\/td><\/tr><tr><td>L\u1ec5 ban b\u00ed t\u00edch th\u00eam s\u1ee9c<\/td><td><\/td><\/tr><tr><td>L\u1ec5 h\u00f4n ph\u1ed1i<\/td><td><\/td><\/tr><tr><td>L\u1ec5 an t\u00e1ng<\/td><td>Funeral Mass<\/td><\/tr><tr><td><\/td><td><\/td><\/tr><\/tbody><\/table><\/figure>\n\n\n\n<p class=\"has-text-color has-background\" style=\"background-color:#f6f3d9;color:#5304dc\">C\u00c1C D\u00d2NG TU  \u30ab\u30c6\u30ad\u30ba\u30e0<br>-D\u00f2ng chi\u00eam ni\u1ec7m\/ \u0110an vi\u1ec7n \u89b3\u60f3\u4fee\u9053\u4f1a<br>-D\u00f2ng thu\u1ed9c quy\u1ec1n gi\u00e1o ho\u00e0ng \u6559\u7687\u5e81\u7acb\u4fee\u9053\u4f1a<br>-D\u00f2ng thu\u1ed9c quy\u1ec1n gi\u00e1o ph\u1eadn \u6559\u533a\u7acb\u4fee\u9053\u4f1a<br>-Tu \u0111o\u00e0n \u2026\u4f1a<br>-Tu h\u1ed9i \u0111\u1eddi \u5728\u4fd7\u4f1a<br>-Tu s\u0129 \u4fee\u9053\u8005<br>-\u0110an vi\u1ec7n tr\u01b0\u1edfng\/ \u0110an vi\u1ec7n ph\u1ee5 \u9662\u9577<br>-B\u1ec1 tr\u00ean t\u1ed5ng quy\u1ec1n \u7dcf\u9577<br>( D\u00f2ng thu\u1ed9c quy\u1ec1n gi\u00e1o ho\u00e0ng)<br>-B\u1ec1 tr\u00ean gi\u00e1m t\u1ec9nh( t\u1eebng qu\u1ed1c gia, d\u00f2ng thu\u1ed9c quy\u1ec1n Gi\u00e1o Ho\u00e0ng) \u7ba1\u533a\u9577<br>-Ph\u00f3 gi\u00e1m t\u1ec9nh \u526f\u7ba1\u533a\u9577<br>-T\u1ed5ng ph\u1ee5 tr\u00e1ch( h\u1ed9i d\u00f2ng) \u7dcf\u9577<br>-T\u1ed5ng Th\u01b0 k\u00ed (h\u1ed9i d\u00f2ng ) \u79d8\u66f8<br>-T\u1ed5ng qu\u1ea3n l\u00ed (h\u1ed9i d\u00f2ng) \u8ca1\u52d9<br>-\u0110\u1ec7 t\u1eed\/ ng\u01b0\u1eddi t\u00ecm hi\u1ec3u \u01a1n g\u1ecdi( c\u00e1c ch\u00fa) \u5fd7\u9858\u751f<br>-Th\u1ec9nh sinh \u5fd7\u9858\u751f<br>-T\u1eadp sinh \u4fee\u7df4\u751f<br>-Kh\u1ea5n sinh \u7acb\u9858\u8005<br>-Ti\u00ean kh\u1ea5n\/ kh\u1ea5n t\u1ea1m \u521d\u8a93\u9858\/\u6709\u671f\u8a93\u9858<br>-V\u0129nh kh\u1ea5n\/ kh\u1ea5n tr\u1ecdn \u7d42\u751f\u8a93\u9858<br>-Gi\u00e1m t\u1eadp( ng\u01b0\u1eddi coi t\u1eadp sinh) \u4fee\u7df4\u9577<br>-Nghi th\u1ee9c gia nh\u1eadp t\u1eadp vi\u1ec7n \u4fee\u7df4\u671f\u958b\u59cb\u5f0f<br>-Nghi th\u1ee9c kh\u1ea5n t\u1ea1m \u6709\u671f\u8a93\u9858\u8a93\u9858\u5f0f<br>-Nghi th\u1ee9c kh\u1ea5n tr\u1ecdn \u7d42\u751f\u8a93\u9858\u8a93\u9858\u5f0f<br>-Gi\u1ea3ng t\u0129nh t\u00e2m \u9ed9\u60f3\u306e\u8b1b\u8a71<br>-Linh m\u1ee5c \u0111o\u00e0n \u53f8\u796d\u56e3<\/p>\n","protected":false},"excerpt":{"rendered":"<p>\u30ab\u30c6\u30ad\u30ba\u30e0 \/ \u30ab\u30c6\u30ad\u30ba\u30e0 D\u1ea1y gi\u00e1o l\u00fd religious Ban gi\u00e1o l\u00fd Pa &#8230;<\/p>\n<p> <a class=\"continue-reading-link\" href=\"https:\/\/dboratorio.tokyo\/catholicwords\/?page_id=29\"><span>Continue reading<\/span><i class=\"crycon-right-dir\"><\/i><\/a> <\/p>\n","protected":false},"author":1,"featured_media":0,"parent":0,"menu_order":0,"comment_status":"closed","ping_status":"closed","template":"","meta":[],"_links":{"self":[{"href":"https:\/\/dboratorio.tokyo\/catholicwords\/index.php?rest_route=\/wp\/v2\/pages\/29"}],"collection":[{"href":"https:\/\/dboratorio.tokyo\/catholicwords\/index.php?rest_route=\/wp\/v2\/pages"}],"about":[{"href":"https:\/\/dboratorio.tokyo\/catholicwords\/index.php?rest_route=\/wp\/v2\/types\/page"}],"author":[{"embeddable":true,"href":"https:\/\/dboratorio.tokyo\/catholicwords\/index.php?rest_route=\/wp\/v2\/users\/1"}],"replies":[{"embeddable":true,"href":"https:\/\/dboratorio.tokyo\/catholicwords\/index.php?rest_route=%2Fwp%2Fv2%2Fcomments&post=29"}],"version-history":[{"count":13,"href":"https:\/\/dboratorio.tokyo\/catholicwords\/index.php?rest_route=\/wp\/v2\/pages\/29\/revisions"}],"predecessor-version":[{"id":368,"href":"https:\/\/dboratorio.tokyo\/catholicwords\/index.php?rest_route=\/wp\/v2\/pages\/29\/revisions\/368"}],"wp:attachment":[{"href":"https:\/\/dboratorio.tokyo\/catholicwords\/index.php?rest_route=%2Fwp%2Fv2%2Fmedia&parent=29"}],"curies":[{"name":"wp","href":"https:\/\/api.w.org\/{rel}","templated":true}]}}