{"id":3,"date":"2022-02-02T03:00:24","date_gmt":"2022-02-02T03:00:24","guid":{"rendered":"https:\/\/dboratorio.tokyo\/catholicwords\/?page_id=3"},"modified":"2022-02-09T17:48:41","modified_gmt":"2022-02-09T08:48:41","slug":"privacy-policy","status":"publish","type":"page","link":"https:\/\/dboratorio.tokyo\/catholicwords\/?page_id=3","title":{"rendered":"P\u03acl\u0259si"},"content":{"rendered":"\n<h2 class=\"has-vivid-cyan-blue-color has-text-color\" id=\"nguy\u1ec7n-xa-don-bosco-nhom-t\u1eeb-ng\u1eef-cong-giao-vi\u1ec7t-nh\u1eadt\">Nguy\u1ec7n X\u00e1 Don Bosco -Nh\u00f3m t\u1eeb ng\u1eef C\u00f4ng gi\u00e1o Vi\u1ec7t-Nh\u1eadt-<br><\/h2>\n\n\n\n<p class=\"has-drop-cap has-text-color has-background\" style=\"background-color:#e1f3f2;color:#0b1de8\"><strong>R<\/strong>\u1ea5t mong qu\u00fd v\u1ecb  \u0111\u00f3ng g\u00f3p trang &#8220;t\u1eeb ng\u1eef C\u00f4ng gi\u00e1o Vi\u1ec7t-Nh\u1eadt&#8221; b\u1eb1ng c\u00e1ch g\u1edfi E-mail v\u00e0 vi\u1ebft nh\u1eefng &#8220;t\u1eeb ng\u1eef&#8221; Vi\u1ec7t hay Nh\u1eadt ng\u1eef \u1ea5y cho ch\u00fang t\u00f4i. <br>Nh\u00f3m s\u1ebd c\u1ed1 g\u1eafng c\u1eadp nh\u1eadt s\u1edbm nh\u1ea5t khi n\u00e0o c\u00f3 th\u1ec3&#8230;<br><br><br>Website: https:\/\/dboratorio.tokyo\/catholicwords<br>E-mail: donbosco@dboratorio.tokyo<br>Tel: 042-482-3717<br>Add: \u3012182-0033 \u6771\u4eac\u90fd\u8abf\u5e03\u5e02\u5bcc\u58eb\u898b\u753a3-21-12 \u30c9\u30f3\u30fb\u30dc\u30b9\u30b3\u3000\u30aa\u30e9\u30c8\u30ea\u30aa<br>Don Bosco Oratorio Fujimicho 3-21-12 Chofu-shi Tokyo 182-0033<\/p>\n\n\n\n<div class=\"wp-block-image\"><figure class=\"alignright size-full\"><img loading=\"lazy\" width=\"240\" height=\"240\" src=\"https:\/\/dboratorio.tokyo\/catholicwords\/wp-content\/uploads\/2022\/02\/DB.png\" alt=\"\" class=\"wp-image-46\" srcset=\"https:\/\/dboratorio.tokyo\/catholicwords\/wp-content\/uploads\/2022\/02\/DB.png 240w, https:\/\/dboratorio.tokyo\/catholicwords\/wp-content\/uploads\/2022\/02\/DB-150x150.png 150w\" sizes=\"(max-width: 240px) 100vw, 240px\" \/><\/figure><\/div>\n\n\n\n<p><\/p>\n","protected":false},"excerpt":{"rendered":"<p>Nguy\u1ec7n X\u00e1 Don Bosco -Nh\u00f3m t\u1eeb ng\u1eef C\u00f4ng gi\u00e1o Vi\u1ec7t-Nh &#8230;<\/p>\n<p> <a class=\"continue-reading-link\" href=\"https:\/\/dboratorio.tokyo\/catholicwords\/?page_id=3\"><span>Continue reading<\/span><i class=\"crycon-right-dir\"><\/i><\/a> <\/p>\n","protected":false},"author":1,"featured_media":0,"parent":0,"menu_order":0,"comment_status":"closed","ping_status":"open","template":"","meta":[],"_links":{"self":[{"href":"https:\/\/dboratorio.tokyo\/catholicwords\/index.php?rest_route=\/wp\/v2\/pages\/3"}],"collection":[{"href":"https:\/\/dboratorio.tokyo\/catholicwords\/index.php?rest_route=\/wp\/v2\/pages"}],"about":[{"href":"https:\/\/dboratorio.tokyo\/catholicwords\/index.php?rest_route=\/wp\/v2\/types\/page"}],"author":[{"embeddable":true,"href":"https:\/\/dboratorio.tokyo\/catholicwords\/index.php?rest_route=\/wp\/v2\/users\/1"}],"replies":[{"embeddable":true,"href":"https:\/\/dboratorio.tokyo\/catholicwords\/index.php?rest_route=%2Fwp%2Fv2%2Fcomments&post=3"}],"version-history":[{"count":6,"href":"https:\/\/dboratorio.tokyo\/catholicwords\/index.php?rest_route=\/wp\/v2\/pages\/3\/revisions"}],"predecessor-version":[{"id":115,"href":"https:\/\/dboratorio.tokyo\/catholicwords\/index.php?rest_route=\/wp\/v2\/pages\/3\/revisions\/115"}],"wp:attachment":[{"href":"https:\/\/dboratorio.tokyo\/catholicwords\/index.php?rest_route=%2Fwp%2Fv2%2Fmedia&parent=3"}],"curies":[{"name":"wp","href":"https:\/\/api.w.org\/{rel}","templated":true}]}}