{"id":108,"date":"2025-11-08T06:36:10","date_gmt":"2025-11-07T21:36:10","guid":{"rendered":"https:\/\/dboratorio.tokyo\/kawahara\/?page_id=108"},"modified":"2025-11-08T08:29:33","modified_gmt":"2025-11-07T23:29:33","slug":"mot-vai-kinh-thuong-nhat","status":"publish","type":"page","link":"https:\/\/dboratorio.tokyo\/kawahara\/?page_id=108","title":{"rendered":"M\u1ed9t v\u00e0i Kinh Th\u01b0\u1eddng Nh\u1eadt"},"content":{"rendered":"\n<pre class=\"wp-block-preformatted\"><strong>D\u1ea4U TH\u00c1NH GI\u00c1<\/strong><br>Nh\u00e2n danh Cha + v\u00e0 Con v\u00e0 Th\u00e1nh Th\u1ea7n . Amen.<br>(ho\u0103c): Nh\u00e2n danh Ch\u00faa Cha + v\u00e0 Ch\u00faa Con v\u00e0 Ch\u00faa Th\u00e1nh Th\u1ea7n. Amen.<br>(d\u1ea5u k\u00e9p): L\u1ea1y Ch\u00faa ch\u00fang con, v\u00ec d\u1ea5u + Th\u00e1nh Gi\u00e1, xin ch\u1eefa + ch\u00fang con, cho kh\u1ecfi + k\u1ebb th\u00f9. Nh\u00e2n danh Cha + v\u00e0 Con v\u00e0 Th\u00e1nh Th\u1ea7n. Amen.<br><br><strong>Kinh L\u1ea1y Cha<\/strong><br>L\u1ea1y Cha ch\u00fang con \u1edf tr\u00ean tr\u1eddi, ch\u00fang con nguy\u1ec7n danh Cha c\u1ea3 s\u00e1ng, n\u01b0\u1edbc Cha tr\u1ecb \u0111\u1ebfn, \u00fd Cha th\u1ec3 hi\u1ec7n d\u01b0\u1edbi \u0111\u1ea5t c\u0169ng nh\u01b0 tr\u00ean tr\u1eddi.<br>Xin Cha cho ch\u00fang con h\u00f4m nay l\u01b0\u01a1ng th\u1ef1c h\u1eb1ng ng\u00e0y, v\u00e0 tha n\u1ee3 ch\u00fang con nh\u01b0 ch\u00fang con c\u0169ng tha k\u1ebb c\u00f3 n\u1ee3 ch\u00fang con. Xin ch\u1edb \u0111\u1ec3 ch\u00fang con sa ch\u01b0\u1edbc c\u00e1m d\u1ed7, nh\u01b0ng c\u1ee9u ch\u00fang con cho kh\u1ecfi m\u1ecdi s\u1ef1 d\u1eef. Amen.<br><br><strong>Kinh K\u00ednh M\u1eebng<\/strong><br>K\u00ednh m\u1eebng Maria \u0111\u1ea7y \u01a1n ph\u00fac \u0110\u1ee9c Ch\u00faa Tr\u1eddi \u1edf c\u00f9ng B\u00e0, B\u00e0 c\u00f3 ph\u00fac l\u1ea1 h\u01a1n m\u1ecdi ng\u01b0\u1eddi n\u1eef, v\u00e0 Gi\u00easu con l\u00f2ng B\u00e0 g\u1ed3m ph\u00fac l\u1ea1.<br>Th\u00e1nh Maria \u0110\u1ee9c M\u1eb9 Ch\u00faa Tr\u1eddi c\u1ea7u cho ch\u00fang con l\u00e0 k\u1ebb c\u00f3 t\u1ed9i khi n\u00e0y v\u00e0 trong gi\u1edd l\u00e2m t\u1eed, Amen.<br><br><strong>Kinh S\u00e1ng Danh<\/strong><br>S\u00e1ng danh \u0110\u1ee9c Ch\u00faa Cha v\u00e0 \u0110\u1ee9c Ch\u00faa Con, v\u00e0 \u0110\u01b0\u0301c Ch\u00faa Th\u00e1nh Th\u1ea7n. <br>Nh\u01b0 \u0111\u00e3 c\u00f3 tr\u01b0\u01a1\u0301c v\u00f4 c\u00f9ng v\u00e0 b\u00e2y gi\u1edd v\u00e0 h\u1eb1ng c\u00f3 v\u00e0 \u0111\u1eddi \u0111\u1eddi ch\u1eb3ng c\u00f9ng. Amen.<br><br><strong>Kinh Th\u00fa Nh\u1eadn<\/strong> (Kinh C\u00e1o M\u00ecnh)<br>T\u00f4i th\u00fa nh\u1eadn c\u00f9ng Thi\u00ean Ch\u00faa to\u00e0n n\u0103ng, v\u00e0 c\u00f9ng anh ch\u1ecb em, t\u00f4i \u0111\u00e3 ph\u1ea1m t\u1ed9i nhi\u1ec1u trong t\u01b0 t\u01b0\u1edfng, l\u1eddi n\u00f3i, vi\u1ec7c l\u00e0m, v\u00e0 nh\u1eefng \u0111i\u1ec1u thi\u1ebfu s\u00f3t. L\u1ed7i t\u1ea1i t\u00f4i, l\u1ed7i t\u1ea1i t\u00f4i, l\u1ed7i t\u1ea1i t\u00f4i m\u1ecdi \u0111\u00e0ng. V\u00ec v\u1eady t\u00f4i xin \u0110\u1ee9c B\u00e0 Ma-ri-a tr\u1ecdn \u0111\u1eddi \u0111\u1ed3ng trinh, c\u00e1c Thi\u00ean Th\u1ea7n, c\u00e1c Th\u00e1nh, v\u00e0 anh ch\u1ecb em kh\u1ea9n c\u1ea7u cho t\u00f4i tr\u01b0\u1edbc t\u00f2a Thi\u00ean Ch\u00faa, Ch\u00faa ch\u00fang ta.<br><br><strong>Kinh Vinh Danh<\/strong><br>Vinh danh Thi\u00ean Ch\u00faa tr\u00ean c\u00e1c t\u1ea7ng tr\u1eddi, v\u00e0 b\u00ecnh an d\u01b0\u1edbi th\u1ebf cho ng\u01b0\u1eddi thi\u1ec7n t\u00e2m. Ch\u00fang con ca ng\u1ee3i Ch\u00faa, ch\u00fang con ch\u00fac t\u1ee5ng Ch\u00faa, ch\u00fang con th\u1edd l\u1ea1y Ch\u00faa, ch\u00fang con t\u00f4n vinh Ch\u00faa, ch\u00fang con c\u1ea3m t\u1ea1 Ch\u00faa v\u00ec vinh quang cao c\u1ea3 Ch\u00faa. L\u1ea1y Ch\u00faa l\u00e0 Thi\u00ean Ch\u00faa, l\u00e0 Vua tr\u00ean tr\u1eddi, l\u00e0 Ch\u00faa Cha to\u00e0n n\u0103ng. L\u1ea1y Con M\u1ed9t Thi\u00ean Ch\u00faa, Ch\u00faa Gi\u00ea-su Ki-t\u00f4 (c\u00fai \u0111\u1ea7u), L\u1ea1y Ch\u00faa l\u00e0 Thi\u00ean Ch\u00faa, l\u00e0 Chi\u00ean Thi\u00ean Ch\u00faa, l\u00e0 Con \u00d0\u1ee9c Ch\u00faa Cha. Ch\u00faa x\u00f3a t\u1ed9i tr\u1ea7n gian, xin th\u01b0\u01a1ng x\u00f3t ch\u00fang con; Ch\u00faa x\u00f3a t\u1ed9i tr\u1ea7n gian, xin nh\u1eadm l\u1eddi ch\u00fang con c\u1ea7u kh\u1ea9n. Ch\u00faa ng\u1ef1 b\u00ean h\u1eefu \u00d0\u1ee9c Ch\u00faa Cha, xin th\u01b0\u01a1ng x\u00f3t ch\u00fang con. V\u00ec, l\u1ea1y Ch\u00faa Gi\u00ea-su Ki-t\u00f4 (c\u00fai \u0111\u1ea7u), ch\u1ec9 c\u00f3 Ch\u00faa l\u00e0 \u00d0\u1ea5ng Th\u00e1nh, ch\u1ec9 c\u00f3 Ch\u00faa l\u00e0 Ch\u00faa, ch\u1ec9 c\u00f3 Ch\u00faa l\u00e0 \u00d0\u1ea5ng T\u1ed1i Cao, c\u00f9ng \u00d0\u1ee9c Ch\u00faa Th\u00e1nh Th\u1ea7n trong vinh quang \u00d0\u1ee9c Ch\u00faa Cha. Amen.<br><br><strong>Kinh Tin K\u00ednh Nicea<\/strong> \u2013 Constantinopoli (D\u00f9ng trong Th\u00e1nh l\u1ec5)<br>T\u00f4i tin k\u00ednh m\u1ed9t Thi\u00ean Ch\u00faa l\u00e0 Cha to\u00e0n n\u0103ng, \u00d0\u1ea5ng t\u1ea1o th\u00e0nh tr\u1eddi \u0111\u1ea5t, mu\u00f4n v\u1eadt h\u1eefu h\u00ecnh v\u00e0 v\u00f4 h\u00ecnh. T\u00f4i tin k\u00ednh m\u1ed9t Ch\u00faa Gi\u00ea-su Ki-t\u00f4, Con M\u1ed9t Thi\u00ean Ch\u00faa, sinh b\u1edfi \u00d0\u1ee9c Ch\u00faa Cha t\u1eeb tr\u01b0\u1edbc mu\u00f4n \u0111\u1eddi, Ng\u01b0\u1eddi l\u00e0 Thi\u00ean Ch\u00faa b\u1edfi Thi\u00ean Ch\u00faa, \u00c1nh S\u00e1ng b\u1edfi \u00c1nh S\u00e1ng, Thi\u00ean Ch\u00faa th\u1eadt b\u1edfi Thi\u00ean Ch\u00faa th\u1eadt, \u0111\u01b0\u1ee3c sinh ra m\u00e0 kh\u00f4ng ph\u1ea3i \u0111\u01b0\u1ee3c t\u1ea1o th\u00e0nh, \u0111\u1ed3ng b\u1ea3n th\u1ec3 v\u1edbi \u00d0\u1ee9c Ch\u00faa Cha. Nh\u1edd Ng\u01b0\u1eddi m\u00e0 mu\u00f4n v\u1eadt \u0111\u01b0\u1ee3c t\u1ea1o th\u00e0nh. V\u00ec lo\u00e0i ng\u01b0\u1eddi ch\u00fang ta v\u00e0 \u0111\u1ec3 c\u1ee9u \u0111\u1ed9 ch\u00fang ta, Ng\u01b0\u1eddi \u0111\u00e3 t\u1eeb tr\u1eddi xu\u1ed1ng th\u1ebf: B\u1edfi ph\u00e9p \u00d0\u1ee9c Ch\u00faa Th\u00e1nh Th\u1ea7n, Ng\u01b0\u1eddi \u0111\u00e3 nh\u1eadp th\u1ec3 trong l\u00f2ng Trinh N\u1eef Ma-ri-a, v\u00e0 \u0111\u00e3 l\u00e0m ng\u01b0\u1eddi. Ng\u01b0\u1eddi ch\u1ecbu \u0111\u00f3ng \u0111inh v\u00e0o th\u1eadp gi\u00e1 v\u00ec ch\u00fang ta, th\u1eddi quan Phong-xi-\u00f4 Phi-la-t\u00f4; Ng\u01b0\u1eddi ch\u1ecbu kh\u1ed5 h\u00ecnh v\u00e0 mai t\u00e1ng. Ng\u00e0y th\u1ee9 ba Ng\u01b0\u1eddi s\u1ed1ng l\u1ea1i nh\u01b0 l\u1eddi Th\u00e1nh Kinh; Ng\u01b0\u1eddi l\u00ean tr\u1eddi, ng\u1ef1 b\u00ean h\u1eefu \u00d0\u1ee9c Ch\u00faa Cha. V\u00e0 Ng\u01b0\u1eddi s\u1ebd l\u1ea1i \u0111\u1ebfn trong vinh quang \u0111\u1ec3 ph\u00e1n x\u00e9t k\u1ebb s\u1ed1ng v\u00e0 k\u1ebb ch\u1ebft, N\u01b0\u1edbc Ng\u01b0\u1eddi s\u1ebd kh\u00f4ng bao gi\u1edd c\u00f9ng. T\u00f4i tin k\u00ednh \u00d0\u1ee9c Ch\u00faa Th\u00e1nh Th\u1ea7n l\u00e0 Thi\u00ean Ch\u00faa v\u00e0 l\u00e0 \u00d0\u1ea5ng ban s\u1ef1 s\u1ed1ng, Ng\u01b0\u1eddi b\u1edfi \u00d0\u1ee9c Ch\u00faa Cha v\u00e0 \u00d0\u1ee9c Ch\u00faa Con m\u00e0 ra. Ng\u01b0\u1eddi \u0111\u01b0\u1ee3c ph\u1ee5ng th\u1edd v\u00e0 t\u00f4n vinh c\u00f9ng v\u1edbi \u00d0\u1ee9c Ch\u00faa Cha v\u00e0 \u00d0\u1ee9c Ch\u00faa Con. Ng\u01b0\u1eddi \u0111\u00e3 d\u00f9ng c\u00e1c ti\u00ean tri m\u00e0 ph\u00e1n d\u1ea1y. T\u00f4i tin H\u1ed9i Th\u00e1nh duy nh\u1ea5t, th\u00e1nh thi\u1ec7n, c\u00f4ng gi\u00e1o v\u00e0 t\u00f4ng truy\u1ec1n. T\u00f4i tuy\u00ean x\u01b0ng c\u00f3 m\u1ed9t Ph\u00e9p R\u1eeda \u0111\u1ec3 tha t\u1ed9i. T\u00f4i tr\u00f4ng \u0111\u1ee3i k\u1ebb ch\u1ebft s\u1ed1ng l\u1ea1i v\u00e0 s\u1ef1 s\u1ed1ng \u0111\u1eddi sau. Amen.<br><br><strong>Kinh Tin K\u00ednh<\/strong> (Kinh Tin K\u00ednh c\u00e1c Th\u00e1nh T\u00f4ng \u0110\u1ed3)<br>T\u00f4i tin k\u00ednh \u0110\u1ee9c Ch\u00faa Tr\u1eddi l\u00e0 Cha ph\u00e9p t\u1eafc v\u00f4 c\u00f9ng d\u1ef1ng n\u00ean tr\u1eddi \u0111\u1ea5t. T\u00f4i tin k\u00ednh \u0110\u1ee9c Ch\u00faa Gi\u00ea-su Ki-t\u00f4 l\u00e0 Con M\u1ed9t \u0110\u1ee9c Ch\u00faa Cha, c\u00f9ng l\u00e0 Ch\u00faa ch\u00fang t\u00f4i. B\u1edfi ph\u00e9p \u0110\u1ee9c Ch\u00faa Th\u00e1nh Th\u1ea7n m\u00e0 Ng\u01b0\u1eddi xu\u1ed1ng thai, sinh b\u1edfi B\u00e0 Ma-ri-a \u0111\u1ed3ng trinh, ch\u1ecbu n\u1ea1n \u0111\u1eddi quan Phong-xi-\u00f4 Phi-la-t\u00f4, ch\u1ecbu \u0111\u00f3ng \u0111inh tr\u00ean c\u00e2y Th\u00e1nh Gi\u00e1, ch\u1ebft v\u00e0 t\u00e1ng x\u00e1c. Xu\u1ed1ng ng\u1ee5c t\u1ed5 t\u00f4ng. Ng\u00e0y th\u1ee9 ba b\u1edfi trong k\u1ebb ch\u1ebft m\u00e0 s\u1ed1ng l\u1ea1i. L\u00ean tr\u1eddi ng\u1ef1 b\u00ean h\u1eefu \u0110\u1ee9c Ch\u00faa Cha ph\u00e9p t\u1eafc v\u00f4 c\u00f9ng. Ng\u00e0y sau b\u1edfi tr\u1eddi l\u1ea1i xu\u1ed1ng ph\u00e1n x\u00e9t k\u1ebb s\u1ed1ng v\u00e0 k\u1ebb ch\u1ebft. T\u00f4i tin k\u00ednh \u0110\u1ee9c Ch\u00faa Ch\u00faa Th\u00e1nh Th\u1ea7n, t\u00f4i tin c\u00f3 H\u1ed9i Th\u00e1nh h\u1eb1ng c\u00f3 \u1edf kh\u1eafp th\u1ebf n\u00e0y, c\u00e1c Th\u00e1nh th\u00f4ng c\u00f4ng, t\u00f4i tin ph\u00e9p tha t\u1ed9i, t\u00f4i tin x\u00e1c lo\u00e0i ng\u01b0\u1eddi ng\u00e0y sau s\u1ed1ng l\u1ea1i, t\u00f4i tin h\u1eb1ng s\u1ed1ng v\u1eady. Amen.<br><br><strong>Kinh C\u00e1m \u01a0n<\/strong><br>Con c\u00e1m \u01a1n \u0110\u1ee9c Ch\u00faa Tr\u1eddi l\u00e0 Ch\u00faa l\u00f2ng l\u00e0nh v\u00f4 c\u00f9ng, ch\u1eb3ng b\u1ecf con, ch\u1eb3ng \u0111\u1ec3 con kh\u00f4ng \u0111\u1eddi \u0111\u1eddi, m\u00e0 l\u1ea1i sinh ra con cho con \u0111\u01b0\u1ee3c l\u00e0m ng\u01b0\u1eddi, c\u00f9ng h\u1eb1ng g\u00ecn gi\u1eef con, h\u1eb1ng che ch\u1edf con, l\u1ea1i cho Ng\u00f4i Hai xu\u1ed1ng th\u1ebf l\u00e0m ng\u01b0\u1eddi, chu\u1ed9c t\u1ed9i ch\u1ecbu ch\u1ebft tr\u00ean c\u00e2y Th\u00e1nh Gi\u00e1 v\u00ec con, l\u1ea1i cho con \u0111\u01b0\u1ee3c \u0111\u1ea1o th\u00e1nh \u0110\u1ee9c Ch\u00faa Tr\u1eddi, c\u00f9ng ch\u1ecbu nhi\u1ec1u \u01a1n, nhi\u1ec1u ph\u00e9p H\u1ed9i Th\u00e1nh n\u1eefa, v\u00e0 \u0111\u00e3 cho ph\u1ea7n x\u00e1c con ng\u00e0y h\u00f4m nay (\u0111\u00eam nay) \u0111\u01b0\u1ee3c m\u1ecdi s\u1ef1 l\u00e0nh, l\u1ea1i c\u1ee9u l\u1ea5y con k\u1ebbo ph\u1ea3i ch\u1ebft t\u01b0\u01a1i \u0103n n\u0103n t\u1ed9i ch\u1eb3ng k\u1ecbp. V\u1eady c\u00e1c th\u00e1nh \u1edf tr\u00ean n\u01b0\u1edbc thi\u00ean \u0111\u00e0ng c\u00e1m \u01a1n \u0110\u1ee9c Ch\u00faa Tr\u1eddi th\u1ec3 n\u00e0o, th\u00ec con c\u0169ng h\u1ee3p c\u00f9ng c\u00e1c th\u00e1nh m\u00e0 d\u00e2ng cho Ch\u00faa c\u00f9ng c\u00e1m \u01a1n nh\u01b0 v\u1eady. Amen.<br><br><strong>Kinh \u0110\u1ee9c Ch\u00faa Th\u00e1nh Th\u1ea7n<\/strong><br>Ch\u00fang con l\u1ea1y \u01a1n \u0110\u1ee9c Th\u00e1nh Th\u1ea7n \/ thi\u00eang li\u00eang s\u00e1ng l\u00e1ng v\u00f4 c\u00f9ng. Ch\u00fang con xin \u0110\u1ee9c Ch\u00faa Th\u00e1nh Th\u1ea7n xu\u1ed1ng \/ \u0111\u1ea7y l\u00f2ng ch\u00fang con, l\u00e0 k\u1ebb tin c\u1eady \u0110\u1ee9c Ch\u00faa Tr\u1eddi, v\u00e0 \u0111\u1ed1t l\u1eeda k\u00ednh m\u1ebfn \u0110\u1ee9c Ch\u00faa Tr\u1eddi trong l\u00f2ng ch\u00fang con.<br>\u2013 Ch\u00fang con xin \u0110\u1ee9c Ch\u00faa Tr\u1eddi cho \u0110\u1ee9c Ch\u00faa Th\u00e1nh Th\u1ea7n xu\u1ed1ng,<br>\u2013 S\u1eeda l\u1ea1i m\u1ecdi s\u1ef1 trong ngo\u00e0i ch\u00fang con.<br>Ch\u00fang con c\u1ea7u c\u00f9ng \u0110\u1ee9c Ch\u00faa Tr\u1eddi, x\u01b0a \u0111\u00e3 cho \u0110\u1ee9c Ch\u00faa Th\u00e1nh Th\u1ea7n xu\u1ed1ng \/ soi l\u00f2ng d\u1ea1y d\u1ed7 c\u00e1c th\u00e1nh t\u00f4ng \u0111\u1ed3, th\u00ec nay ch\u00fang con c\u0169ng xin \u0110\u1ee9c Ch\u00faa Tr\u1eddi \/ cho \u0110\u1ee9c Ch\u00faa Th\u00e1nh Th\u1ea7n l\u1ea1i xu\u1ed1ng, an \u1ee7i d\u1ea1y d\u1ed7 ch\u00fang con \/ l\u00e0m nh\u1eefng vi\u1ec7c l\u00e0nh. V\u00ec c\u00f4ng nghi\u1ec7p v\u00f4 c\u00f9ng \u0110\u1ee9c Ch\u00faa Gi\u00easu Kit\u00f4 l\u00e0 Ch\u00faa ch\u00fang con. Amen.<br><br><strong>Kinh tr\u01b0\u1edbc khi x\u00e9t m\u00ecnh<\/strong><br>L\u1ea1y Ch\u00faa l\u00e0 s\u1ef1 s\u00e1ng linh h\u1ed3n con. Xin soi s\u00e1ng cho con \/ \u0111\u01b0\u1ee3c bi\u1ebft m\u1ecdi t\u1ed9i con \u0111\u00e3 ph\u1ea1m \/ trong ng\u00e0y h\u00f4m nay (ho\u1eb7c trong nh\u1eefng ng\u00e0y qua) : ho\u1eb7c lo, ho\u1eb7c n\u00f3i, ho\u1eb7c l\u00e0m \u0111i\u1ec1u g\u00ec l\u1ed7i ngh\u0129a c\u00f9ng Ch\u00faa, v\u00ec c\u00f4ng nghi\u1ec7p \u0110\u1ee9c Ch\u00faa Gi\u00easu, ban \u01a1n cho con \u0111\u01b0\u1ee3c \u0103n n\u0103n gh\u00e9t t\u1ed9i, c\u00f9ng d\u1ed1c l\u00f2ng ch\u1eeba th\u1eadt. Amen.<br><br><strong>Kinh \u0103n n\u0103n t\u1ed9i<\/strong><br>L\u1ea1y Ch\u00faa con,  Ch\u00faa l\u00e0 \u0110\u1ea5ng tr\u1ecdn t\u1ed1t tr\u1ecdn l\u00e0nh v\u00f4 c\u00f9ng, Ch\u00faa \u0111\u00e3 d\u1ef1ng n\u00ean con \/ v\u00e0 cho Con Ch\u00faa ra \u0111\u1eddi, ch\u1ecbu n\u1ea1n ch\u1ecbu ch\u1ebft v\u00ec con, m\u00e0 con \u0111\u00e3 c\u1ea3 l\u00f2ng ph\u1ea3n ngh\u1ecbch l\u1ed7i ngh\u0129a c\u00f9ng Ch\u00faa, th\u00ec con lo bu\u1ed3n \u0111au \u0111\u1edbn, c\u00f9ng ch\u00ea gh\u00e9t m\u1ecdi t\u1ed9i con tr\u00ean h\u1ebft m\u1ecdi s\u1ef1. Con d\u1ed1c l\u00f2ng ch\u1eeba c\u1ea3i, v\u00e0 nh\u1edd \u01a1n Ch\u00faa \/ th\u00ec con s\u1ebd l\u00e1nh xa d\u1ecbp t\u1ed9i, c\u00f9ng l\u00e0m vi\u1ec7c \u0111\u1ec1n t\u1ed9i cho x\u1ee9ng. Amen.<br><br><strong>Kinh L\u1ea1y N\u1eef V\u01b0\u01a1ng<\/strong><br>L\u1ea1y N\u1eef V\u01b0\u01a1ng M\u1eb9 nh\u00e2n l\u00e0nh, l\u00e0m cho ch\u00fang con \u0111\u01b0\u1ee3c s\u1ed1ng, \u0111\u01b0\u1ee3c vui, \u0111\u01b0\u1ee3c c\u1eady, th\u00e2n l\u1ea1y M\u1eb9. Ch\u00fang con con ch\u00e1u E-v\u00e0, \u1edf ch\u1ed1n kh\u00e1ch \u0111\u00e0y k\u00eau \u0111\u1ebfn c\u00f9ng B\u00e0. Ch\u00fang con \u1edf n\u01a1i kh\u00f3c l\u00f3c than th\u1edf k\u00eau kh\u1ea9n B\u00e0 th\u01b0\u01a1ng. H\u1ee1i \u00f4i! B\u00e0 l\u00e0 Ch\u00faa b\u1ea7u ch\u00fang con, xin gh\u00e9 m\u1eb7t th\u01b0\u01a1ng xem ch\u00fang con. \u0110\u1ebfn sau kh\u1ecfi \u0111\u00e0y, xin cho ch\u00fang con \u0111\u01b0\u1ee3c th\u1ea5y \u0110\u1ee9c Ch\u00faa Gi\u00ea-su con l\u00f2ng B\u00e0 g\u1ed3m ph\u00fac l\u1ea1.<br>\u00d4i! Khoan thay! Nh\u00e2n thay! D\u1ecbu thay! Th\u00e1nh Ma-ri-a tr\u1ecdn \u0111\u1eddi \u0111\u1ed3ng trinh. Amen.<br><br><strong>Kinh Tr\u00f4ng C\u1eady<\/strong><br>Ch\u00fang con tr\u00f4ng c\u1eady R\u1ea5t Th\u00e1nh \u0110\u1ee9c M\u1eb9 Ch\u00faa Tr\u1eddi, xin ch\u1edb ch\u00ea, ch\u1edb b\u1ecf l\u1eddi ch\u00fang con nguy\u1ec7n trong c\u01a1n gian nan thi\u1ebfu th\u1ed1n, \u0110\u1ee9c N\u1eef \u0110\u1ed3ng Trinh hi\u1ec3n vinh s\u00e1ng l\u00e1ng. H\u1eb1ng ch\u1eefa ch\u00fang con cho kh\u1ecfi s\u1ef1 d\u1eef. Amen.<br><br><strong>Kinh S\u00e1ng Soi<\/strong><br>C\u00fai xin Ch\u00faa s\u00e1ng soi cho ch\u00fang con \u0111\u01b0\u1ee3c bi\u1ebft vi\u1ec7c ph\u1ea3i l\u00e0m, c\u00f9ng khi l\u00e0m xin Ch\u00faa gi\u00fap \u0111\u1ee1 cho m\u1ed7i kinh m\u1ed7i vi\u1ec7c ch\u00fang con, t\u1eeb kh\u1edfi s\u1ef1 cho \u0111\u1ebfn ho\u00e0n th\u00e0nh \u0111\u1ec1u nh\u1edd b\u1edfi \u01a1n Ch\u00faa. Amen.<br><br><strong>Kinh Tin<\/strong><br>L\u1ea1y Ch\u00faa, con tin th\u1eadt c\u00f3 m\u1ed9t \u0110\u1ee9c Ch\u00faa Tr\u1eddi, l\u00e0 \u0110\u1ea5ng th\u01b0\u1edfng ph\u1ea1t v\u00f4 c\u00f9ng. Con l\u1ea1i tin th\u1eadt \u0110\u1ee9c Ch\u00faa Tr\u1eddi c\u00f3 Ba Ng\u00f4i, m\u00e0 Ng\u00f4i Th\u1ee9 Hai \u0111\u00e3 xu\u1ed1ng th\u1ebf l\u00e0m Ng\u01b0\u1eddi, ch\u1ecbu n\u1ea1n ch\u1ecbu ch\u1ebft m\u00e0 chu\u1ed9c t\u1ed9i cho thi\u00ean h\u1ea1. B\u1ea5y nhi\u00eau \u0111i\u1ec1u \u1ea5y, c\u00f9ng c\u00e1c \u0111i\u1ec1u H\u1ed9i Th\u00e1nh d\u1ea1y, th\u00ec con tin v\u1eefng v\u00e0ng, v\u00ec Ch\u00faa l\u00e0 \u0110\u1ea5ng th\u00f4ng minh, v\u00e0 ch\u00e2n th\u1eadt v\u00f4 c\u00f9ng, \u0111\u00e3 ph\u00e1n truy\u1ec1n cho H\u1ed9i th\u00e1nh. Amen.<br><br><strong>Kinh C\u1eady<\/strong><br>L\u1ea1y Ch\u00faa, con tr\u00f4ng c\u1eady v\u1eefng v\u00e0ng v\u00ec c\u00f4ng ngh\u1ecb\u00eap \u0110\u1ee9c Ch\u00faa Gi\u00ea-su, th\u00ec Ch\u00faa s\u1ebd ban \u01a1n cho con gi\u1eef \u0111\u1ea1o n\u00ean \u1edf \u0111\u1eddi n\u00e0y, cho ng\u00e0y sau \u0111\u01b0\u1ee3c l\u00ean thi\u00ean \u0111\u00e0ng, xem th\u1ea5y m\u1eb7t \u0110\u1ee9c Ch\u00faa Tr\u1eddi h\u01b0\u1edfng ph\u00fac \u0111\u1eddi \u0111\u1eddi. V\u00ec Ch\u00faa l\u00e0 \u0110\u1ea5ng ph\u00e9p t\u1eafc, v\u00e0 l\u00f2ng l\u00e0nh v\u00f4 c\u00f9ng, \u0111\u00e3 ph\u00e1n h\u1ee9a s\u1ef1 \u1ea5y, ch\u1eb3ng c\u00f3 l\u1ebd n\u00e0o sai \u0111\u01b0\u1ee3c. Amen.<br><br><strong>Kinh K\u00ednh M\u1ebfn<\/strong><br>L\u1ea1y Ch\u00faa, con k\u00ednh m\u1ebfn Ch\u00faa h\u1ebft l\u00f2ng h\u1ebft s\u1ee9c, tr\u00ean h\u1ebft m\u1ecdi s\u1ef1, v\u00ec Ch\u00faa l\u00e0 \u0110\u1ea5ng tr\u1ecdn t\u1ed1t tr\u1ecdn l\u00e0nh v\u00f4 c\u00f9ng, l\u1ea1i v\u00ec Ch\u00faa th\u00ec con th\u01b0\u01a1ng y\u00eau ng\u01b0\u1eddi ta nh\u01b0 m\u00ecnh con v\u1eady. Amen.<br><br><br><strong>Kinh M\u01b0\u1eddi \u0110i\u1ec1u R\u0103n<\/strong><br>\u0110\u1ea1o \u0110\u1ee9c Ch\u00faa Tr\u1eddi c\u00f3 M\u01b0\u1eddi \u0110i\u1ec1u R\u0103n:<br>Th\u1ee9 nh\u1ea5t: th\u1edd ph\u01b0\u1ee3ng m\u1ed9t \u0110\u1ee9c Ch\u00faa Tr\u1eddi v\u00e0 k\u00ednh m\u1ebfn Ng\u01b0\u1eddi tr\u00ean h\u1ebft m\u1ecdi s\u1ef1.<br>Th\u1ee9 hai: ch\u1edb k\u00eau t\u00ean \u0110\u1ee9c Ch\u00faa Tr\u1eddi v\u00f4 c\u1edb.<br>Th\u1ee9 ba: gi\u1eef ng\u00e0y Ch\u00faa nh\u1eadt.<br>Th\u1ee9 b\u1ed1n: th\u1ea3o k\u00ednh cha m\u1eb9.<br>Th\u1ee9 n\u0103m: ch\u1edb gi\u1ebft ng\u01b0\u1eddi.<br>Th\u1ee9 s\u00e1u: ch\u1edb l\u00e0m s\u1ef1 d\u00e2m d\u1ee5c.<br>Th\u1ee9 b\u1ea3y: ch\u1edb l\u1ea5y c\u1ee7a ng\u01b0\u1eddi.<br>Th\u1ee9 t\u00e1m: ch\u1edb l\u00e0m ch\u1ee9ng d\u1ed1i.<br>Th\u1ee9 ch\u00edn: ch\u1edb mu\u1ed1n v\u1ee3 ch\u1ed3ng ng\u01b0\u1eddi.<br>Th\u1ee9 m\u01b0\u1eddi: ch\u1edb tham c\u1ee7a ng\u01b0\u1eddi.<br>M\u01b0\u1eddi \u0111i\u1ec1u r\u0103n \u1ea5y t\u00f3m v\u1ec1 hai n\u00e0y m\u00e0 ch\u1edb: Tr\u01b0\u1edbc k\u00ednh m\u1ebfn m\u1ed9t \u0110\u1ee9c Ch\u00faa Tr\u1eddi tr\u00ean h\u1ebft m\u1ecdi s\u1ef1. Sau l\u1ea1i y\u00eau ng\u01b0\u1eddi nh\u01b0 m\u00ecnh ta v\u1eady. Amen.<br><br><strong>Kinh S\u00e1u \u0110i\u1ec1u R\u0103n<\/strong><br>H\u1ed9i Th\u00e1nh c\u00f3 s\u00e1u \u0111i\u1ec1u r\u0103n:<br>Th\u1ee9 nh\u1ea5t: D\u00e2ng l\u1ec5 ng\u00e0y Ch\u00faa nh\u1eadt c\u00f9ng c\u00e1c ng\u00e0y l\u1ec5 bu\u1ed9c.<br>Th\u1ee9 hai: Ch\u1edb l\u00e0m vi\u1ec7c x\u00e1c ng\u00e0y Ch\u00faa nh\u1eadt c\u00f9ng c\u00e1c ng\u00e0y l\u1ec5 bu\u1ed9c.<br>Th\u1ee9 ba: X\u01b0ng t\u1ed9i trong m\u1ed9t n\u0103m \u00edt l\u00e0 m\u1ed9t l\u1ea7n.<br>Th\u1ee9 b\u1ed1n: Ch\u1ecbu M\u00ecnh Th\u00e1nh \u0110\u1ee9c Ch\u00faa Gi\u00ea-su trong m\u00f9a Ph\u1ee5c Sinh.<br>Th\u1ee9 n\u0103m: Gi\u1eef chay nh\u1eefng ng\u00e0y H\u1ed9i Th\u00e1nh bu\u1ed9c.<br>Th\u1ee9 s\u00e1u: Ki\u00eang th\u1ecbt ng\u00e0y th\u1ee9 s\u00e1u c\u00f9ng nh\u1eefng ng\u00e0y kh\u00e1c H\u1ed9i Th\u00e1nh d\u1ea1y.<br><br><strong>Kinh B\u1ea3y Ph\u00e9p B\u00ed T\u00edch<\/strong><br>\u0110\u1ea1o \u0110\u1ee9c Ch\u00faa Ch\u00faa Tr\u1eddi c\u00f3 b\u1ea3y ph\u00e9p B\u00ed T\u00edch:<br>Th\u1ee9 nh\u1ea5t l\u00e0 ph\u00e9p R\u1eeda T\u1ed9i.<br>Th\u1ee9 hai l\u00e0 ph\u00e9p Th\u00eam S\u1ee9c.<br>Th\u1ee9 ba l\u00e0 ph\u00e9p M\u00ecnh Th\u00e1nh Ch\u00faa.<br>Th\u1ee9 b\u1ed1n l\u00e0 ph\u00e9p Gi\u1ea3i T\u1ed9i.<br>Th\u1ee9 n\u0103m l\u00e0 ph\u00e9p X\u1ee9c D\u1ea7u Th\u00e1nh.<br>Th\u1ee9 s\u00e1u l\u00e0 ph\u00e9p Truy\u1ec1n Ch\u1ee9c Th\u00e1nh.<br>Th\u1ee9 b\u1ea3y l\u00e0 ph\u00e9p H\u00f4n Ph\u1ed1i.<br><br><br>L\u1ea7n H\u1ea1t M\u00e2n C\u00f4i<br><br><strong>N\u0102M S\u1ef0 VUI<\/strong><br>\u00b7 Th\u1ee9 Nh\u1ea5t th\u00ec ng\u1eafm: Thi\u00ean th\u1ea7n truy\u1ec1n tin cho \u0110\u1ee9c B\u00e0 ch\u1ecbu thai \u2013 Ta h\u00e3y xin cho \u0111\u01b0\u1ee3c \u1edf khi\u00eam nh\u01b0\u1eddng.<br>\u00b7 Th\u1ee9 Hai th\u00ec ng\u1eafm : \u0110\u1ee9c B\u00e0 \u0111i vi\u1ebfng b\u00e0 th\u00e1nh Isave \u2013 Ta h\u00e3y xin cho \u0111\u01b0\u1ee3c l\u00f2ng y\u00eau ng\u01b0\u1eddi.<br>\u00b7 Th\u1ee9 ba th\u00ec ng\u1eafm: \u0110\u1ee9c B\u00e0 sinh \u0110\u1ee9c Ch\u00faa Gi\u00easu n\u01a1i hang \u0111\u00e1 \u2013 Ta h\u00e3y xin cho \u0111\u01b0\u1ee3c l\u00f2ng kh\u00f3 kh\u0103n<br>\u00b7 Th\u1ee9 b\u1ed1n th\u00ec ng\u1eafm: \u0110\u1ee9c B\u00e0 d\u00e2ng \u0110\u1ee9c Ch\u00faa Gi\u00easu trong \u0111\u1ec1n th\u00e1nh-Ta h\u00e3y xin cho \u0111\u01b0\u1ee3c v\u00e2ng l\u1eddi ch\u1ecbu l\u1ee5y.<br>\u00b7 Th\u1ee9 n\u0103m th\u00ec ng\u1eafm: \u0110\u1ee9c B\u00e0 t\u00ecm \u0111\u01b0\u1ee3c \u0110\u1ee9c Ch\u00faa Gi\u00easu trong \u0111\u1ec1n th\u00e1nh, Ta h\u00e3y xin cho \u0111\u01b0\u1ee3c gi\u1eef ngh\u0129a c\u00f9ng Ch\u00faa lu\u00f4n.<br><br><strong>N\u0102M S\u1ef0 TH\u01af\u01a0NG<\/strong><br>\u00b7 Th\u1ee9 Nh\u1ea5t th\u00ec ng\u00e1m: \u0110\u1ee9c Ch\u00faa Gi\u00easu lo bu\u1ed3n \u0111\u1ed5 m\u1ed3 h\u00f4i m\u00e1u, Ta h\u00e3y xin cho \u0111\u01b0\u1ee3c \u0103n n\u0103n t\u1ed9i n\u00ean.<br>\u00b7 Th\u1ee9 Hai th\u00ec ng\u1eafm: \u0110\u1ee9c Ch\u00faa Gi\u00easu ch\u1ecbu \u0111\u00e1nh \u0111\u00f2n \u2013 Ta h\u00e3y xin cho \u0111\u01b0\u1ee3c h\u00e3m m\u00ecnh ch\u1ecbu kh\u00f3 b\u1eb1ng l\u00f2ng.<br>\u00b7 Th\u1ee9 Ba th\u00ec ng\u1eafm: \u0110\u1ee9c Ch\u00faa Gi\u00easu ch\u1ecbu \u0111\u1ed9i m\u1ea1o gai, Ta h\u00e3y xin cho \u0111\u01b0\u1ee3c ch\u1ecbu m\u1ecdi s\u1ef1 s\u1ec9 nh\u1ee5c b\u1eb1ng l\u00f2ng.<br>\u00b7 Th\u1ee9 B\u1ed1n th\u00ec ng\u1eafm: \u0110\u1ee9c Ch\u00faa Gi\u00easu v\u00e1c c\u00e2y th\u00e1nh gi\u00e1, Ta h\u00e3y xin cho \u0111\u01b0\u1ee3c v\u00e1c th\u00e1nh gi\u00e1 theo ch\u00e2n Ch\u00faa.<br>\u00b7 Th\u1ee9 n\u0103m th\u00ec ng\u1eafm: \u0110\u1ee9c Ch\u00faa Gi\u00easu ch\u1ecbu ch\u1ebft tr\u00ean c\u00e2y th\u00e1nh gi\u00e1 \u2013 Ta h\u00e3y xin cho \u0111\u01b0\u1ee3c \u0111\u00f3ng \u0111inh t\u00ednh x\u00e1c th\u1ecbt v\u00e0o th\u00e1nh gi\u00e1 Ch\u00faa.<br><br><strong>N\u0102M S\u1ef0 S\u00c1NG<\/strong><br>\u00b7 Th\u1ee9 Nh\u1ea5t th\u00ec ng\u1eafm : \u0110\u1ee9c Ch\u00faa Gi\u00easu ch\u1ecbu ph\u00e9p r\u1eeda t\u1ea1i s\u00f4ng Gio\u0111an. Ta h\u00e3y xin cho \u0111\u01b0\u1ee3c s\u1ed1ng x\u1ee9ng \u0111\u00e1ng l\u00e0 con c\u00e1i Ch\u00faa .<br>\u00b7 Th\u1ee9 Hai th\u00ec ng\u1eafm : \u0110\u1ee9c Ch\u00faa Gi\u00easu d\u1ef1 ti\u1ec7c c\u01b0\u1edbi Ca-na. ta h\u00e3y xin cho \u0111\u01b0\u1ee3c v\u1eefng tin v\u00e0o quy\u1ec1n n\u0103ng c\u1ee7a Ng\u00e0i.<br>\u00b7 Th\u1ee9 Ba th\u00ec ng\u1eafm : \u0110\u1ee9c Ch\u00faa Gi\u00easu rao gi\u1ea3ng N\u01b0\u1edbc Tr\u1eddi v\u00e0 k\u00eau g\u1ecdi s\u00e1m h\u1ed1i. Ta h\u00e3y xin cho \u0111\u01b0\u1ee3c ho\u00e1n c\u1ea3i v\u00e0 \u0111\u00f3n nh\u1eadn Tin M\u1eebng .<br>\u00b7 Th\u1ee9 b\u1ed1n th\u00ec ng\u1eafm : \u0110\u1ee9c Ch\u00faa Gi\u00easu bi\u1ebfn h\u00ecnh tr\u00ean n\u00fai. Ta h\u00e3y xin cho \u0111\u01b0\u1ee3c l\u1eafng nghe v\u00e0 th\u1ef1c h\u00e0nh L\u1eddi Ch\u00faa .<br>\u00b7 Th\u1ee9 n\u0103m th\u00ec ng\u1eafm : \u0110\u1ee9c Ch\u00faa Gi\u00easu l\u1eadp b\u00ed t\u00edch Th\u00e1nh Th\u1ec3. Ta h\u00e3y xin cho \u0111\u01b0\u1ee3c n\u0103ng k\u1ebft hi\u1ec7p c\u00f9ng Ch\u00faa Gi\u00easu Th\u00e1nh Th\u1ec3 . <br><br><strong>N\u0102M S\u1ef0 M\u1eeaNG<\/strong><br>\u00b7 Th\u1ee9 nh\u1ea5t th\u00ec ng\u1eafm:\u0110\u1ee9c Ch\u00faaGi\u00easu s\u1ed1ng l\u1ea1i,Ta h\u00e3y xin cho \u0111\u01b0\u1ee3c s\u1ed1ng l\u1ea1i th\u1eadt v\u1ec1 ph\u1ea7n linh h\u1ed3n.<br>\u00b7 Th\u1ee9 Hai th\u00ec ng\u1eafm: \u0110\u1ee9c Ch\u00faa Gi\u00easu l\u00ean tr\u1eddi \u2013 Ta h\u00e3y xin cho \u0111\u01b0\u1ee3c \u00e1i m\u1ed9 nh\u1eefng s\u1ef1 tr\u00ean tr\u1eddi.<br>\u00b7 Th\u1ee9 Ba th\u00ec ng\u1eafm: \u0110\u1ee9c Ch\u00faa Th\u00e1nh Th\u1ea7n hi\u1ec7n xu\u1ed1ng \u2013 Ta h\u00e3y xin cho \u0111\u01b0\u1ee3c l\u00f2ng \u0111\u1ea7y d\u1eaby m\u1ecdi \u01a1n \u0110\u1ee9c Ch\u00faa Th\u00e1nh Th\u1ea7n.<br>\u00b7 Th\u1ee9 B\u1ed1n th\u00ec ng\u0103m: \u0110\u1ee9c Ch\u00faa Tr\u1eddi cho \u0110\u1ee9c B\u00e0 l\u00ean tr\u1eddi.Ta h\u00e3y xin \u01a1n ch\u1ebft l\u00e0nh trong tay \u0110\u1ee9c M\u1eb9.<br>\u00b7 Th\u1ee9 N\u0103m th\u00ec ng\u1eafm: \u0110\u1ee9c Ch\u00faa Tr\u1eddi th\u01b0\u1edfng \u0110\u1ee9c M\u1eb9 tr\u00ean tr\u1eddi \u2013 Ta h\u00e3y xin \u0110\u1ee9c M\u1eb9 ph\u00f9 h\u1ed9 cho ta \u0111\u01b0\u1ee3c th\u01b0\u1edfng c\u00f9ng \u0110\u1ee9c M\u1eb9 tr\u00ean N\u01b0\u1edbc thi\u00ean \u0111\u00e0ng.<br><br><\/pre>\n\n\n\n<p><\/p>\n","protected":false},"excerpt":{"rendered":"<p>D\u1ea4U TH\u00c1NH GI\u00c1Nh\u00e2n danh Cha + v\u00e0 Con v\u00e0 Th\u00e1nh Th\u1ea7n . Amen.(ho\u0103c): Nh\u00e2n danh Ch\u00faa Cha + v\u00e0 Ch\u00faa Con v\u00e0 Ch\u00faa Th\u00e1n [&hellip;]<\/p>\n","protected":false},"author":1,"featured_media":0,"parent":0,"menu_order":0,"comment_status":"closed","ping_status":"closed","template":"","meta":{"footnotes":""},"class_list":["post-108","page","type-page","status-publish","hentry"],"_links":{"self":[{"href":"https:\/\/dboratorio.tokyo\/kawahara\/index.php?rest_route=\/wp\/v2\/pages\/108","targetHints":{"allow":["GET"]}}],"collection":[{"href":"https:\/\/dboratorio.tokyo\/kawahara\/index.php?rest_route=\/wp\/v2\/pages"}],"about":[{"href":"https:\/\/dboratorio.tokyo\/kawahara\/index.php?rest_route=\/wp\/v2\/types\/page"}],"author":[{"embeddable":true,"href":"https:\/\/dboratorio.tokyo\/kawahara\/index.php?rest_route=\/wp\/v2\/users\/1"}],"replies":[{"embeddable":true,"href":"https:\/\/dboratorio.tokyo\/kawahara\/index.php?rest_route=%2Fwp%2Fv2%2Fcomments&post=108"}],"version-history":[{"count":3,"href":"https:\/\/dboratorio.tokyo\/kawahara\/index.php?rest_route=\/wp\/v2\/pages\/108\/revisions"}],"predecessor-version":[{"id":153,"href":"https:\/\/dboratorio.tokyo\/kawahara\/index.php?rest_route=\/wp\/v2\/pages\/108\/revisions\/153"}],"wp:attachment":[{"href":"https:\/\/dboratorio.tokyo\/kawahara\/index.php?rest_route=%2Fwp%2Fv2%2Fmedia&parent=108"}],"curies":[{"name":"wp","href":"https:\/\/api.w.org\/{rel}","templated":true}]}}