{"id":110,"date":"2025-11-08T06:37:29","date_gmt":"2025-11-07T21:37:29","guid":{"rendered":"https:\/\/dboratorio.tokyo\/kawahara\/?page_id=110"},"modified":"2025-12-08T08:03:14","modified_gmt":"2025-12-07T23:03:14","slug":"tim-hieu-them","status":"publish","type":"page","link":"https:\/\/dboratorio.tokyo\/kawahara\/?page_id=110","title":{"rendered":"T\u00ecm hi\u1ec3u th\u00eam"},"content":{"rendered":"\n<ul class=\"wp-block-list\">\n<li>99-<\/li>\n<\/ul>\n\n\n\n<ul class=\"wp-block-list\">\n<li>100-<a href=\"https:\/\/youtu.be\/PDABxscGXwA\">T\u1ed9i Tr\u1ecdng &#8211; 2<\/a><\/li>\n<\/ul>\n\n\n\n<ul class=\"wp-block-list\">\n<li>101-<a href=\"https:\/\/youtu.be\/1WcLQqHM7Ms\">L\u01b0\u01a1ng T\u00e2m<\/a><\/li>\n<\/ul>\n\n\n\n<ul class=\"wp-block-list\">\n<li>102-<a href=\"https:\/\/youtu.be\/YkvU8IcwIUg\">C\u00f4ng Gi\u00e1o<\/a><\/li>\n<\/ul>\n\n\n\n<ul class=\"wp-block-list\">\n<li>103-<a href=\"https:\/\/youtu.be\/SYnxywQkP68\">B\u00ed T\u00edch<\/a><\/li>\n<\/ul>\n\n\n\n<ul class=\"wp-block-list\">\n<li>104-<a href=\"https:\/\/youtu.be\/90u2daFDhBw\">\u0110\u1ee9c Tin<\/a><\/li>\n<\/ul>\n\n\n\n<ul class=\"wp-block-list\">\n<li>105-<a href=\"https:\/\/youtu.be\/A9OsRi8uRUA\">\u0110\u1ee9c C\u1eady<\/a><\/li>\n<\/ul>\n\n\n\n<ul class=\"wp-block-list\">\n<li>106-<a href=\"https:\/\/youtu.be\/TKZ_YOYLIQs\">\u0110\u1ee9c M\u1ebfn<\/a><\/li>\n<\/ul>\n\n\n\n<ul class=\"wp-block-list\">\n<li>107-<a href=\"https:\/\/youtu.be\/J08nATPzt4s\">3 nh\u00e2n \u0111\u1ee9c \u0111\u1ed1i th\u1ea7n<\/a><\/li>\n<\/ul>\n\n\n\n<ul class=\"wp-block-list\">\n<li>108-<a href=\"https:\/\/youtu.be\/AdI9DNoomSM\">Ch\u1ee9c Th\u00e1nh<\/a><\/li>\n<\/ul>\n\n\n\n<ul class=\"wp-block-list\">\n<li>109-<a href=\"https:\/\/youtu.be\/zqfish3W1JM\">Linh M\u1ee5c<\/a><\/li>\n<\/ul>\n\n\n\n<ul class=\"wp-block-list\">\n<li>110-<a href=\"https:\/\/youtu.be\/cBXQoB62LyE\">Hy T\u1ebf Th\u1eadp Gi\u00e1 V\u00e0 Th\u00e1nh L\u1ec5<\/a><\/li>\n<\/ul>\n\n\n\n<ul class=\"wp-block-list\">\n<li>111-<a href=\"https:\/\/youtu.be\/OyQ_hobKYv4\">\u0110\u1ee9c Gi\u00e1o Ho\u00e0ng<\/a><\/li>\n<\/ul>\n\n\n\n<ul class=\"wp-block-list\">\n<li>112-<a href=\"https:\/\/youtu.be\/E0qWOdLTZ1c\">Ph\u1ea9m Tr\u1eadt<\/a><\/li>\n<\/ul>\n\n\n\n<ul class=\"wp-block-list\">\n<li>113-<a href=\"https:\/\/youtu.be\/po3tXyyJrF0\">T\u1ed9i Nh\u1eb9<\/a><\/li>\n<\/ul>\n\n\n\n<ul class=\"wp-block-list\">\n<li>114-<a href=\"https:\/\/youtu.be\/xox3wYBgp24\">\u0110\u1ee9c Gi\u00e1m M\u1ee5c<\/a><\/li>\n<\/ul>\n\n\n\n<ul class=\"wp-block-list\">\n<li>115-<a href=\"https:\/\/youtu.be\/7bT86k3klns\">Ph\u00f3 T\u1ebf<\/a><\/li>\n<\/ul>\n\n\n\n<p><\/p>\n","protected":false},"excerpt":{"rendered":"","protected":false},"author":1,"featured_media":0,"parent":0,"menu_order":0,"comment_status":"closed","ping_status":"closed","template":"","meta":{"footnotes":""},"class_list":["post-110","page","type-page","status-publish","hentry"],"_links":{"self":[{"href":"https:\/\/dboratorio.tokyo\/kawahara\/index.php?rest_route=\/wp\/v2\/pages\/110","targetHints":{"allow":["GET"]}}],"collection":[{"href":"https:\/\/dboratorio.tokyo\/kawahara\/index.php?rest_route=\/wp\/v2\/pages"}],"about":[{"href":"https:\/\/dboratorio.tokyo\/kawahara\/index.php?rest_route=\/wp\/v2\/types\/page"}],"author":[{"embeddable":true,"href":"https:\/\/dboratorio.tokyo\/kawahara\/index.php?rest_route=\/wp\/v2\/users\/1"}],"replies":[{"embeddable":true,"href":"https:\/\/dboratorio.tokyo\/kawahara\/index.php?rest_route=%2Fwp%2Fv2%2Fcomments&post=110"}],"version-history":[{"count":6,"href":"https:\/\/dboratorio.tokyo\/kawahara\/index.php?rest_route=\/wp\/v2\/pages\/110\/revisions"}],"predecessor-version":[{"id":247,"href":"https:\/\/dboratorio.tokyo\/kawahara\/index.php?rest_route=\/wp\/v2\/pages\/110\/revisions\/247"}],"wp:attachment":[{"href":"https:\/\/dboratorio.tokyo\/kawahara\/index.php?rest_route=%2Fwp%2Fv2%2Fmedia&parent=110"}],"curies":[{"name":"wp","href":"https:\/\/api.w.org\/{rel}","templated":true}]}}