{"id":130,"date":"2025-11-08T07:34:32","date_gmt":"2025-11-07T22:34:32","guid":{"rendered":"https:\/\/dboratorio.tokyo\/kawahara\/?page_id=130"},"modified":"2025-11-08T22:31:46","modified_gmt":"2025-11-08T13:31:46","slug":"thong-tin-ca-nhan","status":"publish","type":"page","link":"https:\/\/dboratorio.tokyo\/kawahara\/?page_id=130","title":{"rendered":"\u0110\u0103ng k\u00fd l\u1edbp h\u1ecdc gi\u00e1o l\u00fd"},"content":{"rendered":"\n<pre class=\"wp-block-preformatted\"><br>Sau \u0111\u00e2y l\u00e0 th\u00f4ng tin c\u1ea7n c\u00f3 \u0111\u1ec3 \u0111\u0103ng k\u00fd l\u1edbp gi\u00e1o l\u00fd:<br><br>1) T\u00ean th\u00e1nh (n\u1ebfu \u0111\u00e3 r\u1eeda t\u1ed9i)<br>2) H\u1ecd v\u00e0 t\u00ean<br>3) Gi\u1edbi t\u00ednh<br>4) Ng\u00e0y th\u00e1ng n\u0103m sinh<br>5) Gi\u00e1o x\u1ee9 (ho\u1eb7c Gi\u00e1o h\u1ecd) (n\u1ebfu \u0111\u00e3 r\u1eeda t\u1ed9i)<br>6) Gi\u00e1o ph\u1eadn (n\u1ebfu \u0111\u00e3 r\u1eeda t\u1ed9i)<br>7) \u0110\u1ecba ch\u1ec9 \u1edf Vi\u1ec7t Nam<br>8) \u0110\u1ecba ch\u1ec9 E-mail<\/pre>\n\n\n\n<pre class=\"wp-block-preformatted\"><br>G\u1edfi th\u00f4ng tin tr\u00ean qua Line.<br>  \u2193 \u2193 \u2193 \u2193 \u2193<\/pre>\n\n\n\n<figure class=\"wp-block-image size-full is-resized\"><img loading=\"lazy\" decoding=\"async\" width=\"643\" height=\"643\" src=\"https:\/\/dboratorio.tokyo\/kawahara\/wp-content\/uploads\/2025\/11\/QRCode-Line-Kawahara.jpg\" alt=\"\" class=\"wp-image-207\" style=\"width:166px;height:auto\" srcset=\"https:\/\/dboratorio.tokyo\/kawahara\/wp-content\/uploads\/2025\/11\/QRCode-Line-Kawahara.jpg 643w, https:\/\/dboratorio.tokyo\/kawahara\/wp-content\/uploads\/2025\/11\/QRCode-Line-Kawahara-300x300.jpg 300w, https:\/\/dboratorio.tokyo\/kawahara\/wp-content\/uploads\/2025\/11\/QRCode-Line-Kawahara-150x150.jpg 150w\" sizes=\"auto, (max-width: 643px) 100vw, 643px\" \/><\/figure>\n\n\n\n<p><\/p>\n","protected":false},"excerpt":{"rendered":"<p>Sau \u0111\u00e2y l\u00e0 th\u00f4ng tin c\u1ea7n c\u00f3 \u0111\u1ec3 \u0111\u0103ng k\u00fd l\u1edbp gi\u00e1o l\u00fd:1) T\u00ean th\u00e1nh (n\u1ebfu \u0111\u00e3 r\u1eeda t\u1ed9i)2) H\u1ecd v\u00e0 t\u00ean3) Gi\u1edbi t\u00ednh4) Ng\u00e0 [&hellip;]<\/p>\n","protected":false},"author":1,"featured_media":0,"parent":0,"menu_order":0,"comment_status":"closed","ping_status":"closed","template":"","meta":{"footnotes":""},"class_list":["post-130","page","type-page","status-publish","hentry"],"_links":{"self":[{"href":"https:\/\/dboratorio.tokyo\/kawahara\/index.php?rest_route=\/wp\/v2\/pages\/130","targetHints":{"allow":["GET"]}}],"collection":[{"href":"https:\/\/dboratorio.tokyo\/kawahara\/index.php?rest_route=\/wp\/v2\/pages"}],"about":[{"href":"https:\/\/dboratorio.tokyo\/kawahara\/index.php?rest_route=\/wp\/v2\/types\/page"}],"author":[{"embeddable":true,"href":"https:\/\/dboratorio.tokyo\/kawahara\/index.php?rest_route=\/wp\/v2\/users\/1"}],"replies":[{"embeddable":true,"href":"https:\/\/dboratorio.tokyo\/kawahara\/index.php?rest_route=%2Fwp%2Fv2%2Fcomments&post=130"}],"version-history":[{"count":11,"href":"https:\/\/dboratorio.tokyo\/kawahara\/index.php?rest_route=\/wp\/v2\/pages\/130\/revisions"}],"predecessor-version":[{"id":208,"href":"https:\/\/dboratorio.tokyo\/kawahara\/index.php?rest_route=\/wp\/v2\/pages\/130\/revisions\/208"}],"wp:attachment":[{"href":"https:\/\/dboratorio.tokyo\/kawahara\/index.php?rest_route=%2Fwp%2Fv2%2Fmedia&parent=130"}],"curies":[{"name":"wp","href":"https:\/\/api.w.org\/{rel}","templated":true}]}}