{"id":154,"date":"2025-11-08T08:32:38","date_gmt":"2025-11-07T23:32:38","guid":{"rendered":"https:\/\/dboratorio.tokyo\/kawahara\/?page_id=154"},"modified":"2025-11-08T08:32:38","modified_gmt":"2025-11-07T23:32:38","slug":"cach-xung-toi","status":"publish","type":"page","link":"https:\/\/dboratorio.tokyo\/kawahara\/?page_id=154","title":{"rendered":"C\u00e1ch X\u01b0ng T\u1ed9i"},"content":{"rendered":"\n<pre class=\"wp-block-preformatted\">- Sau khi x\u00e9t m\u00ecnh, B\u1ea1n v\u00e0o to\u00e0 Gi\u1ea3i t\u1ed9i \u0111\u1ec3 x\u01b0ng t\u1ed9i ra cho Linh m\u1ee5c \u0111\u1ea1i di\u1ec7n Ch\u00faa nghe v\u00e0 ban ph\u00e9p gi\u1ea3i t\u1ed9i cho B\u1ea1n.<br>- V\u00e0o to\u00e0 gi\u1ea3i t\u1ed9i, B\u1ea1n l\u00e0m D\u1ea5u Th\u00e1nh gi\u00e1 v\u00e0 n\u00f3i:<br>Th\u01b0a cha, con l\u00e0 k\u1ebb c\u00f3 t\u1ed9i, xin cha ban ph\u00e9p l\u00e0nh cho con.<br>Con x\u01b0ng t\u1ed9i trong . . . (m\u1ea5y tu\u1ea7n, m\u1ea5y th\u00e1ng)<br>- R\u1ed3i B\u1ea1n b\u1eaft \u0111\u1ea7u n\u00f3i t\u1ed9i ra c\u00e1ch r\u00f5 r\u00e0ng:<br>Con \u0111\u00e3 . . . (m\u1ea5y l\u1ea7n)<br>(Con c\u00f3. . . . (m\u1ea5y l\u1ea7n)<br>- Khi \u0111\u00e3 x\u01b0ng t\u1ed9i xong, th\u00ec B\u1ea1n n\u00f3i:<br>Th\u01b0a cha, con \u0111\u00e3 x\u01b0ng t\u1ed9i xong.<br>- Sau \u0111\u00f3, B\u1ea1n l\u1eafng nghe cha gi\u1ea3i t\u1ed9i khuy\u00ean b\u1ea3o v\u00e0 giao vi\u1ec7c \u0111\u1ec1n t\u1ed9i, (nh\u01b0 \u0111\u1ecdc kinh hay l\u00e0m m\u1ed9t vi\u1ec7c l\u00e0nh), r\u1ed3i nghe cha b\u1ea3o H\u00e3y gi\u1ee5c l\u00f2ng \u0103n n\u0103n t\u1ed9i v\u00e0 cha \u0111\u1ecdc L\u1eddi x\u00e1 gi\u1ea3i:<br>- Khi cha \u0111\u1ecdc \u0111\u1ebfn c\u00e2u : V\u1eady, cha tha t\u1ed9i cho con, nh\u00e2n Danh Cha <strong>X<\/strong> v\u00e0 Con <strong>X<\/strong> v\u00e0 Th\u00e1nh Th\u1ea7n.<br>- B\u1ea1n l\u00e0m D\u1ea5u Th\u00e1nh gi\u00e1 v\u00e0 \u0111\u00e1p: Amen.<br>- Khi cha b\u1ea3o: Con \u0111i v\u1ec1 b\u00ecnh an. <br>- B\u1ea1n \u0111\u00e1p: Con c\u00e1m \u01a1n cha.<br>V\u00e0 B\u1ea1n ra ngo\u00e0i, l\u00e0m vi\u1ec7c \u0110\u1ec1n t\u1ed9i c\u00e0ng s\u1edbm c\u00e0ng t\u1ed1t.<br><\/pre>\n","protected":false},"excerpt":{"rendered":"<p>&#8211; Sau khi x\u00e9t m\u00ecnh, B\u1ea1n v\u00e0o to\u00e0 Gi\u1ea3i t\u1ed9i \u0111\u1ec3 x\u01b0ng t\u1ed9i ra cho Linh m\u1ee5c \u0111\u1ea1i di\u1ec7n Ch\u00faa nghe v\u00e0 ban ph\u00e9p gi\u1ea3i t\u1ed9i c [&hellip;]<\/p>\n","protected":false},"author":1,"featured_media":0,"parent":0,"menu_order":0,"comment_status":"closed","ping_status":"closed","template":"","meta":{"footnotes":""},"class_list":["post-154","page","type-page","status-publish","hentry"],"_links":{"self":[{"href":"https:\/\/dboratorio.tokyo\/kawahara\/index.php?rest_route=\/wp\/v2\/pages\/154","targetHints":{"allow":["GET"]}}],"collection":[{"href":"https:\/\/dboratorio.tokyo\/kawahara\/index.php?rest_route=\/wp\/v2\/pages"}],"about":[{"href":"https:\/\/dboratorio.tokyo\/kawahara\/index.php?rest_route=\/wp\/v2\/types\/page"}],"author":[{"embeddable":true,"href":"https:\/\/dboratorio.tokyo\/kawahara\/index.php?rest_route=\/wp\/v2\/users\/1"}],"replies":[{"embeddable":true,"href":"https:\/\/dboratorio.tokyo\/kawahara\/index.php?rest_route=%2Fwp%2Fv2%2Fcomments&post=154"}],"version-history":[{"count":1,"href":"https:\/\/dboratorio.tokyo\/kawahara\/index.php?rest_route=\/wp\/v2\/pages\/154\/revisions"}],"predecessor-version":[{"id":155,"href":"https:\/\/dboratorio.tokyo\/kawahara\/index.php?rest_route=\/wp\/v2\/pages\/154\/revisions\/155"}],"wp:attachment":[{"href":"https:\/\/dboratorio.tokyo\/kawahara\/index.php?rest_route=%2Fwp%2Fv2%2Fmedia&parent=154"}],"curies":[{"name":"wp","href":"https:\/\/api.w.org\/{rel}","templated":true}]}}