{"id":210,"date":"2025-11-15T07:53:28","date_gmt":"2025-11-14T22:53:28","guid":{"rendered":"https:\/\/dboratorio.tokyo\/kawahara\/?page_id=210"},"modified":"2025-11-18T07:14:23","modified_gmt":"2025-11-17T22:14:23","slug":"ket-hon-khac-dao","status":"publish","type":"page","link":"https:\/\/dboratorio.tokyo\/kawahara\/?page_id=210","title":{"rendered":"K\u1ebeT H\u00d4N KH\u00c1C \u0110\u1ea0O"},"content":{"rendered":"\n<pre class=\"wp-block-preformatted\"><br><strong>1. T\u1ea1i sao ph\u1ea3i k\u00fd cam k\u1ebft khi k\u1ebft h\u00f4n kh\u00e1c \u0111\u1ea1o?<\/strong><br>Gi\u00e1o H\u1ed9i d\u1ea1y r\u1eb1ng h\u00f4n nh\u00e2n l\u00e0 m\u1ed9t \u01a1n g\u1ecdi th\u00e1nh. Khi m\u1ed9t ng\u01b0\u1eddi C\u00f4ng gi\u00e1o k\u1ebft h\u00f4n v\u1edbi ng\u01b0\u1eddi kh\u00f4ng C\u00f4ng gi\u00e1o ho\u1eb7c ng\u01b0\u1eddi ch\u01b0a r\u1eeda t\u1ed9i, c\u00f3 s\u1ef1 kh\u00e1c bi\u1ec7t v\u1ec1 \u0111\u1ee9c tin, n\u00ean Gi\u00e1o H\u1ed9i c\u1ea7n b\u1ea3o \u0111\u1ea3m:<br>\u2022 B\u00ean C\u00f4ng gi\u00e1o gi\u1eef v\u1eefng \u0111\u1ee9c tin.<br>\u2022 Con c\u00e1i kh\u00f4ng b\u1ecb m\u1ea5t quy\u1ec1n \u0111\u01b0\u1ee3c nu\u00f4i d\u1ea1y trong \u0111\u1ee9c tin C\u00f4ng gi\u00e1o.<br>\u2022 S\u1ef1 t\u00f4n tr\u1ecdng t\u00f4n gi\u00e1o gi\u1eefa hai ng\u01b0\u1eddi.<br><br><strong>2. B\u00ean C\u00f4ng gi\u00e1o ph\u1ea3i cam k\u1ebft g\u00ec?<\/strong><br>B\u00ean C\u00f4ng gi\u00e1o k\u00fd cam k\u1ebft v\u1edbi 3 n\u1ed9i dung:<br>1. Gi\u1eef v\u1eefng \u0111\u1ee9c tin v\u00e0 s\u1ed1ng \u0111\u1ea1o su\u1ed1t \u0111\u1eddi.<br>2. S\u1ebd c\u1ed1 g\u1eafng r\u1eeda t\u1ed9i v\u00e0 gi\u00e1o d\u1ee5c con c\u00e1i theo C\u00f4ng gi\u00e1o.<br>3. S\u1ed1ng trung th\u00e0nh, y\u00eau th\u01b0\u01a1ng, t\u00f4n tr\u1ecdng, theo tinh th\u1ea7n B\u00ed t\u00edch H\u00f4n ph\u1ed1i.<br><br><strong>3. B\u00ean kh\u00f4ng C\u00f4ng gi\u00e1o ph\u1ea3i k\u00fd \u0111i\u1ec1u g\u00ec?<\/strong><br>B\u00ean kh\u00f4ng C\u00f4ng gi\u00e1o kh\u00f4ng c\u1ea7n h\u1ee9a r\u1eeda t\u1ed9i con, nh\u01b0ng ph\u1ea3i:<br>\u2022 X\u00e1c nh\u1eadn hi\u1ec3u v\u00e0 t\u00f4n tr\u1ecdng \u0111\u1ee9c tin C\u00f4ng gi\u00e1o c\u1ee7a ng\u01b0\u1eddi b\u1ea1n \u0111\u1eddi.<br>\u2022 Kh\u00f4ng ng\u0103n c\u1ea3n vi\u1ec7c gi\u1eef \u0111\u1ea1o.<br>\u2022 Kh\u00f4ng c\u1ea3n tr\u1edf vi\u1ec7c r\u1eeda t\u1ed9i v\u00e0 gi\u00e1o d\u1ee5c con c\u00e1i theo \u0111\u1ee9c tin C\u00f4ng gi\u00e1o.<br>\u0110\u00e2y l\u00e0 y\u00eau c\u1ea7u t\u1ed1i thi\u1ec3u c\u1ee7a Gi\u00e1o H\u1ed9i \u0111\u1ec3 b\u1ea3o \u0111\u1ea3m s\u1ef1 t\u00f4n tr\u1ecdng l\u1eabn nhau.<br><br><strong>4. T\u1ea1i sao ph\u1ea3i xin \u201cph\u00e9p chu\u1ea9n\u201d?<\/strong><br>H\u00f4n nh\u00e2n kh\u00e1c \u0111\u1ea1o ch\u1ec9 \u0111\u01b0\u1ee3c ph\u00e9p c\u1eed h\u00e0nh h\u1ee3p ph\u00e1p khi c\u00f3:<br>\u2022 S\u1ef1 ch\u1ea5p thu\u1eadn c\u1ee7a \u0110\u1ee9c Gi\u00e1m m\u1ee5c (g\u1ecdi l\u00e0 ph\u00e9p chu\u1ea9n).<br>\u2022 Hai b\u00ean k\u00fd c\u00e1c cam k\u1ebft c\u1ea7n thi\u1ebft.<br>Kh\u00f4ng c\u00f3 ph\u00e9p chu\u1ea9n, l\u1ec5 c\u01b0\u1edbi v\u1eabn c\u00f3 th\u1ec3 c\u1eed h\u00e0nh, nh\u01b0ng kh\u00f4ng h\u1ee3p lu\u1eadt.<br><br><strong>5. Ph\u00e9p chu\u1ea9n l\u00e0 g\u00ec?<\/strong><br>\u2022 \u0110\u00e2y l\u00e0 s\u1ef1 cho ph\u00e9p c\u1ee7a Gi\u00e1m m\u1ee5c.<br>\u2022 Gi\u00fap h\u00f4n nh\u00e2n h\u1ee3p l\u1ec7 v\u00e0 h\u1ee3p lu\u1eadt.<br>\u2022 Gi\u00e1o d\u00e2n quen g\u1ecdi n\u00f4m na l\u00e0 \u201cph\u00e9p giao\u201d, nh\u01b0ng thu\u1eadt ng\u1eef ch\u00ednh x\u00e1c l\u00e0 ph\u00e9p chu\u1ea9n.<br><br><strong>6. T\u00e0i li\u1ec7u c\u1ea7n k\u00fd<\/strong><br>1. Cam k\u1ebft c\u1ee7a b\u00ean C\u00f4ng gi\u00e1o<br>2. X\u00e1c nh\u1eadn c\u1ee7a b\u00ean kh\u00f4ng C\u00f4ng gi\u00e1o<br>3. \u0110\u01a1n xin chu\u1ea9n h\u00f4n ph\u1ed1i kh\u00e1c \u0111\u1ea1o \/ h\u00f4n nh\u00e2n h\u1ed7n h\u1ee3p (g\u1eedi l\u00ean \u0110\u1ee9c Gi\u00e1m m\u1ee5c)<br><\/pre>\n","protected":false},"excerpt":{"rendered":"<p>1. T\u1ea1i sao ph\u1ea3i k\u00fd cam k\u1ebft khi k\u1ebft h\u00f4n kh\u00e1c \u0111\u1ea1o?Gi\u00e1o H\u1ed9i d\u1ea1y r\u1eb1ng h\u00f4n nh\u00e2n l\u00e0 m\u1ed9t \u01a1n g\u1ecdi th\u00e1nh. Khi m\u1ed9t ng\u01b0\u1eddi  [&hellip;]<\/p>\n","protected":false},"author":1,"featured_media":0,"parent":0,"menu_order":0,"comment_status":"closed","ping_status":"closed","template":"","meta":{"footnotes":""},"class_list":["post-210","page","type-page","status-publish","hentry"],"_links":{"self":[{"href":"https:\/\/dboratorio.tokyo\/kawahara\/index.php?rest_route=\/wp\/v2\/pages\/210","targetHints":{"allow":["GET"]}}],"collection":[{"href":"https:\/\/dboratorio.tokyo\/kawahara\/index.php?rest_route=\/wp\/v2\/pages"}],"about":[{"href":"https:\/\/dboratorio.tokyo\/kawahara\/index.php?rest_route=\/wp\/v2\/types\/page"}],"author":[{"embeddable":true,"href":"https:\/\/dboratorio.tokyo\/kawahara\/index.php?rest_route=\/wp\/v2\/users\/1"}],"replies":[{"embeddable":true,"href":"https:\/\/dboratorio.tokyo\/kawahara\/index.php?rest_route=%2Fwp%2Fv2%2Fcomments&post=210"}],"version-history":[{"count":2,"href":"https:\/\/dboratorio.tokyo\/kawahara\/index.php?rest_route=\/wp\/v2\/pages\/210\/revisions"}],"predecessor-version":[{"id":218,"href":"https:\/\/dboratorio.tokyo\/kawahara\/index.php?rest_route=\/wp\/v2\/pages\/210\/revisions\/218"}],"wp:attachment":[{"href":"https:\/\/dboratorio.tokyo\/kawahara\/index.php?rest_route=%2Fwp%2Fv2%2Fmedia&parent=210"}],"curies":[{"name":"wp","href":"https:\/\/api.w.org\/{rel}","templated":true}]}}