{"id":212,"date":"2025-11-15T07:58:25","date_gmt":"2025-11-14T22:58:25","guid":{"rendered":"https:\/\/dboratorio.tokyo\/kawahara\/?page_id=212"},"modified":"2025-11-15T08:18:33","modified_gmt":"2025-11-14T23:18:33","slug":"thu-tuc","status":"publish","type":"page","link":"https:\/\/dboratorio.tokyo\/kawahara\/?page_id=212","title":{"rendered":"Th\u1ee7 t\u1ee5c"},"content":{"rendered":"\n<ul class=\"wp-block-list\">\n<li><a href=\"https:\/\/dboratorio.tokyo\/kawahara\/?page_id=210\" data-type=\"page\" data-id=\"210\">K\u1ebft h\u00f4n kh\u00e1c \u0111\u1ea1o<\/a><\/li>\n<\/ul>\n\n\n\n<ul class=\"wp-block-list\">\n<li><a href=\"https:\/\/dboratorio.tokyo\/kawahara\/?page_id=215\" data-type=\"page\" data-id=\"215\">H\u1ed3 s\u01a1 c\u1ea7n c\u00f3 \u0111\u1ec3 \u0111\u0103ng k\u00fd nh\u1eadn l\u00e3nh B\u00ed T\u00edch H\u00f4n Ph\u1ed1i<\/a><\/li>\n<\/ul>\n\n\n\n<p><\/p>\n","protected":false},"excerpt":{"rendered":"","protected":false},"author":1,"featured_media":0,"parent":0,"menu_order":0,"comment_status":"closed","ping_status":"closed","template":"","meta":{"footnotes":""},"class_list":["post-212","page","type-page","status-publish","hentry"],"_links":{"self":[{"href":"https:\/\/dboratorio.tokyo\/kawahara\/index.php?rest_route=\/wp\/v2\/pages\/212","targetHints":{"allow":["GET"]}}],"collection":[{"href":"https:\/\/dboratorio.tokyo\/kawahara\/index.php?rest_route=\/wp\/v2\/pages"}],"about":[{"href":"https:\/\/dboratorio.tokyo\/kawahara\/index.php?rest_route=\/wp\/v2\/types\/page"}],"author":[{"embeddable":true,"href":"https:\/\/dboratorio.tokyo\/kawahara\/index.php?rest_route=\/wp\/v2\/users\/1"}],"replies":[{"embeddable":true,"href":"https:\/\/dboratorio.tokyo\/kawahara\/index.php?rest_route=%2Fwp%2Fv2%2Fcomments&post=212"}],"version-history":[{"count":2,"href":"https:\/\/dboratorio.tokyo\/kawahara\/index.php?rest_route=\/wp\/v2\/pages\/212\/revisions"}],"predecessor-version":[{"id":217,"href":"https:\/\/dboratorio.tokyo\/kawahara\/index.php?rest_route=\/wp\/v2\/pages\/212\/revisions\/217"}],"wp:attachment":[{"href":"https:\/\/dboratorio.tokyo\/kawahara\/index.php?rest_route=%2Fwp%2Fv2%2Fmedia&parent=212"}],"curies":[{"name":"wp","href":"https:\/\/api.w.org\/{rel}","templated":true}]}}