{"id":215,"date":"2025-11-15T08:17:45","date_gmt":"2025-11-14T23:17:45","guid":{"rendered":"https:\/\/dboratorio.tokyo\/kawahara\/?page_id=215"},"modified":"2025-11-15T08:17:45","modified_gmt":"2025-11-14T23:17:45","slug":"ho-so-can-bi-tich-hon-phoi","status":"publish","type":"page","link":"https:\/\/dboratorio.tokyo\/kawahara\/?page_id=215","title":{"rendered":"H\u1ed3 s\u01a1 c\u1ea7n: B\u00ed T\u00edch H\u00f4n Ph\u1ed1i"},"content":{"rendered":"\n<pre class=\"wp-block-preformatted\"><strong>H\u1ed3 s\u01a1 c\u1ea7n c\u00f3 \u0111\u1ec3 \u0111\u0103ng k\u00fd nh\u1eadn l\u00e3nh B\u00ed T\u00edch H\u00f4n Ph\u1ed1i<\/strong><br><br>1-Gi\u1ea5y \u0111\u0103ng k\u00fd k\u1ebft h\u00f4n theo lu\u1eadt \u0111\u1eddi.<br>2-Ch\u1ee9ng ch\u1ec9 ho\u00e0n t\u1ea5t kh\u00f3a h\u1ecdc (d\u1ef1 t\u00f2ng) k\u1ebft h\u00f4n.<br>3-Gi\u1ea5y ch\u1ee9ng nh\u1eadn R\u1eeda t\u1ed9i t\u1eeb gi\u00e1o x\u1ee9 \u0111\u1ecba ph\u01b0\u01a1ng (kh\u00f4ng ph\u1ea3i b\u1ea3n copy t\u1eeb s\u1ed5 gia \u0111\u00ecnh c\u00f4ng gi\u00e1o).<br>4-Gi\u1ea5y ch\u1ee9ng nh\u1eadn Th\u00eam s\u1ee9c t\u1eeb gi\u00e1o x\u1ee9 \u0111\u1ecba ph\u01b0\u01a1ng (kh\u00f4ng ph\u1ea3i b\u1ea3n copy t\u1eeb s\u1ed5 gia \u0111\u00ecnh c\u00f4ng gi\u00e1o).<br>5-Gi\u1ea5y ch\u1ee9ng nh\u1eadn \u0111\u1ed9c th\u00e2n (t\u00ecnh tr\u1ea1ng thong dong) t\u1eeb gi\u00e1o x\u1ee9 \u0111\u1ecba ph\u01b0\u01a1ng.<br>   ho\u1eb7c<br>     Th\u01b0 gi\u1edbi thi\u1ec7u t\u1eeb Cha x\u1ee9 c\u1ee7a gi\u00e1o x\u1ee9 \u0111\u1ecba ph\u01b0\u01a1ng (Vi\u1ec7t Nam).<br>6-Gi\u1ea5y \u201cxin \u0111i\u1ec1u tra v\u00e0 rao h\u00f4n ph\u1ed1i\u201d.<br>\u3000C\u00e1c b\u1ea1n kh\u00f4ng ph\u1ea3i l\u00e0 c\u00f4ng gi\u00e1o c\u0169ng c\u1ea7n (\u0111\u1ebfn gi\u00e1o x\u1ee9 \u0111\u1ecba ph\u01b0\u01a1ng n\u01a1i m\u00ecnh \u1edf, xin cha x\u1ee9 rao v\u00e0 ch\u1ee9ng nh\u1eadn).<br>7-Gi\u1ea5y k\u1ebft qu\u1ea3 \u0111i\u1ec1u tra v\u00e0 rao h\u00f4n ph\u1ed1i ( t\u1eeb Cha Ch\u00e1nh X\u1ee9 \u0111\u1ecba ph\u01b0\u01a1ng).<br>  (C\u00e1c m\u1ee5c 3, 4, 5, 6 tr\u00ean c\u00f3 th\u1ec3 gom l\u1ea1i trong m\u1ed9t t\u1edd n\u00e0y).<br>8-Sau khi \u0111\u00e3 \u0111\u1ea7y \u0111\u1ee7 c\u00e1c h\u1ed3 s\u01a1 tr\u00ean, th\u00ec m\u1edbi \u0111i\u1ec1n h\u1ed3 s\u01a1 xin l\u00e3nh nh\u1eadn B\u00ed T\u00edch H\u00f4n Ph\u1ed1i.<br><\/pre>\n\n\n\n<p><\/p>\n","protected":false},"excerpt":{"rendered":"<p>H\u1ed3 s\u01a1 c\u1ea7n c\u00f3 \u0111\u1ec3 \u0111\u0103ng k\u00fd nh\u1eadn l\u00e3nh B\u00ed T\u00edch H\u00f4n Ph\u1ed1i1-Gi\u1ea5y \u0111\u0103ng k\u00fd k\u1ebft h\u00f4n theo lu\u1eadt \u0111\u1eddi.2-Ch\u1ee9ng ch\u1ec9 ho\u00e0n t\u1ea5t kh [&hellip;]<\/p>\n","protected":false},"author":1,"featured_media":0,"parent":0,"menu_order":0,"comment_status":"closed","ping_status":"closed","template":"","meta":{"footnotes":""},"class_list":["post-215","page","type-page","status-publish","hentry"],"_links":{"self":[{"href":"https:\/\/dboratorio.tokyo\/kawahara\/index.php?rest_route=\/wp\/v2\/pages\/215","targetHints":{"allow":["GET"]}}],"collection":[{"href":"https:\/\/dboratorio.tokyo\/kawahara\/index.php?rest_route=\/wp\/v2\/pages"}],"about":[{"href":"https:\/\/dboratorio.tokyo\/kawahara\/index.php?rest_route=\/wp\/v2\/types\/page"}],"author":[{"embeddable":true,"href":"https:\/\/dboratorio.tokyo\/kawahara\/index.php?rest_route=\/wp\/v2\/users\/1"}],"replies":[{"embeddable":true,"href":"https:\/\/dboratorio.tokyo\/kawahara\/index.php?rest_route=%2Fwp%2Fv2%2Fcomments&post=215"}],"version-history":[{"count":1,"href":"https:\/\/dboratorio.tokyo\/kawahara\/index.php?rest_route=\/wp\/v2\/pages\/215\/revisions"}],"predecessor-version":[{"id":216,"href":"https:\/\/dboratorio.tokyo\/kawahara\/index.php?rest_route=\/wp\/v2\/pages\/215\/revisions\/216"}],"wp:attachment":[{"href":"https:\/\/dboratorio.tokyo\/kawahara\/index.php?rest_route=%2Fwp%2Fv2%2Fmedia&parent=215"}],"curies":[{"name":"wp","href":"https:\/\/api.w.org\/{rel}","templated":true}]}}