{"id":61,"date":"2025-11-07T09:17:42","date_gmt":"2025-11-07T00:17:42","guid":{"rendered":"https:\/\/dboratorio.tokyo\/kawahara\/?page_id=61"},"modified":"2025-12-06T10:35:44","modified_gmt":"2025-12-06T01:35:44","slug":"giao-ly-co-ban","status":"publish","type":"page","link":"https:\/\/dboratorio.tokyo\/kawahara\/?page_id=61","title":{"rendered":"Gi\u00e1o L\u00fd C\u01a1 B\u1ea3n 1"},"content":{"rendered":"\n<ul class=\"wp-block-list\">\n<li>1-<a href=\"https:\/\/youtu.be\/ijD8SGQIlfI\">NH\u1eacN BI\u1ebeT THI\u00caN CH\u00daA<\/a><\/li>\n<\/ul>\n\n\n\n<ul class=\"wp-block-list\">\n<li>2-<a href=\"https:\/\/youtu.be\/KNqmO161hbA\">T\u00ccM KI\u1ebeM THI\u00caN CH\u00daA<\/a><\/li>\n<\/ul>\n\n\n\n<ul class=\"wp-block-list\">\n<li>3-<a href=\"https:\/\/youtu.be\/CgSD3AJ2uA8\">C\u1ea6U NGUY\u1ec6N<\/a><\/li>\n<\/ul>\n\n\n\n<ul class=\"wp-block-list\">\n<li>4-<a href=\"https:\/\/youtu.be\/n8J_ONHKZlw\">L\u01af\u01a0NG T\u00c2M V\u00c0 T\u1ed8I L\u1ed6I<\/a><\/li>\n<\/ul>\n\n\n\n<ul class=\"wp-block-list\">\n<li>5-<a href=\"https:\/\/youtu.be\/SCwIT7APH7g\">PH\u1ee4NG V\u1ee4 v\u00e0 B\u00cd T\u00cdCH<\/a><\/li>\n<\/ul>\n\n\n\n<ul class=\"wp-block-list\">\n<li>6-<a href=\"https:\/\/youtu.be\/O7Qf1-hyTCg\">Y\u00caU NG\u01af\u1edcI NH\u01af CH\u00cdNH M\u00ccNH<\/a><\/li>\n<\/ul>\n\n\n\n<ul class=\"wp-block-list\">\n<li>7-<a href=\"https:\/\/youtu.be\/521nPJ5G1YA\">Th\u00e1nh L\u1ec5<\/a><\/li>\n<\/ul>\n\n\n\n<ul class=\"wp-block-list\">\n<li>8-<a href=\"https:\/\/youtu.be\/hC92Z9PU8R4\">L\u00e0m D\u1ea5u Th\u00e1nh Gi\u00e1<\/a><\/li>\n<\/ul>\n\n\n\n<ul class=\"wp-block-list\">\n<li>9-<a href=\"https:\/\/youtu.be\/nsTLkBsP5QE\">\u0110\u1ee9c Tin<\/a><\/li>\n<\/ul>\n\n\n\n<ul class=\"wp-block-list\"><\/ul>\n\n\n\n<ul class=\"wp-block-list\"><\/ul>\n\n\n\n<ul class=\"wp-block-list\"><\/ul>\n\n\n\n<ul class=\"wp-block-list\"><\/ul>\n\n\n\n<ul class=\"wp-block-list\"><\/ul>\n\n\n\n<ul class=\"wp-block-list\"><\/ul>\n\n\n\n<ul class=\"wp-block-list\"><\/ul>\n\n\n\n<ul class=\"wp-block-list\"><\/ul>\n\n\n\n<ul class=\"wp-block-list\"><\/ul>\n\n\n\n<p><\/p>\n","protected":false},"excerpt":{"rendered":"","protected":false},"author":1,"featured_media":0,"parent":0,"menu_order":0,"comment_status":"closed","ping_status":"closed","template":"","meta":{"footnotes":""},"class_list":["post-61","page","type-page","status-publish","hentry"],"_links":{"self":[{"href":"https:\/\/dboratorio.tokyo\/kawahara\/index.php?rest_route=\/wp\/v2\/pages\/61","targetHints":{"allow":["GET"]}}],"collection":[{"href":"https:\/\/dboratorio.tokyo\/kawahara\/index.php?rest_route=\/wp\/v2\/pages"}],"about":[{"href":"https:\/\/dboratorio.tokyo\/kawahara\/index.php?rest_route=\/wp\/v2\/types\/page"}],"author":[{"embeddable":true,"href":"https:\/\/dboratorio.tokyo\/kawahara\/index.php?rest_route=\/wp\/v2\/users\/1"}],"replies":[{"embeddable":true,"href":"https:\/\/dboratorio.tokyo\/kawahara\/index.php?rest_route=%2Fwp%2Fv2%2Fcomments&post=61"}],"version-history":[{"count":8,"href":"https:\/\/dboratorio.tokyo\/kawahara\/index.php?rest_route=\/wp\/v2\/pages\/61\/revisions"}],"predecessor-version":[{"id":245,"href":"https:\/\/dboratorio.tokyo\/kawahara\/index.php?rest_route=\/wp\/v2\/pages\/61\/revisions\/245"}],"wp:attachment":[{"href":"https:\/\/dboratorio.tokyo\/kawahara\/index.php?rest_route=%2Fwp%2Fv2%2Fmedia&parent=61"}],"curies":[{"name":"wp","href":"https:\/\/api.w.org\/{rel}","templated":true}]}}