{"id":70,"date":"2025-11-07T09:42:10","date_gmt":"2025-11-07T00:42:10","guid":{"rendered":"https:\/\/dboratorio.tokyo\/kawahara\/?page_id=70"},"modified":"2025-12-06T07:32:24","modified_gmt":"2025-12-05T22:32:24","slug":"giao-ly-hon-nhan","status":"publish","type":"page","link":"https:\/\/dboratorio.tokyo\/kawahara\/?page_id=70","title":{"rendered":"Gi\u00e1o L\u00fd H\u00f4n Nh\u00e2n 2"},"content":{"rendered":"\n<ul class=\"wp-block-list\">\n<li>38-<a href=\"https:\/\/youtu.be\/BrDA4U2iRGs\">S\u1ed1ng th\u1eddi k\u1ef3 \u0111\u00ednh h\u00f4n<\/a><\/li>\n<\/ul>\n\n\n\n<ul class=\"wp-block-list\">\n<li>39-<a href=\"https:\/\/youtu.be\/I_7sKr66CY8\">T\u00ecnh y\u00eau v\u1ee3 ch\u1ed3ng<\/a><\/li>\n<\/ul>\n\n\n\n<ul class=\"wp-block-list\">\n<li>40-<a href=\"https:\/\/youtu.be\/CeMaLDqzcik\">T\u00ednh d\u1ee5c v\u00e0 h\u00f4n nh\u00e2n<\/a><\/li>\n<\/ul>\n\n\n\n<ul class=\"wp-block-list\">\n<li>41-<a href=\"https:\/\/youtu.be\/Xy39lqaRfl8\">Ho\u00e0 h\u1ee3p v\u1ee3 ch\u1ed3ng<\/a><\/li>\n<\/ul>\n\n\n\n<ul class=\"wp-block-list\">\n<li>42-<a href=\"https:\/\/youtu.be\/rtPAGtFIsPU\">C\u00e1c th\u1ee7 t\u1ee5c v\u00e0 nghi l\u1ec5 H\u00f4n ph\u1ed1i<\/a><\/li>\n<\/ul>\n\n\n\n<ul class=\"wp-block-list\">\n<li>43-<a href=\"https:\/\/youtu.be\/Jg0Em8R72eA\">Ho\u00e0 h\u1ee3p v\u1ee3 ch\u1ed3ng: S\u1ef1 kh\u00e1c bi\u1ec7t gi\u1eefa nam v\u00e0 n\u1eef<\/a><\/li>\n<\/ul>\n\n\n\n<ul class=\"wp-block-list\">\n<li>44-<a href=\"https:\/\/youtu.be\/S7JvcOZEvvk\">Ho\u00e0 h\u1ee3p v\u1ee3 ch\u1ed3ng: Gi\u1ea3i quy\u1ebft nh\u1eefng xung \u0111\u1ed9t<\/a><\/li>\n<\/ul>\n\n\n\n<ul class=\"wp-block-list\">\n<li>45-<a href=\"https:\/\/youtu.be\/tv6u7YXRO7k\">S\u1ef1 ph\u00e2n ly v\u1ee3 ch\u1ed3ng<\/a><\/li>\n<\/ul>\n\n\n\n<ul class=\"wp-block-list\">\n<li>46-<a href=\"https:\/\/youtu.be\/usL6Nd-cyfU\">Linh \u0111\u1ea1o h\u00f4n nh\u00e2n v\u00e0 gia \u0111\u00ecnh<\/a><\/li>\n<\/ul>\n\n\n\n<ul class=\"wp-block-list\">\n<li>47-<a href=\"https:\/\/youtu.be\/5umI-2CuGZE\">C\u00e1c b\u00ed t\u00edch trong \u0111\u1eddi s\u1ed1ng H\u00f4n nh\u00e2n v\u00e0 gia \u0111\u00ecnh<\/a><\/li>\n<\/ul>\n\n\n\n<ul class=\"wp-block-list\">\n<li>48-<a href=\"https:\/\/youtu.be\/RHLuwzvxF6E\">\u0110\u1ea1o Hi\u1ebfu<\/a><\/li>\n<\/ul>\n\n\n\n<ul class=\"wp-block-list\">\n<li>49-<a href=\"https:\/\/youtu.be\/8zRGAG92R5A\">Nh\u1eefng ng\u00e0y l\u1ec5 c\u1ee7a gia \u0111\u00ecnh<\/a><\/li>\n<\/ul>\n\n\n\n<p><\/p>\n","protected":false},"excerpt":{"rendered":"","protected":false},"author":1,"featured_media":0,"parent":0,"menu_order":0,"comment_status":"closed","ping_status":"closed","template":"","meta":{"footnotes":""},"class_list":["post-70","page","type-page","status-publish","hentry"],"_links":{"self":[{"href":"https:\/\/dboratorio.tokyo\/kawahara\/index.php?rest_route=\/wp\/v2\/pages\/70","targetHints":{"allow":["GET"]}}],"collection":[{"href":"https:\/\/dboratorio.tokyo\/kawahara\/index.php?rest_route=\/wp\/v2\/pages"}],"about":[{"href":"https:\/\/dboratorio.tokyo\/kawahara\/index.php?rest_route=\/wp\/v2\/types\/page"}],"author":[{"embeddable":true,"href":"https:\/\/dboratorio.tokyo\/kawahara\/index.php?rest_route=\/wp\/v2\/users\/1"}],"replies":[{"embeddable":true,"href":"https:\/\/dboratorio.tokyo\/kawahara\/index.php?rest_route=%2Fwp%2Fv2%2Fcomments&post=70"}],"version-history":[{"count":6,"href":"https:\/\/dboratorio.tokyo\/kawahara\/index.php?rest_route=\/wp\/v2\/pages\/70\/revisions"}],"predecessor-version":[{"id":227,"href":"https:\/\/dboratorio.tokyo\/kawahara\/index.php?rest_route=\/wp\/v2\/pages\/70\/revisions\/227"}],"wp:attachment":[{"href":"https:\/\/dboratorio.tokyo\/kawahara\/index.php?rest_route=%2Fwp%2Fv2%2Fmedia&parent=70"}],"curies":[{"name":"wp","href":"https:\/\/api.w.org\/{rel}","templated":true}]}}