{"id":86,"date":"2025-11-07T21:14:59","date_gmt":"2025-11-07T12:14:59","guid":{"rendered":"https:\/\/dboratorio.tokyo\/kawahara\/?page_id=86"},"modified":"2025-12-06T07:40:04","modified_gmt":"2025-12-05T22:40:04","slug":"kinh-tin-kinh","status":"publish","type":"page","link":"https:\/\/dboratorio.tokyo\/kawahara\/?page_id=86","title":{"rendered":"Kinh Tin K\u00ednh"},"content":{"rendered":"\n<pre class=\"wp-block-preformatted\">Kinh Tin K\u00ednh<br>T\u00f4i tin k\u00ednh \u0110\u1ee9c Ch\u00faa Tr\u1eddi l\u00e0 Cha ph\u00e9p t\u1eafc v\u00f4 c\u00f9ng d\u1ef1ng n\u00ean tr\u1eddi \u0111\u1ea5t. T\u00f4i tin k\u00ednh \u0110\u1ee9c Ch\u00faa Gi\u00ea-su Ki-t\u00f4 l\u00e0 Con M\u1ed9t \u0110\u1ee9c Ch\u00faa Cha, c\u00f9ng l\u00e0 Ch\u00faa ch\u00fang t\u00f4i. B\u1edfi ph\u00e9p \u0110\u1ee9c Ch\u00faa Th\u00e1nh Th\u1ea7n m\u00e0 Ng\u01b0\u1eddi xu\u1ed1ng thai, sinh b\u1edfi B\u00e0 Ma-ri-a \u0111\u1ed3ng trinh, ch\u1ecbu n\u1ea1n \u0111\u1eddi quan Phong-xi-\u00f4 Phi-la-t\u00f4, ch\u1ecbu \u0111\u00f3ng \u0111inh tr\u00ean c\u00e2y Th\u00e1nh Gi\u00e1, ch\u1ebft v\u00e0 t\u00e1ng x\u00e1c. Xu\u1ed1ng ng\u1ee5c t\u1ed5 t\u00f4ng. Ng\u00e0y th\u1ee9 ba b\u1edfi trong k\u1ebb ch\u1ebft m\u00e0 s\u1ed1ng l\u1ea1i. L\u00ean tr\u1eddi ng\u1ef1 b\u00ean h\u1eefu \u0110\u1ee9c Ch\u00faa Cha ph\u00e9p t\u1eafc v\u00f4 c\u00f9ng. Ng\u00e0y sau b\u1edfi tr\u1eddi l\u1ea1i xu\u1ed1ng ph\u00e1n x\u00e9t k\u1ebb s\u1ed1ng v\u00e0 k\u1ebb ch\u1ebft. T\u00f4i tin k\u00ednh \u0110\u1ee9c Ch\u00faa Ch\u00faa Th\u00e1nh Th\u1ea7n, t\u00f4i tin c\u00f3 H\u1ed9i Th\u00e1nh h\u1eb1ng c\u00f3 \u1edf kh\u1eafp th\u1ebf n\u00e0y, c\u00e1c Th\u00e1nh th\u00f4ng c\u00f4ng, t\u00f4i tin ph\u00e9p tha t\u1ed9i, t\u00f4i tin x\u00e1c lo\u00e0i ng\u01b0\u1eddi ng\u00e0y sau s\u1ed1ng l\u1ea1i, t\u00f4i tin h\u1eb1ng s\u1ed1ng v\u1eady. Amen.<br><\/pre>\n\n\n\n<ul class=\"wp-block-list\">\n<li><\/li>\n<\/ul>\n\n\n\n<ul class=\"wp-block-list\">\n<li>50-<a href=\"https:\/\/youtu.be\/h897xF490DE\">T\u00f4i tin k\u00ednh \u0110\u1ee9c Ch\u00faa Tr\u1eddi<\/a><\/li>\n<\/ul>\n\n\n\n<ul class=\"wp-block-list\">\n<li>51-<a href=\"https:\/\/youtu.be\/aTztitNqW84\">T\u00f4i tin Ch\u00faa Gi\u00easu Kit\u00f4<\/a><\/li>\n<\/ul>\n\n\n\n<ul class=\"wp-block-list\">\n<li>52-<a href=\"https:\/\/youtu.be\/lwaS2Ds0DkY\">T\u00f4i Tin \u0110\u1ee9c Ch\u00faa Th\u00e1nh Th\u1ea7n<\/a><\/li>\n<\/ul>\n\n\n\n<ul class=\"wp-block-list\">\n<li>53-<a href=\"https:\/\/youtu.be\/_eeOygfyisc\">T\u00f4i Tin H\u1ed9i Th\u00e1nh C\u00f4ng Gi\u00e1o<\/a><\/li>\n<\/ul>\n\n\n\n<ul class=\"wp-block-list\">\n<li>54-<a href=\"https:\/\/youtu.be\/mhDJHZ_9clU\">T\u00f4i Tin Ph\u00e9p Tha T\u1ed9i<\/a><\/li>\n<\/ul>\n\n\n\n<ul class=\"wp-block-list\">\n<li>55-<a href=\"https:\/\/youtu.be\/L78Q7OUAabQ\">T\u00f4i Tin C\u00e1c Th\u00e1nh Th\u00f4ng C\u00f4ng<\/a><\/li>\n<\/ul>\n\n\n\n<ul class=\"wp-block-list\">\n<li>56-<a href=\"https:\/\/youtu.be\/DqNUhkyOw3A\">T\u00f4i Tin \u0110\u1ee9c M\u1eb9 \u0110\u1ed3ng Trinh Tr\u1ecdn \u0110\u1eddi<\/a><\/li>\n<\/ul>\n\n\n\n<ul class=\"wp-block-list\">\n<li>57-<a href=\"https:\/\/youtu.be\/Um0ugfyc9tY\">T\u00f4i Tin X\u00e1c Lo\u00e0i Ng\u01b0\u1eddi Ng\u00e0y Sau S\u1ed1ng L\u1ea1i<\/a><\/li>\n<\/ul>\n\n\n\n<ul class=\"wp-block-list\">\n<li>58-<a href=\"https:\/\/youtu.be\/507iKcYUCYA\">T\u00f4i Tin Con Thi\u00ean Ch\u00faa L\u00e0m Ng\u01b0\u1eddi<\/a><\/li>\n<\/ul>\n\n\n\n<ul class=\"wp-block-list\">\n<li>59-<a href=\"https:\/\/youtu.be\/ToP4DcP-6sY\">T\u00f4i Tin Ch\u00faa Gi\u00easu Ch\u1ebft v\u00e0 S\u1ed1ng L\u1ea1i<\/a><\/li>\n<\/ul>\n\n\n\n<ul class=\"wp-block-list\">\n<li>60-<a href=\"https:\/\/youtu.be\/MQnb_R56QkI\">Ng\u1ee5c T\u1ed5 T\u00f4ng<\/a><\/li>\n<\/ul>\n\n\n\n<ul class=\"wp-block-list\">\n<li>61-<a href=\"https:\/\/youtu.be\/Zb5lDxIOwAg\">T\u00f4i Tin S\u1ef1 S\u1ed1ng \u0110\u1eddi Sau<\/a><\/li>\n<\/ul>\n\n\n\n<ul class=\"wp-block-list\">\n<li>62-<a href=\"https:\/\/youtu.be\/GNe5g1F8Opk\">Ph\u00e1n X\u00e9t Chung<\/a><\/li>\n<\/ul>\n\n\n\n<ul class=\"wp-block-list\">\n<li>63-<a href=\"https:\/\/youtu.be\/P0fDZ8LD3lM\">Amen<\/a><\/li>\n<\/ul>\n\n\n\n<p>\u2605 64-<a href=\"https:\/\/youtu.be\/czMPQdmFVmg\">Kinh Tin K\u00ednh<\/a> &#8211; t\u00f3m l\u01b0\u1ee3c<\/p>\n\n\n\n<p><\/p>\n","protected":false},"excerpt":{"rendered":"<p>Kinh Tin K\u00ednhT\u00f4i tin k\u00ednh \u0110\u1ee9c Ch\u00faa Tr\u1eddi l\u00e0 Cha ph\u00e9p t\u1eafc v\u00f4 c\u00f9ng d\u1ef1ng n\u00ean tr\u1eddi \u0111\u1ea5t. T\u00f4i tin k\u00ednh \u0110\u1ee9c Ch\u00faa Gi\u00ea-s [&hellip;]<\/p>\n","protected":false},"author":1,"featured_media":0,"parent":0,"menu_order":0,"comment_status":"closed","ping_status":"closed","template":"","meta":{"footnotes":""},"class_list":["post-86","page","type-page","status-publish","hentry"],"_links":{"self":[{"href":"https:\/\/dboratorio.tokyo\/kawahara\/index.php?rest_route=\/wp\/v2\/pages\/86","targetHints":{"allow":["GET"]}}],"collection":[{"href":"https:\/\/dboratorio.tokyo\/kawahara\/index.php?rest_route=\/wp\/v2\/pages"}],"about":[{"href":"https:\/\/dboratorio.tokyo\/kawahara\/index.php?rest_route=\/wp\/v2\/types\/page"}],"author":[{"embeddable":true,"href":"https:\/\/dboratorio.tokyo\/kawahara\/index.php?rest_route=\/wp\/v2\/users\/1"}],"replies":[{"embeddable":true,"href":"https:\/\/dboratorio.tokyo\/kawahara\/index.php?rest_route=%2Fwp%2Fv2%2Fcomments&post=86"}],"version-history":[{"count":8,"href":"https:\/\/dboratorio.tokyo\/kawahara\/index.php?rest_route=\/wp\/v2\/pages\/86\/revisions"}],"predecessor-version":[{"id":231,"href":"https:\/\/dboratorio.tokyo\/kawahara\/index.php?rest_route=\/wp\/v2\/pages\/86\/revisions\/231"}],"wp:attachment":[{"href":"https:\/\/dboratorio.tokyo\/kawahara\/index.php?rest_route=%2Fwp%2Fv2%2Fmedia&parent=86"}],"curies":[{"name":"wp","href":"https:\/\/api.w.org\/{rel}","templated":true}]}}