{"id":88,"date":"2025-11-07T21:17:26","date_gmt":"2025-11-07T12:17:26","guid":{"rendered":"https:\/\/dboratorio.tokyo\/kawahara\/?page_id=88"},"modified":"2025-12-06T07:42:46","modified_gmt":"2025-12-05T22:42:46","slug":"kinh-muoi-dieu-ran","status":"publish","type":"page","link":"https:\/\/dboratorio.tokyo\/kawahara\/?page_id=88","title":{"rendered":"Kinh M\u01b0\u1eddi \u0110i\u1ec1u R\u0103n"},"content":{"rendered":"\n<pre class=\"wp-block-preformatted\">Kinh M\u01b0\u1eddi \u0110i\u1ec1u R\u0103n<br><br>\u0110\u1ea1o \u0110\u1ee9c Ch\u00faa Tr\u1eddi c\u00f3 M\u01b0\u1eddi \u0110i\u1ec1u R\u0103n:<br>Th\u1ee9 nh\u1ea5t: th\u1edd ph\u01b0\u1ee3ng m\u1ed9t \u0110\u1ee9c Ch\u00faa Tr\u1eddi v\u00e0 k\u00ednh m\u1ebfn Ng\u01b0\u1eddi tr\u00ean h\u1ebft m\u1ecdi s\u1ef1.<br>Th\u1ee9 hai: ch\u1edb k\u00eau t\u00ean \u0110\u1ee9c Ch\u00faa Tr\u1eddi v\u00f4 c\u1edb.<br>Th\u1ee9 ba: gi\u1eef ng\u00e0y Ch\u00faa nh\u1eadt.<br>Th\u1ee9 b\u1ed1n: th\u1ea3o k\u00ednh cha m\u1eb9.<br>Th\u1ee9 n\u0103m: ch\u1edb gi\u1ebft ng\u01b0\u1eddi.<br>Th\u1ee9 s\u00e1u: ch\u1edb l\u00e0m s\u1ef1 d\u00e2m d\u1ee5c.<br>Th\u1ee9 b\u1ea3y: ch\u1edb l\u1ea5y c\u1ee7a ng\u01b0\u1eddi.<br>Th\u1ee9 t\u00e1m: ch\u1edb l\u00e0m ch\u1ee9ng d\u1ed1i.<br>Th\u1ee9 ch\u00edn: ch\u1edb mu\u1ed1n v\u1ee3 ch\u1ed3ng ng\u01b0\u1eddi.<br>Th\u1ee9 m\u01b0\u1eddi: ch\u1edb tham c\u1ee7a ng\u01b0\u1eddi.<br>M\u01b0\u1eddi \u0111i\u1ec1u r\u0103n \u1ea5y t\u00f3m v\u1ec1 hai n\u00e0y m\u00e0 ch\u1edb: Tr\u01b0\u1edbc k\u00ednh m\u1ebfn m\u1ed9t \u0110\u1ee9c Ch\u00faa Tr\u1eddi tr\u00ean h\u1ebft m\u1ecdi s\u1ef1. Sau l\u1ea1i y\u00eau ng\u01b0\u1eddi nh\u01b0 m\u00ecnh ta v\u1eady. Amen.<br><\/pre>\n\n\n\n<ul class=\"wp-block-list\">\n<li>65-<a href=\"https:\/\/youtu.be\/0eBErHdOn7E\">\u0110i\u1ec1u R\u0103n Th\u1ee9 Nh\u1ea5t<\/a><\/li>\n<\/ul>\n\n\n\n<ul class=\"wp-block-list\">\n<li>66-<a href=\"https:\/\/youtu.be\/mrfy8-yRprs\">\u0110i\u1ec1u R\u0103n Th\u1ee9 Hai<\/a><\/li>\n<\/ul>\n\n\n\n<ul class=\"wp-block-list\">\n<li>67-<a href=\"https:\/\/youtu.be\/9Hq-POcbKxw\">\u0110i\u1ec1u R\u0103n Th\u1ee9 Ba<\/a><\/li>\n<\/ul>\n\n\n\n<ul class=\"wp-block-list\">\n<li>68-<a href=\"https:\/\/youtu.be\/Ui0kAQ4azxs\">\u0110i\u1ec1u R\u0103n Th\u1ee9 B\u1ed1n<\/a><\/li>\n<\/ul>\n\n\n\n<ul class=\"wp-block-list\">\n<li>69-<a href=\"https:\/\/youtu.be\/_u0v6ErDo0Q\">\u0110i\u1ec1u R\u0103n Th\u1ee9 N\u0103m<\/a><\/li>\n<\/ul>\n\n\n\n<ul class=\"wp-block-list\">\n<li>70-<a href=\"https:\/\/youtu.be\/Z1bp-1hlKp8\">\u0110i\u1ec1u R\u0103n Th\u1ee9 S\u00e1u<\/a><\/li>\n<\/ul>\n\n\n\n<ul class=\"wp-block-list\">\n<li>71-<a href=\"https:\/\/youtu.be\/UQZBU1F0cBM\">\u0110i\u1ec1u R\u0103n Th\u1ee9 B\u1ea3y<\/a><\/li>\n<\/ul>\n\n\n\n<ul class=\"wp-block-list\">\n<li>72-<a href=\"https:\/\/youtu.be\/Bu-1ElOTZrY\">\u0110i\u1ec1u R\u0103n Th\u1ee9 T\u00e1m<\/a><\/li>\n<\/ul>\n\n\n\n<ul class=\"wp-block-list\">\n<li>73-<a href=\"https:\/\/youtu.be\/BP2aXfd-nQ4\">\u0110i\u1ec1u R\u0103n Th\u1ee9 Ch\u00edn<\/a><\/li>\n<\/ul>\n\n\n\n<ul class=\"wp-block-list\">\n<li>74-<a href=\"https:\/\/youtu.be\/fRdArkqbuOw\">\u0110i\u1ec1u R\u0103n Th\u1ee9 M\u01b0\u1eddi<\/a><\/li>\n<\/ul>\n\n\n\n<p>\u2605 75-<a href=\"https:\/\/youtu.be\/N-b6chTfUyY\">10 \u0110i\u1ec1u R\u0103n<\/a> &#8211; t\u00f3m l\u01b0\u1ee3c<\/p>\n\n\n\n<p><\/p>\n","protected":false},"excerpt":{"rendered":"<p>Kinh M\u01b0\u1eddi \u0110i\u1ec1u R\u0103n\u0110\u1ea1o \u0110\u1ee9c Ch\u00faa Tr\u1eddi c\u00f3 M\u01b0\u1eddi \u0110i\u1ec1u R\u0103n:Th\u1ee9 nh\u1ea5t: th\u1edd ph\u01b0\u1ee3ng m\u1ed9t \u0110\u1ee9c Ch\u00faa Tr\u1eddi v\u00e0 k\u00ednh m\u1ebfn Ng\u01b0\u1eddi  [&hellip;]<\/p>\n","protected":false},"author":1,"featured_media":0,"parent":0,"menu_order":0,"comment_status":"closed","ping_status":"closed","template":"","meta":{"footnotes":""},"class_list":["post-88","page","type-page","status-publish","hentry"],"_links":{"self":[{"href":"https:\/\/dboratorio.tokyo\/kawahara\/index.php?rest_route=\/wp\/v2\/pages\/88","targetHints":{"allow":["GET"]}}],"collection":[{"href":"https:\/\/dboratorio.tokyo\/kawahara\/index.php?rest_route=\/wp\/v2\/pages"}],"about":[{"href":"https:\/\/dboratorio.tokyo\/kawahara\/index.php?rest_route=\/wp\/v2\/types\/page"}],"author":[{"embeddable":true,"href":"https:\/\/dboratorio.tokyo\/kawahara\/index.php?rest_route=\/wp\/v2\/users\/1"}],"replies":[{"embeddable":true,"href":"https:\/\/dboratorio.tokyo\/kawahara\/index.php?rest_route=%2Fwp%2Fv2%2Fcomments&post=88"}],"version-history":[{"count":5,"href":"https:\/\/dboratorio.tokyo\/kawahara\/index.php?rest_route=\/wp\/v2\/pages\/88\/revisions"}],"predecessor-version":[{"id":233,"href":"https:\/\/dboratorio.tokyo\/kawahara\/index.php?rest_route=\/wp\/v2\/pages\/88\/revisions\/233"}],"wp:attachment":[{"href":"https:\/\/dboratorio.tokyo\/kawahara\/index.php?rest_route=%2Fwp%2Fv2%2Fmedia&parent=88"}],"curies":[{"name":"wp","href":"https:\/\/api.w.org\/{rel}","templated":true}]}}