{"id":90,"date":"2025-11-07T21:18:20","date_gmt":"2025-11-07T12:18:20","guid":{"rendered":"https:\/\/dboratorio.tokyo\/kawahara\/?page_id=90"},"modified":"2025-12-06T09:53:06","modified_gmt":"2025-12-06T00:53:06","slug":"kinh-sau-dieu-ran","status":"publish","type":"page","link":"https:\/\/dboratorio.tokyo\/kawahara\/?page_id=90","title":{"rendered":"Kinh S\u00e1u \u0110i\u1ec1u R\u0103n"},"content":{"rendered":"\n<pre class=\"wp-block-preformatted\">Kinh S\u00e1u \u0110i\u1ec1u R\u0103n<br><br>H\u1ed9i Th\u00e1nh c\u00f3 s\u00e1u \u0111i\u1ec1u r\u0103n:<br>Th\u1ee9 nh\u1ea5t: D\u00e2ng l\u1ec5 ng\u00e0y Ch\u00faa nh\u1eadt c\u00f9ng c\u00e1c ng\u00e0y l\u1ec5 bu\u1ed9c.<br>Th\u1ee9 hai: Ch\u1edb l\u00e0m vi\u1ec7c x\u00e1c ng\u00e0y Ch\u00faa nh\u1eadt c\u00f9ng c\u00e1c ng\u00e0y l\u1ec5 bu\u1ed9c.<br>Th\u1ee9 ba: X\u01b0ng t\u1ed9i trong m\u1ed9t n\u0103m \u00edt l\u00e0 m\u1ed9t l\u1ea7n.<br>Th\u1ee9 b\u1ed1n: Ch\u1ecbu M\u00ecnh Th\u00e1nh \u0110\u1ee9c Ch\u00faa Gi\u00ea-su trong m\u00f9a Ph\u1ee5c Sinh.<br>Th\u1ee9 n\u0103m: Gi\u1eef chay nh\u1eefng ng\u00e0y H\u1ed9i Th\u00e1nh bu\u1ed9c.<br>Th\u1ee9 s\u00e1u: Ki\u00eang th\u1ecbt ng\u00e0y th\u1ee9 s\u00e1u c\u00f9ng nh\u1eefng ng\u00e0y kh\u00e1c H\u1ed9i Th\u00e1nh d\u1ea1y.<br><\/pre>\n\n\n\n<ul class=\"wp-block-list\">\n<li>76-<a href=\"https:\/\/youtu.be\/bI5UAYExdBE\">H\u1ed9i Th\u00e1nh: \u00d0i\u1ec1u R\u0103n Th\u1ee9 Nh\u1ea5t<\/a><\/li>\n<\/ul>\n\n\n\n<ul class=\"wp-block-list\">\n<li>77-<a href=\"https:\/\/youtu.be\/ld1D9IlGsgA\">H\u1ed9i Th\u00e1nh: \u00d0i\u1ec1u R\u0103n Th\u1ee9 Hai<\/a><\/li>\n<\/ul>\n\n\n\n<ul class=\"wp-block-list\">\n<li>78-<a href=\"https:\/\/youtu.be\/jyOznz1-9IA\">H\u1ed9i Th\u00e1nh: \u00d0i\u1ec1u R\u0103n Th\u1ee9 Ba<\/a><\/li>\n<\/ul>\n\n\n\n<ul class=\"wp-block-list\">\n<li>79-<a href=\"https:\/\/youtu.be\/6QKpbhKLqX0\">H\u1ed9i Th\u00e1nh: \u00d0i\u1ec1u R\u0103n Th\u1ee9 B\u1ed1n<\/a><\/li>\n<\/ul>\n\n\n\n<ul class=\"wp-block-list\">\n<li>80-<a href=\"https:\/\/youtu.be\/mF673bNtqpo\">H\u1ed9i Th\u00e1nh: \u00d0i\u1ec1u R\u0103n Th\u1ee9 N\u0103m<\/a><\/li>\n<\/ul>\n\n\n\n<ul class=\"wp-block-list\">\n<li>81-<a href=\"https:\/\/youtu.be\/3ykGj8fA1Z8\">H\u1ed9i Th\u00e1nh: \u00d0i\u1ec1u R\u0103n Th\u1ee9 S\u00e1u<\/a><\/li>\n<\/ul>\n","protected":false},"excerpt":{"rendered":"<p>Kinh S\u00e1u \u0110i\u1ec1u R\u0103nH\u1ed9i Th\u00e1nh c\u00f3 s\u00e1u \u0111i\u1ec1u r\u0103n:Th\u1ee9 nh\u1ea5t: D\u00e2ng l\u1ec5 ng\u00e0y Ch\u00faa nh\u1eadt c\u00f9ng c\u00e1c ng\u00e0y l\u1ec5 bu\u1ed9c.Th\u1ee9 hai: Ch\u1edb [&hellip;]<\/p>\n","protected":false},"author":1,"featured_media":0,"parent":0,"menu_order":0,"comment_status":"closed","ping_status":"closed","template":"","meta":{"footnotes":""},"class_list":["post-90","page","type-page","status-publish","hentry"],"_links":{"self":[{"href":"https:\/\/dboratorio.tokyo\/kawahara\/index.php?rest_route=\/wp\/v2\/pages\/90","targetHints":{"allow":["GET"]}}],"collection":[{"href":"https:\/\/dboratorio.tokyo\/kawahara\/index.php?rest_route=\/wp\/v2\/pages"}],"about":[{"href":"https:\/\/dboratorio.tokyo\/kawahara\/index.php?rest_route=\/wp\/v2\/types\/page"}],"author":[{"embeddable":true,"href":"https:\/\/dboratorio.tokyo\/kawahara\/index.php?rest_route=\/wp\/v2\/users\/1"}],"replies":[{"embeddable":true,"href":"https:\/\/dboratorio.tokyo\/kawahara\/index.php?rest_route=%2Fwp%2Fv2%2Fcomments&post=90"}],"version-history":[{"count":4,"href":"https:\/\/dboratorio.tokyo\/kawahara\/index.php?rest_route=\/wp\/v2\/pages\/90\/revisions"}],"predecessor-version":[{"id":235,"href":"https:\/\/dboratorio.tokyo\/kawahara\/index.php?rest_route=\/wp\/v2\/pages\/90\/revisions\/235"}],"wp:attachment":[{"href":"https:\/\/dboratorio.tokyo\/kawahara\/index.php?rest_route=%2Fwp%2Fv2%2Fmedia&parent=90"}],"curies":[{"name":"wp","href":"https:\/\/api.w.org\/{rel}","templated":true}]}}