{"id":92,"date":"2025-11-07T21:19:02","date_gmt":"2025-11-07T12:19:02","guid":{"rendered":"https:\/\/dboratorio.tokyo\/kawahara\/?page_id=92"},"modified":"2025-12-06T09:54:46","modified_gmt":"2025-12-06T00:54:46","slug":"kinh-bay-phep-bi-tich","status":"publish","type":"page","link":"https:\/\/dboratorio.tokyo\/kawahara\/?page_id=92","title":{"rendered":"Kinh B\u1ea3y Ph\u00e9p B\u00ed T\u00edch"},"content":{"rendered":"\n<pre class=\"wp-block-preformatted\">Kinh B\u1ea3y Ph\u00e9p B\u00ed T\u00edch<br><br>\u0110\u1ea1o \u0110\u1ee9c Ch\u00faa Ch\u00faa Tr\u1eddi c\u00f3 b\u1ea3y ph\u00e9p B\u00ed T\u00edch:<br>Th\u1ee9 nh\u1ea5t l\u00e0 ph\u00e9p R\u1eeda T\u1ed9i.<br>Th\u1ee9 hai l\u00e0 ph\u00e9p Th\u00eam S\u1ee9c.<br>Th\u1ee9 ba l\u00e0 ph\u00e9p M\u00ecnh Th\u00e1nh Ch\u00faa.<br>Th\u1ee9 b\u1ed1n l\u00e0 ph\u00e9p Gi\u1ea3i T\u1ed9i.<br>Th\u1ee9 n\u0103m l\u00e0 ph\u00e9p X\u1ee9c D\u1ea7u Th\u00e1nh.<br>Th\u1ee9 s\u00e1u l\u00e0 ph\u00e9p Truy\u1ec1n Ch\u1ee9c Th\u00e1nh.<br>Th\u1ee9 b\u1ea3y l\u00e0 ph\u00e9p H\u00f4n Ph\u1ed1i.<br><\/pre>\n\n\n\n<ul class=\"wp-block-list\">\n<li>82-<a href=\"https:\/\/youtu.be\/9SDXQqOuhcs\">B\u00ed T\u00edch R\u1eeda T\u1ed9i<\/a><\/li>\n<\/ul>\n\n\n\n<ul class=\"wp-block-list\">\n<li>83-<a href=\"https:\/\/youtu.be\/npaOWoxd0_Q\">B\u00ed T\u00edch Th\u00eam S\u1ee9c<\/a><\/li>\n<\/ul>\n\n\n\n<ul class=\"wp-block-list\">\n<li>84-<a href=\"https:\/\/youtu.be\/HPpEerKb6HA\">B\u00ed T\u00edch Th\u00e1nh Th\u1ec3<\/a><\/li>\n<\/ul>\n\n\n\n<ul class=\"wp-block-list\">\n<li>85-<a href=\"https:\/\/youtu.be\/r8OeAuFY08o\">B\u00ed T\u00edch Th\u1ed1ng H\u1ed1i v\u00e0 Giao H\u00f2a<\/a><\/li>\n<\/ul>\n\n\n\n<ul class=\"wp-block-list\">\n<li>86-<a href=\"https:\/\/youtu.be\/pVUUpJOcu5E\">B\u00ed T\u00edch X\u1ee9c D\u1ea7u B\u1ec7nh Nh\u00e2n<\/a><\/li>\n<\/ul>\n\n\n\n<ul class=\"wp-block-list\">\n<li>87-<a href=\"https:\/\/youtu.be\/TZCIcBalJpU\">B\u00ed T\u00edch Truy\u1ec1n Ch\u1ee9c Th\u00e1nh<\/a><\/li>\n<\/ul>\n\n\n\n<ul class=\"wp-block-list\">\n<li>88-<a href=\"https:\/\/youtu.be\/oLjH7AQRKIY\">B\u00ed T\u00edch H\u00f4n Ph\u1ed1i<\/a><\/li>\n<\/ul>\n\n\n\n<ul class=\"wp-block-list\"><\/ul>\n\n\n\n<p>\u2605 89-<a href=\"https:\/\/youtu.be\/zLHGFPhC3Tw\">B\u1ea3y Ph\u00e9p B\u00ed T\u00edch<\/a> &#8211; t\u00f3m l\u01b0\u1ee3c<\/p>\n","protected":false},"excerpt":{"rendered":"<p>Kinh B\u1ea3y Ph\u00e9p B\u00ed T\u00edch\u0110\u1ea1o \u0110\u1ee9c Ch\u00faa Ch\u00faa Tr\u1eddi c\u00f3 b\u1ea3y ph\u00e9p B\u00ed T\u00edch:Th\u1ee9 nh\u1ea5t l\u00e0 ph\u00e9p R\u1eeda T\u1ed9i.Th\u1ee9 hai l\u00e0 ph\u00e9p Th\u00eam  [&hellip;]<\/p>\n","protected":false},"author":1,"featured_media":0,"parent":0,"menu_order":0,"comment_status":"closed","ping_status":"closed","template":"","meta":{"footnotes":""},"class_list":["post-92","page","type-page","status-publish","hentry"],"_links":{"self":[{"href":"https:\/\/dboratorio.tokyo\/kawahara\/index.php?rest_route=\/wp\/v2\/pages\/92","targetHints":{"allow":["GET"]}}],"collection":[{"href":"https:\/\/dboratorio.tokyo\/kawahara\/index.php?rest_route=\/wp\/v2\/pages"}],"about":[{"href":"https:\/\/dboratorio.tokyo\/kawahara\/index.php?rest_route=\/wp\/v2\/types\/page"}],"author":[{"embeddable":true,"href":"https:\/\/dboratorio.tokyo\/kawahara\/index.php?rest_route=\/wp\/v2\/users\/1"}],"replies":[{"embeddable":true,"href":"https:\/\/dboratorio.tokyo\/kawahara\/index.php?rest_route=%2Fwp%2Fv2%2Fcomments&post=92"}],"version-history":[{"count":5,"href":"https:\/\/dboratorio.tokyo\/kawahara\/index.php?rest_route=\/wp\/v2\/pages\/92\/revisions"}],"predecessor-version":[{"id":237,"href":"https:\/\/dboratorio.tokyo\/kawahara\/index.php?rest_route=\/wp\/v2\/pages\/92\/revisions\/237"}],"wp:attachment":[{"href":"https:\/\/dboratorio.tokyo\/kawahara\/index.php?rest_route=%2Fwp%2Fv2%2Fmedia&parent=92"}],"curies":[{"name":"wp","href":"https:\/\/api.w.org\/{rel}","templated":true}]}}