{"id":98,"date":"2025-11-07T21:21:33","date_gmt":"2025-11-07T12:21:33","guid":{"rendered":"https:\/\/dboratorio.tokyo\/kawahara\/?page_id=98"},"modified":"2025-12-06T07:31:04","modified_gmt":"2025-12-05T22:31:04","slug":"giao-ly-hon-nhan-2","status":"publish","type":"page","link":"https:\/\/dboratorio.tokyo\/kawahara\/?page_id=98","title":{"rendered":"Gi\u00e1o L\u00fd H\u00f4n Nh\u00e2n 1"},"content":{"rendered":"\n<ul class=\"wp-block-list\">\n<li>28-<a href=\"https:\/\/youtu.be\/_0pHUntkAzk\">\u01a0n g\u1ecdi h\u00f4n nh\u00e2n<\/a><\/li>\n<\/ul>\n\n\n\n<ul class=\"wp-block-list\">\n<li>29-<a href=\"https:\/\/youtu.be\/CIfnk36rRg8\">H\u00f4n nh\u00e2n C\u00f4ng gi\u00e1o<\/a><\/li>\n<\/ul>\n\n\n\n<ul class=\"wp-block-list\">\n<li>30-<a href=\"https:\/\/youtu.be\/3hlDNHcd_LI\">Gi\u00e1o lu\u1eadt v\u1ec1 B\u00ed t\u00edch H\u00f4n ph\u1ed1i<\/a><\/li>\n<\/ul>\n\n\n\n<ul class=\"wp-block-list\">\n<li>31-<a href=\"https:\/\/youtu.be\/_A-U--l-9dg\">H\u00f4n nh\u00e2n kh\u00e1c t\u00f4n gi\u00e1o<\/a><\/li>\n<\/ul>\n\n\n\n<ul class=\"wp-block-list\">\n<li>32-<a href=\"https:\/\/youtu.be\/RgAt1LTvkCo\">H\u00f4n nh\u00e2n kh\u00e1c t\u00f4n gi\u00e1o 2<\/a><\/li>\n<\/ul>\n\n\n\n<ul class=\"wp-block-list\">\n<li>33-<a href=\"https:\/\/youtu.be\/bf6znudx6Vw\">Sinh con c\u00f3 tr\u00e1ch nhi\u1ec7m<\/a><\/li>\n<\/ul>\n\n\n\n<ul class=\"wp-block-list\">\n<li>34-<a href=\"https:\/\/youtu.be\/RJUR8bBI_ic\">Gia \u0111\u00ecnh l\u00e0 H\u1ed9i Th\u00e1nh t\u1ea1i gia<\/a><\/li>\n<\/ul>\n\n\n\n<ul class=\"wp-block-list\">\n<li>35-<a href=\"https:\/\/youtu.be\/OA7lxp8iC_Q\">C\u1ea7u nguy\u1ec7n trong gia \u0111\u00ecnh<\/a><\/li>\n<\/ul>\n\n\n\n<ul class=\"wp-block-list\">\n<li>36-<a href=\"https:\/\/youtu.be\/444UIAW3j6o\">Gi\u00e1o d\u1ee5c con c\u00e1i<\/a><\/li>\n<\/ul>\n\n\n\n<ul class=\"wp-block-list\">\n<li>37-<a href=\"https:\/\/youtu.be\/ClzAUADVx1o\">Th\u1ee5 Tinh Nh\u00e2n T\u1ea1o<\/a><\/li>\n<\/ul>\n\n\n\n<p><\/p>\n","protected":false},"excerpt":{"rendered":"","protected":false},"author":1,"featured_media":0,"parent":0,"menu_order":0,"comment_status":"closed","ping_status":"closed","template":"","meta":{"footnotes":""},"class_list":["post-98","page","type-page","status-publish","hentry"],"_links":{"self":[{"href":"https:\/\/dboratorio.tokyo\/kawahara\/index.php?rest_route=\/wp\/v2\/pages\/98","targetHints":{"allow":["GET"]}}],"collection":[{"href":"https:\/\/dboratorio.tokyo\/kawahara\/index.php?rest_route=\/wp\/v2\/pages"}],"about":[{"href":"https:\/\/dboratorio.tokyo\/kawahara\/index.php?rest_route=\/wp\/v2\/types\/page"}],"author":[{"embeddable":true,"href":"https:\/\/dboratorio.tokyo\/kawahara\/index.php?rest_route=\/wp\/v2\/users\/1"}],"replies":[{"embeddable":true,"href":"https:\/\/dboratorio.tokyo\/kawahara\/index.php?rest_route=%2Fwp%2Fv2%2Fcomments&post=98"}],"version-history":[{"count":5,"href":"https:\/\/dboratorio.tokyo\/kawahara\/index.php?rest_route=\/wp\/v2\/pages\/98\/revisions"}],"predecessor-version":[{"id":225,"href":"https:\/\/dboratorio.tokyo\/kawahara\/index.php?rest_route=\/wp\/v2\/pages\/98\/revisions\/225"}],"wp:attachment":[{"href":"https:\/\/dboratorio.tokyo\/kawahara\/index.php?rest_route=%2Fwp%2Fv2%2Fmedia&parent=98"}],"curies":[{"name":"wp","href":"https:\/\/api.w.org\/{rel}","templated":true}]}}